{"id":9,"date":"2021-01-19T18:47:04","date_gmt":"2021-01-19T17:47:04","guid":{"rendered":"https:\/\/zeit.reise\/community\/?page_id=9"},"modified":"2022-01-13T20:29:23","modified_gmt":"2022-01-13T19:29:23","slug":"ueber-uns","status":"publish","type":"page","link":"https:\/\/zeit.reise\/staging\/ueber-uns\/","title":{"rendered":"\u00dcber uns"},"content":{"rendered":"<p><\/p>\n\n\n<\/p>\n<h1><strong>\u00dcber uns<\/strong>&nbsp;<\/h1>\n<p>\n\n\n<p><\/p>\n<p><\/p>\n\n\n<\/p>\n<p>ZEIT.REISE &#8211; Exploring Planet Earth&nbsp;<\/p>\n<p>\n\n\n<p><\/p>\n<p><\/p>\n\n\n<\/p>\n<h1>Das Kostbarste und Sch\u00f6nste im Leben&nbsp;&#8211;&nbsp;meine ZEIT meine REISE&nbsp;<\/h1>\n<p><\/p>\n<h2>\n\n\n\n<h2><\/h2>\n\n\n<\/h2>\n<p><\/p>\n<h2>meine&nbsp;ZEIT&nbsp;<\/h2>\n<p>\n\n\n<p><\/p>\n<p><\/p>\n\n\n<\/p>\n<p>Wir haben nur ein&nbsp;Leben und dieses ist zeitlich begrenzt.&nbsp;Daher ist Zeit, abgesehen von&nbsp;unserer Gesundheit, das&nbsp;Kostbarste&nbsp;jedes Menschen.&nbsp;Seinem Leben, neben Familie,&nbsp;Freunden und Beruf&nbsp;einen Sinn&nbsp;zu geben&nbsp;und Ziele zu verfolgen, ist es das&nbsp; Au\u00dfergew\u00f6hnliche,&nbsp;dass&nbsp;unser Leben aufregend und einzigartig macht.&nbsp;<\/p>\n<p>\n\n\n<p><\/p>\n<p><\/p>\n\n\n<\/p>\n<h2>meine REISE&nbsp;<\/h2>\n<p>\n\n\n<p><\/p>\n<p><\/p>\n\n\n<\/p>\n<p>F\u00fcr uns ist das Au\u00dfergew\u00f6hnliche das Erforschen unseres Planeten Erde. Orte&nbsp;erkunden,&nbsp; Menschen&nbsp;kennenlernen,&nbsp;oder einfach die Zeit unterwegs genie\u00dfen.&nbsp;Die Erlebnisse und&nbsp; Abenteuer jeder Reise sind einzigartig und unvergleichlich mit dem Alltag.&nbsp;&nbsp;<\/p>\n<p>\n\n\n<p><\/p>\n<p><\/p>\n\n\n<\/p>\n<p>Das wahre Abenteuer&nbsp;&#8211;&nbsp;Genie\u00dfe die Zeit und erforsche den Planeten Erde&nbsp;<\/p>\n<p>\n\n\n<p><\/p>\n<p><\/p>\n\n\n<\/p>\n<h3><strong>ZEIT.REISE<\/strong><strong>&nbsp;&#8211;<\/strong><strong>&nbsp;unsere<\/strong><strong>&nbsp;Aufgabe unser Service<\/strong>&nbsp;<\/h3>\n<p>\n\n\n<p><\/p>\n<p><\/p>\n\n\n<\/p>\n<p>ZEIT.REISE versteht sich als&nbsp;Plattform f\u00fcr Menschen,&nbsp;die wie wir mit dem Reisefieber geboren wurden und unsere Einstellung&nbsp;zum nachhaltigen Reisen&nbsp;teilen.&nbsp;Egal ob Weltenbummler,&nbsp;Auszeitnehmer,&nbsp;Urlaubsreisende, Kurztripmacher,&nbsp;Sofa Surfers&nbsp;oder&nbsp;einfach&nbsp;am Reisen interessierte Menschen.&nbsp;<\/p>\n<p>\n\n\n<p><\/p>\n<p><\/p>\n\n\n<\/p>\n<p>Das Reisen findet in 3 Phasen statt, 1. die Vorfreude und Reiseplanung, 2. die Reise, 3. die Erinnerung und Verarbeitung der Reise. Unsere drei Rubriken&nbsp;unterst\u00fctzen in allen 3 Phasen. Wir verstehen uns als Reisebegleiter und Ort f\u00fcr Hilfe und zum Teilen eigener Erfahrungen.&nbsp;<\/p>\n<p>\n\n\n<p><\/p>\n<p><\/p>\n\n\n<\/p>\n<p><strong>Base camp<\/strong>&nbsp;<\/p>\n<p>\n\n\n<p><\/p>\n<p><\/p>\n\n\n<\/p>\n<p>Das Base&nbsp;Camp versteht sich als Knowledge&nbsp;base, eine&nbsp;Wissensdatenbank mit&nbsp; relevanten&nbsp;Informationen&nbsp;rund um das Reisen, Ausr\u00fcstung, Termine etc.&nbsp;&nbsp;&nbsp;<\/p>\n<p>\n\n\n<p><\/p>\n<p><\/p>\n\n\n<\/p>\n<p><strong>Community<\/strong>&nbsp;<\/p>\n<p>\n\n\n<p><\/p>\n<p><\/p>\n\n\n<\/p>\n<p>Der Community Bereich und die&nbsp;Social&nbsp;Media Kan\u00e4le bieten&nbsp;uns&nbsp;die M\u00f6glichkeit&nbsp;uns&nbsp; untereinander&nbsp;auszutauschen, Erfahrungen zu teilen, Fragen zu stellen, eigene L\u00f6sungen&nbsp; vorzustellen&nbsp;uvm. &nbsp;&nbsp;<\/p>\n<p>\n\n\n<p><\/p>\n<p><\/p>\n\n\n<\/p>\n<p><strong>Shop<\/strong>&nbsp;<\/p>\n<p>\n\n\n<p><\/p>\n<p><\/p>\n\n\n<\/p>\n<p>Unser Shop wird Produkte beinhalten, von welchen wir absolut \u00fcberzeugt sind, hohe&nbsp; Qualit\u00e4tsanspr\u00fcche erf\u00fcllen und nach M\u00f6glichkeit nachhaltig produziert und verpackt&nbsp; sind.&nbsp;<\/p>\n<p>\n\n\n<p><\/p>\n<p><\/p>\n\n\n<\/p>\n<p><strong>ZEIT.REISE &#8211; unsere&nbsp;<\/strong><strong>Einstellung<\/strong><strong>&nbsp;unser Motto<\/strong>&nbsp;<\/p>\n<p>\n\n\n<p><\/p>\n<p><\/p>\n\n\n<\/p>\n<p><strong>Z<\/strong><strong>eit \u2013 Reisen &#8211; Leben<\/strong>&nbsp;<\/p>\n<p>\n\n\n<p><\/p>\n<p><\/p>\n\n\n<\/p>\n<p>Die Welt erkunden, dem Drang nach Drau\u00dfen&nbsp;folgen,&nbsp;das&nbsp;Abenteuer&nbsp;suchen,&nbsp;dem&nbsp;Sternenhimmel&nbsp;erliegen, kulinarische H\u00f6hepunkte genie\u00dfen, die Natur bestaunen, neue Pl\u00e4tze erforschen, das Leben erleben.&nbsp;<\/p>\n<p>\n\n\n<p><\/p>\n<p><\/p>\n\n\n<\/p>\n<p>Egal in welchem Lebensabschnitt, Budget oder Motiven, die Berufung, die Lebenseinstellung&nbsp;verbindet.&nbsp;&nbsp;<\/p>\n<p>\n\n\n<p><\/p>\n<p><\/p>\n\n\n<\/p>\n<p><strong>Das Abenteuer ist drau\u00dfen<\/strong>&nbsp;<\/p>\n<p>\n\n\n<p><\/p>\n<p><\/p>\n\n\n<\/p>\n<p>Die Abenteuer des Lebens finden drau\u00dfen statt.&nbsp;Wir fokussieren uns daher auf Outdoor Aktivit\u00e4ten und Verkehrsmittel um&nbsp;die sch\u00f6nsten Pl\u00e4tze zu&nbsp;erreichen.&nbsp;&nbsp;<\/p>\n<p>\n\n\n<p><\/p>\n<p><\/p>\n\n\n<\/p>\n<p>Ob&nbsp;Bergsteigen&nbsp;(in&nbsp;Neudeutsch&nbsp;Mountaineering),&nbsp;Fahrrad&nbsp;fahren, Fischen, Kanu&nbsp;fahren, Klettern,&nbsp;Laufen,&nbsp;Mountain&nbsp;Biken, Motorrad&nbsp;fahren, Paddeln, Segeln, Surfen,&nbsp;Trekking,&nbsp;bis zum&nbsp;Schwammerl- und Heidelbeersuchen,&nbsp;usw.&nbsp;alle sind herzlich in der&nbsp;ZEIT.REISE&nbsp;Community willkommen.&nbsp;<\/p>\n<p>\n\n\n<p><\/p>\n<p><\/p>\n\n\n<\/p>\n<p><strong>Ein perfekter Tag&nbsp;<\/strong><strong>f\u00fcr uns<\/strong>&nbsp;<\/p>\n<p>\n\n\n<p><\/p>\n<p><\/p>\n\n\n<\/p>\n<p>Fr\u00fchst\u00fcck im Freien, Kaffee vom offenen Feuer um nach k\u00fchler Nacht die Reisegeister wieder zu wecken, dazu M\u00fcsli oder Speck mit Bohnen.&nbsp;&nbsp;<\/p>\n<p>\n\n\n<p><\/p>\n<p><\/p>\n\n\n<\/p>\n<p>Der Tag muss aktiv gestaltet sein. Erkundungen in der Umgebung, eine Bergtour, eine Mountain Bike Tour,&nbsp;Boots-&nbsp;Segel-&nbsp;oder&nbsp;Surf Trip,&nbsp;Besichtigungen&nbsp;etc. Hin und wieder auch ein Tag&nbsp;zum Chillen und Entspannen&#8230;&nbsp;<\/p>\n<p>\n\n\n<p><\/p>\n<p><\/p>\n\n\n<\/p>\n<p>Den Abend genie\u00dfen wir am liebsten wieder unter freiem Himmel am offenen Feuer. Perfekt ist zum&nbsp;Abendessen&nbsp;selbst gefangener Fisch&nbsp;oder&nbsp;ein lokales Gericht selbst zubereitet. Dazu auch gerne eine lokale Bierspezialit\u00e4t oder Gl\u00e4schen Wein.&nbsp;<\/p>\n<p>\n\n\n<p><\/p>\n<p><\/p>\n\n\n<\/p>\n<p>Urlaub machen andere.<\/p>\n<p>\n\n\n<p><\/p>","protected":false},"excerpt":{"rendered":"<p>\u00dcber uns&nbsp; ZEIT.REISE &#8211; Exploring Planet Earth&nbsp; Das Kostbarste und Sch\u00f6nste im Leben&nbsp;&#8211;&nbsp;meine ZEIT meine REISE&nbsp; meine&nbsp;ZEIT&nbsp; Wir haben nur ein&nbsp;Leben und dieses ist zeitlich begrenzt.&nbsp;Daher ist Zeit, abgesehen von&nbsp;unserer Gesundheit, das&nbsp;Kostbarste&nbsp;jedes Menschen.&nbsp;Seinem Leben, neben Familie,&nbsp;Freunden und Beruf&nbsp;einen Sinn&nbsp;zu geben&nbsp;und Ziele zu verfolgen, ist es das&nbsp; Au\u00dfergew\u00f6hnliche,&nbsp;dass&nbsp;unser Leben aufregend und einzigartig macht.&nbsp; meine REISE&nbsp; F\u00fcr [&hellip;]<\/p>\n","protected":false},"author":1,"featured_media":0,"parent":0,"menu_order":0,"comment_status":"closed","ping_status":"closed","template":"","meta":{"footnotes":""},"class_list":["post-9","page","type-page","status-publish","hentry"],"yoast_head":"<!-- This site is optimized with the Yoast SEO plugin v26.6 - https:\/\/yoast.com\/wordpress\/plugins\/seo\/ -->\n<title>\u00dcber uns - ZEIT.REISE<\/title>\n<meta name=\"robots\" content=\"noindex, follow, max-snippet:-1, max-image-preview:large, max-video-preview:-1\" \/>\n<meta property=\"og:locale\" content=\"en_US\" \/>\n<meta property=\"og:type\" content=\"article\" \/>\n<meta property=\"og:title\" content=\"\u00dcber uns - ZEIT.REISE\" \/>\n<meta property=\"og:description\" content=\"\u00dcber uns&nbsp; ZEIT.REISE &#8211; Exploring Planet Earth&nbsp; Das Kostbarste und Sch\u00f6nste im Leben&nbsp;&#8211;&nbsp;meine ZEIT meine REISE&nbsp; meine&nbsp;ZEIT&nbsp; Wir haben nur ein&nbsp;Leben und dieses ist zeitlich begrenzt.&nbsp;Daher ist Zeit, abgesehen von&nbsp;unserer Gesundheit, das&nbsp;Kostbarste&nbsp;jedes Menschen.&nbsp;Seinem Leben, neben Familie,&nbsp;Freunden und Beruf&nbsp;einen Sinn&nbsp;zu geben&nbsp;und Ziele zu verfolgen, ist es das&nbsp; Au\u00dfergew\u00f6hnliche,&nbsp;dass&nbsp;unser Leben aufregend und einzigartig macht.&nbsp; meine REISE&nbsp; F\u00fcr [&hellip;]\" \/>\n<meta property=\"og:url\" content=\"https:\/\/zeit.reise\/staging\/ueber-uns\/\" \/>\n<meta property=\"og:site_name\" content=\"ZEIT.REISE\" \/>\n<meta property=\"article:publisher\" content=\"https:\/\/www.facebook.com\/meineZEITmeineREISE\/\" \/>\n<meta property=\"article:modified_time\" content=\"2022-01-13T19:29:23+00:00\" \/>\n<meta name=\"twitter:card\" content=\"summary_large_image\" \/>\n<meta name=\"twitter:site\" content=\"@zeit_reise\" \/>\n<meta name=\"twitter:label1\" content=\"Est. reading time\" \/>\n\t<meta name=\"twitter:data1\" content=\"3 minutes\" \/>\n<script type=\"application\/ld+json\" class=\"yoast-schema-graph\">{\"@context\":\"https:\/\/schema.org\",\"@graph\":[{\"@type\":\"WebPage\",\"@id\":\"https:\/\/zeit.reise\/staging\/ueber-uns\/\",\"url\":\"https:\/\/zeit.reise\/staging\/ueber-uns\/\",\"name\":\"\u00dcber uns - ZEIT.REISE\",\"isPartOf\":{\"@id\":\"https:\/\/zeit.reise\/staging\/#website\"},\"datePublished\":\"2021-01-19T17:47:04+00:00\",\"dateModified\":\"2022-01-13T19:29:23+00:00\",\"breadcrumb\":{\"@id\":\"https:\/\/zeit.reise\/staging\/ueber-uns\/#breadcrumb\"},\"inLanguage\":\"en-US\",\"potentialAction\":[{\"@type\":\"ReadAction\",\"target\":[\"https:\/\/zeit.reise\/staging\/ueber-uns\/\"]}]},{\"@type\":\"BreadcrumbList\",\"@id\":\"https:\/\/zeit.reise\/staging\/ueber-uns\/#breadcrumb\",\"itemListElement\":[{\"@type\":\"ListItem\",\"position\":1,\"name\":\"Home\",\"item\":\"https:\/\/zeit.reise\/staging\/\"},{\"@type\":\"ListItem\",\"position\":2,\"name\":\"\u00dcber uns\"}]},{\"@type\":\"WebSite\",\"@id\":\"https:\/\/zeit.reise\/staging\/#website\",\"url\":\"https:\/\/zeit.reise\/staging\/\",\"name\":\"ZEIT.REISE\",\"description\":\"Exploring Planet Earth\",\"publisher\":{\"@id\":\"https:\/\/zeit.reise\/staging\/#organization\"},\"potentialAction\":[{\"@type\":\"SearchAction\",\"target\":{\"@type\":\"EntryPoint\",\"urlTemplate\":\"https:\/\/zeit.reise\/staging\/?s={search_term_string}\"},\"query-input\":{\"@type\":\"PropertyValueSpecification\",\"valueRequired\":true,\"valueName\":\"search_term_string\"}}],\"inLanguage\":\"en-US\"},{\"@type\":\"Organization\",\"@id\":\"https:\/\/zeit.reise\/staging\/#organization\",\"name\":\"ZEIT.REISE\",\"url\":\"https:\/\/zeit.reise\/staging\/\",\"logo\":{\"@type\":\"ImageObject\",\"inLanguage\":\"en-US\",\"@id\":\"https:\/\/zeit.reise\/staging\/#\/schema\/logo\/image\/\",\"url\":\"https:\/\/zeit.reise\/staging\/wp-content\/uploads\/2021\/11\/ZeitReise_Logo_RGB.png\",\"contentUrl\":\"https:\/\/zeit.reise\/staging\/wp-content\/uploads\/2021\/11\/ZeitReise_Logo_RGB.png\",\"width\":4215,\"height\":3887,\"caption\":\"ZEIT.REISE\"},\"image\":{\"@id\":\"https:\/\/zeit.reise\/staging\/#\/schema\/logo\/image\/\"},\"sameAs\":[\"https:\/\/www.facebook.com\/meineZEITmeineREISE\/\",\"https:\/\/x.com\/zeit_reise\",\"https:\/\/www.instagram.com\/zeit.reise_\/\",\"https:\/\/www.pinterest.at\/zeit_reise\/\",\"https:\/\/www.youtube.com\/channel\/UCYXUOAgpto2yntxx2TFronQ\"]}]}<\/script>\n<!-- \/ Yoast SEO plugin. -->","yoast_head_json":{"title":"\u00dcber uns - ZEIT.REISE","robots":{"index":"noindex","follow":"follow","max-snippet":"max-snippet:-1","max-image-preview":"max-image-preview:large","max-video-preview":"max-video-preview:-1"},"og_locale":"en_US","og_type":"article","og_title":"\u00dcber uns - ZEIT.REISE","og_description":"\u00dcber uns&nbsp; ZEIT.REISE &#8211; Exploring Planet Earth&nbsp; Das Kostbarste und Sch\u00f6nste im Leben&nbsp;&#8211;&nbsp;meine ZEIT meine REISE&nbsp; meine&nbsp;ZEIT&nbsp; Wir haben nur ein&nbsp;Leben und dieses ist zeitlich begrenzt.&nbsp;Daher ist Zeit, abgesehen von&nbsp;unserer Gesundheit, das&nbsp;Kostbarste&nbsp;jedes Menschen.&nbsp;Seinem Leben, neben Familie,&nbsp;Freunden und Beruf&nbsp;einen Sinn&nbsp;zu geben&nbsp;und Ziele zu verfolgen, ist es das&nbsp; Au\u00dfergew\u00f6hnliche,&nbsp;dass&nbsp;unser Leben aufregend und einzigartig macht.&nbsp; meine REISE&nbsp; F\u00fcr [&hellip;]","og_url":"https:\/\/zeit.reise\/staging\/ueber-uns\/","og_site_name":"ZEIT.REISE","article_publisher":"https:\/\/www.facebook.com\/meineZEITmeineREISE\/","article_modified_time":"2022-01-13T19:29:23+00:00","twitter_card":"summary_large_image","twitter_site":"@zeit_reise","twitter_misc":{"Est. reading time":"3 minutes"},"schema":{"@context":"https:\/\/schema.org","@graph":[{"@type":"WebPage","@id":"https:\/\/zeit.reise\/staging\/ueber-uns\/","url":"https:\/\/zeit.reise\/staging\/ueber-uns\/","name":"\u00dcber uns - ZEIT.REISE","isPartOf":{"@id":"https:\/\/zeit.reise\/staging\/#website"},"datePublished":"2021-01-19T17:47:04+00:00","dateModified":"2022-01-13T19:29:23+00:00","breadcrumb":{"@id":"https:\/\/zeit.reise\/staging\/ueber-uns\/#breadcrumb"},"inLanguage":"en-US","potentialAction":[{"@type":"ReadAction","target":["https:\/\/zeit.reise\/staging\/ueber-uns\/"]}]},{"@type":"BreadcrumbList","@id":"https:\/\/zeit.reise\/staging\/ueber-uns\/#breadcrumb","itemListElement":[{"@type":"ListItem","position":1,"name":"Home","item":"https:\/\/zeit.reise\/staging\/"},{"@type":"ListItem","position":2,"name":"\u00dcber uns"}]},{"@type":"WebSite","@id":"https:\/\/zeit.reise\/staging\/#website","url":"https:\/\/zeit.reise\/staging\/","name":"ZEIT.REISE","description":"Exploring Planet Earth","publisher":{"@id":"https:\/\/zeit.reise\/staging\/#organization"},"potentialAction":[{"@type":"SearchAction","target":{"@type":"EntryPoint","urlTemplate":"https:\/\/zeit.reise\/staging\/?s={search_term_string}"},"query-input":{"@type":"PropertyValueSpecification","valueRequired":true,"valueName":"search_term_string"}}],"inLanguage":"en-US"},{"@type":"Organization","@id":"https:\/\/zeit.reise\/staging\/#organization","name":"ZEIT.REISE","url":"https:\/\/zeit.reise\/staging\/","logo":{"@type":"ImageObject","inLanguage":"en-US","@id":"https:\/\/zeit.reise\/staging\/#\/schema\/logo\/image\/","url":"https:\/\/zeit.reise\/staging\/wp-content\/uploads\/2021\/11\/ZeitReise_Logo_RGB.png","contentUrl":"https:\/\/zeit.reise\/staging\/wp-content\/uploads\/2021\/11\/ZeitReise_Logo_RGB.png","width":4215,"height":3887,"caption":"ZEIT.REISE"},"image":{"@id":"https:\/\/zeit.reise\/staging\/#\/schema\/logo\/image\/"},"sameAs":["https:\/\/www.facebook.com\/meineZEITmeineREISE\/","https:\/\/x.com\/zeit_reise","https:\/\/www.instagram.com\/zeit.reise_\/","https:\/\/www.pinterest.at\/zeit_reise\/","https:\/\/www.youtube.com\/channel\/UCYXUOAgpto2yntxx2TFronQ"]}]}},"_links":{"self":[{"href":"https:\/\/zeit.reise\/staging\/wp-json\/wp\/v2\/pages\/9","targetHints":{"allow":["GET"]}}],"collection":[{"href":"https:\/\/zeit.reise\/staging\/wp-json\/wp\/v2\/pages"}],"about":[{"href":"https:\/\/zeit.reise\/staging\/wp-json\/wp\/v2\/types\/page"}],"author":[{"embeddable":true,"href":"https:\/\/zeit.reise\/staging\/wp-json\/wp\/v2\/users\/1"}],"replies":[{"embeddable":true,"href":"https:\/\/zeit.reise\/staging\/wp-json\/wp\/v2\/comments?post=9"}],"version-history":[{"count":0,"href":"https:\/\/zeit.reise\/staging\/wp-json\/wp\/v2\/pages\/9\/revisions"}],"wp:attachment":[{"href":"https:\/\/zeit.reise\/staging\/wp-json\/wp\/v2\/media?parent=9"}],"curies":[{"name":"wp","href":"https:\/\/api.w.org\/{rel}","templated":true}]}}