{"id":2460,"date":"2018-02-27T19:45:35","date_gmt":"2018-02-27T18:45:35","guid":{"rendered":"https:\/\/www.no-mads.net\/?page_id=2460"},"modified":"2018-02-27T19:45:35","modified_gmt":"2018-02-27T18:45:35","slug":"toyota-hilux-2-4d-double-cab-gen8","status":"publish","type":"page","link":"https:\/\/zeit.reise\/staging\/beitraege-magazin\/fahrzeuge\/offroad\/toyota-hilux-2-4d-double-cab-gen8\/","title":{"rendered":"Toyota Hilux 2.4D Double Cab 4&#215;4 Generation 8"},"content":{"rendered":"<h3>Unser erster Pick-Up \u2013 Ein Toyota Hilux 2.4D Double Cab 4\u00d74 \u201eLounge\u201c<\/h3>\n<p>Nach langem Warten auf das neue Modell, der 8. Generation des legend\u00e4ren Hilux, war es im J\u00e4nner 2017 soweit und wir bestellten einen nagelneuen Toyota Hilux.<\/p>\n<p>&nbsp;<\/p>\n<p>Link zu unseren <a href=\"https:\/\/www.no-mads.net\/offroad\/toyota-hilux-2-4d-double-cab-gen8\/hilux-2-4d-double-cab\/\">Erfahrungen und Umbauten etc.<\/a><\/p>\n<p>Link zur <a href=\"https:\/\/www.no-mads.net\/offroad\/toyota-hilux-2-4d-double-cab-gen8\/hilux-reparaturen-wartung-maengel\/\">Hilux Reparatur-, M\u00e4ngel- und Wartungsliste<\/a><\/p>\n<h3>Warum ein Pick-Up?<\/h3>\n<p>Bei unserem langj\u00e4hrigen Reisefahrzeug, dem Land Cruiser Pardo J9 Baujahr 2000, ging es mit der sprichw\u00f6rtlichen Zuverl\u00e4ssigkeit die letzten beiden Jahre bergab, au\u00dferdem hatten wir zu viert schon ziemliche Platzprobleme unser Campingequippment zu verstauen, wenn wir auf Reisen gingen.<\/p>\n<h4>Unsere Anforderungen an das neue Fahrzeug waren:<\/h4>\n<ul>\n<li>Alltagstauglichkeit<\/li>\n<li>Platz f\u00fcr vier Personen inkl. Campingausr\u00fcstung, pers\u00f6nlichen Dingen plus Sport und Hobbyausr\u00fcstung<\/li>\n<li>Gute Offroad Eigenschaften<\/li>\n<li>Sicherheit und Sparsamkeit<\/li>\n<li>Erweiterungsm\u00f6glichkeiten (Wohnkabine, Dachzelt, Innenausbau mit K\u00fcche, Wasser etc.)<\/li>\n<li>H\u00f6herer Zuladung ab Werk<\/li>\n<\/ul>\n<p>&nbsp;<\/p>\n<h3>Warum ein Toyota Hilux?<\/h3>\n<ul>\n<li>Aktuellstes Pick-Up Modell am Markt zum Zeitpunkt der Anschaffung<\/li>\n<li>Moderner Motor nach Euro 6 Norm<\/li>\n<li>Sicherheits- und Fahrerassistenzsysteme<\/li>\n<li>Offroad Eigenschaften (zuschaltbarer Allrad, Hinterachsdifferentialsperre, Bodenfreiheit, Bergabfahrassistent..)<\/li>\n<li>Unsere sehr positiven Erfahrungen mit dem Toyota Land Cruiser &#8220;Prado&#8221; J9<\/li>\n<li>Umfangreichstes Sortiment an Zubeh\u00f6r, An- und Umbauteilen (Aftermarket-Teile)<\/li>\n<\/ul>\n<p>&nbsp;<\/p>\n<p>Siehe auch: <a href=\"https:\/\/www.no-mads.net\/offroad\/toyota-hilux-2-4d-double-cab-gen8\/pickup-vergleich-technische-daten\/\">Pick-Up Vergleichstabelle mit technischen Daten, Preisen, Ausstattung<\/a> zu den g\u00e4ngigen Modellen (Ford Ranger, VW Amarok, Nissan Navara, Isuzu D-Max,..)<\/p>\n<p>&nbsp;<\/p>\n<h3>Unser &#8220;Hilux 2.4D Double Cab Lounge 4&#215;4&#8221;<\/h3>\n<h4>Sonderausstattung<\/h4>\n<p>Folgende original Toyota Sonderausstattung haben wir entsprechend der Verf\u00fcgbarkeit in \u00d6sterreich ausgew\u00e4hlt:<\/p>\n<ul>\n<li>Wir entschieden uns f\u00fcr die Ausstattungsvariante &#8220;Lounge&#8221; (Revo, Executive), darin serienm\u00e4\u00dfig enthalten:\n<ul>\n<li>LED Tagfahrlicht und Abblendlicht<\/li>\n<li>18&#8243; Alur\u00e4der<\/li>\n<li>Sitzheizung<\/li>\n<\/ul>\n<\/li>\n<li>Automatikgetriebe 6-Gang<\/li>\n<li>Lederausstattung (1.640,&#8211; \u20ac)<\/li>\n<li>Metalliclackierung (840,&#8211;\u00a0 \u20ac)<\/li>\n<li>Bordwand Dichtset<\/li>\n<li>Anh\u00e4ngerkupplung<\/li>\n<\/ul>\n","protected":false},"excerpt":{"rendered":"<p>Unser erster Pick-Up \u2013 Ein Toyota Hilux 2.4D Double Cab 4\u00d74 \u201eLounge\u201c Nach langem Warten auf das neue Modell, der 8. Generation des legend\u00e4ren Hilux, war es im J\u00e4nner 2017 soweit und wir bestellten einen nagelneuen Toyota Hilux. &nbsp; Link zu unseren Erfahrungen und Umbauten etc. Link zur Hilux Reparatur-, M\u00e4ngel- und Wartungsliste Warum ein [&hellip;]<\/p>\n","protected":false},"author":2,"featured_media":2488,"parent":19,"menu_order":0,"comment_status":"open","ping_status":"closed","template":"","meta":{"footnotes":""},"class_list":["post-2460","page","type-page","status-publish","has-post-thumbnail","hentry"],"yoast_head":"<!-- This site is optimized with the Yoast SEO plugin v26.6 - https:\/\/yoast.com\/wordpress\/plugins\/seo\/ -->\n<title>Toyota Hilux 2.4D Double Cab 4x4 Generation 8 - ZEIT.REISE<\/title>\n<meta name=\"robots\" content=\"noindex, follow, max-snippet:-1, max-image-preview:large, max-video-preview:-1\" \/>\n<meta property=\"og:locale\" content=\"en_US\" \/>\n<meta property=\"og:type\" content=\"article\" \/>\n<meta property=\"og:title\" content=\"Toyota Hilux 2.4D Double Cab 4x4 Generation 8 - ZEIT.REISE\" \/>\n<meta property=\"og:description\" content=\"Unser erster Pick-Up \u2013 Ein Toyota Hilux 2.4D Double Cab 4\u00d74 \u201eLounge\u201c Nach langem Warten auf das neue Modell, der 8. Generation des legend\u00e4ren Hilux, war es im J\u00e4nner 2017 soweit und wir bestellten einen nagelneuen Toyota Hilux. &nbsp; Link zu unseren Erfahrungen und Umbauten etc. Link zur Hilux Reparatur-, M\u00e4ngel- und Wartungsliste Warum ein [&hellip;]\" \/>\n<meta property=\"og:url\" content=\"https:\/\/zeit.reise\/staging\/beitraege-magazin\/fahrzeuge\/offroad\/toyota-hilux-2-4d-double-cab-gen8\/\" \/>\n<meta property=\"og:site_name\" content=\"ZEIT.REISE\" \/>\n<meta property=\"article:publisher\" content=\"https:\/\/www.facebook.com\/meineZEITmeineREISE\/\" \/>\n<meta name=\"twitter:card\" content=\"summary_large_image\" \/>\n<meta name=\"twitter:site\" content=\"@zeit_reise\" \/>\n<meta name=\"twitter:label1\" content=\"Est. reading time\" \/>\n\t<meta name=\"twitter:data1\" content=\"1 minute\" \/>\n<script type=\"application\/ld+json\" class=\"yoast-schema-graph\">{\"@context\":\"https:\/\/schema.org\",\"@graph\":[{\"@type\":\"WebPage\",\"@id\":\"https:\/\/zeit.reise\/staging\/beitraege-magazin\/fahrzeuge\/offroad\/toyota-hilux-2-4d-double-cab-gen8\/\",\"url\":\"https:\/\/zeit.reise\/staging\/beitraege-magazin\/fahrzeuge\/offroad\/toyota-hilux-2-4d-double-cab-gen8\/\",\"name\":\"Toyota Hilux 2.4D Double Cab 4x4 Generation 8 - ZEIT.REISE\",\"isPartOf\":{\"@id\":\"https:\/\/zeit.reise\/staging\/#website\"},\"primaryImageOfPage\":{\"@id\":\"https:\/\/zeit.reise\/staging\/beitraege-magazin\/fahrzeuge\/offroad\/toyota-hilux-2-4d-double-cab-gen8\/#primaryimage\"},\"image\":{\"@id\":\"https:\/\/zeit.reise\/staging\/beitraege-magazin\/fahrzeuge\/offroad\/toyota-hilux-2-4d-double-cab-gen8\/#primaryimage\"},\"thumbnailUrl\":\"\",\"datePublished\":\"2018-02-27T18:45:35+00:00\",\"breadcrumb\":{\"@id\":\"https:\/\/zeit.reise\/staging\/beitraege-magazin\/fahrzeuge\/offroad\/toyota-hilux-2-4d-double-cab-gen8\/#breadcrumb\"},\"inLanguage\":\"en-US\",\"potentialAction\":[{\"@type\":\"ReadAction\",\"target\":[\"https:\/\/zeit.reise\/staging\/beitraege-magazin\/fahrzeuge\/offroad\/toyota-hilux-2-4d-double-cab-gen8\/\"]}]},{\"@type\":\"ImageObject\",\"inLanguage\":\"en-US\",\"@id\":\"https:\/\/zeit.reise\/staging\/beitraege-magazin\/fahrzeuge\/offroad\/toyota-hilux-2-4d-double-cab-gen8\/#primaryimage\",\"url\":\"\",\"contentUrl\":\"\"},{\"@type\":\"BreadcrumbList\",\"@id\":\"https:\/\/zeit.reise\/staging\/beitraege-magazin\/fahrzeuge\/offroad\/toyota-hilux-2-4d-double-cab-gen8\/#breadcrumb\",\"itemListElement\":[{\"@type\":\"ListItem\",\"position\":1,\"name\":\"Home\",\"item\":\"https:\/\/zeit.reise\/staging\/\"},{\"@type\":\"ListItem\",\"position\":2,\"name\":\"Beitr\u00e4ge | Magazin\",\"item\":\"https:\/\/zeit.reise\/staging\/beitraege-magazin\/\"},{\"@type\":\"ListItem\",\"position\":3,\"name\":\"Fahrzeug | Fortbewegung\",\"item\":\"https:\/\/zeit.reise\/staging\/beitraege-magazin\/fahrzeuge\/\"},{\"@type\":\"ListItem\",\"position\":4,\"name\":\"Fahrzeuge\",\"item\":\"https:\/\/zeit.reise\/staging\/beitraege-magazin\/fahrzeuge\/offroad\/\"},{\"@type\":\"ListItem\",\"position\":5,\"name\":\"Toyota Hilux 2.4D Double Cab 4&#215;4 Generation 8\"}]},{\"@type\":\"WebSite\",\"@id\":\"https:\/\/zeit.reise\/staging\/#website\",\"url\":\"https:\/\/zeit.reise\/staging\/\",\"name\":\"ZEIT.REISE\",\"description\":\"Exploring Planet Earth\",\"publisher\":{\"@id\":\"https:\/\/zeit.reise\/staging\/#organization\"},\"potentialAction\":[{\"@type\":\"SearchAction\",\"target\":{\"@type\":\"EntryPoint\",\"urlTemplate\":\"https:\/\/zeit.reise\/staging\/?s={search_term_string}\"},\"query-input\":{\"@type\":\"PropertyValueSpecification\",\"valueRequired\":true,\"valueName\":\"search_term_string\"}}],\"inLanguage\":\"en-US\"},{\"@type\":\"Organization\",\"@id\":\"https:\/\/zeit.reise\/staging\/#organization\",\"name\":\"ZEIT.REISE\",\"url\":\"https:\/\/zeit.reise\/staging\/\",\"logo\":{\"@type\":\"ImageObject\",\"inLanguage\":\"en-US\",\"@id\":\"https:\/\/zeit.reise\/staging\/#\/schema\/logo\/image\/\",\"url\":\"https:\/\/zeit.reise\/staging\/wp-content\/uploads\/2021\/11\/ZeitReise_Logo_RGB.png\",\"contentUrl\":\"https:\/\/zeit.reise\/staging\/wp-content\/uploads\/2021\/11\/ZeitReise_Logo_RGB.png\",\"width\":4215,\"height\":3887,\"caption\":\"ZEIT.REISE\"},\"image\":{\"@id\":\"https:\/\/zeit.reise\/staging\/#\/schema\/logo\/image\/\"},\"sameAs\":[\"https:\/\/www.facebook.com\/meineZEITmeineREISE\/\",\"https:\/\/x.com\/zeit_reise\",\"https:\/\/www.instagram.com\/zeit.reise_\/\",\"https:\/\/www.pinterest.at\/zeit_reise\/\",\"https:\/\/www.youtube.com\/channel\/UCYXUOAgpto2yntxx2TFronQ\"]}]}<\/script>\n<!-- \/ Yoast SEO plugin. -->","yoast_head_json":{"title":"Toyota Hilux 2.4D Double Cab 4x4 Generation 8 - ZEIT.REISE","robots":{"index":"noindex","follow":"follow","max-snippet":"max-snippet:-1","max-image-preview":"max-image-preview:large","max-video-preview":"max-video-preview:-1"},"og_locale":"en_US","og_type":"article","og_title":"Toyota Hilux 2.4D Double Cab 4x4 Generation 8 - ZEIT.REISE","og_description":"Unser erster Pick-Up \u2013 Ein Toyota Hilux 2.4D Double Cab 4\u00d74 \u201eLounge\u201c Nach langem Warten auf das neue Modell, der 8. Generation des legend\u00e4ren Hilux, war es im J\u00e4nner 2017 soweit und wir bestellten einen nagelneuen Toyota Hilux. &nbsp; Link zu unseren Erfahrungen und Umbauten etc. Link zur Hilux Reparatur-, M\u00e4ngel- und Wartungsliste Warum ein [&hellip;]","og_url":"https:\/\/zeit.reise\/staging\/beitraege-magazin\/fahrzeuge\/offroad\/toyota-hilux-2-4d-double-cab-gen8\/","og_site_name":"ZEIT.REISE","article_publisher":"https:\/\/www.facebook.com\/meineZEITmeineREISE\/","twitter_card":"summary_large_image","twitter_site":"@zeit_reise","twitter_misc":{"Est. reading time":"1 minute"},"schema":{"@context":"https:\/\/schema.org","@graph":[{"@type":"WebPage","@id":"https:\/\/zeit.reise\/staging\/beitraege-magazin\/fahrzeuge\/offroad\/toyota-hilux-2-4d-double-cab-gen8\/","url":"https:\/\/zeit.reise\/staging\/beitraege-magazin\/fahrzeuge\/offroad\/toyota-hilux-2-4d-double-cab-gen8\/","name":"Toyota Hilux 2.4D Double Cab 4x4 Generation 8 - ZEIT.REISE","isPartOf":{"@id":"https:\/\/zeit.reise\/staging\/#website"},"primaryImageOfPage":{"@id":"https:\/\/zeit.reise\/staging\/beitraege-magazin\/fahrzeuge\/offroad\/toyota-hilux-2-4d-double-cab-gen8\/#primaryimage"},"image":{"@id":"https:\/\/zeit.reise\/staging\/beitraege-magazin\/fahrzeuge\/offroad\/toyota-hilux-2-4d-double-cab-gen8\/#primaryimage"},"thumbnailUrl":"","datePublished":"2018-02-27T18:45:35+00:00","breadcrumb":{"@id":"https:\/\/zeit.reise\/staging\/beitraege-magazin\/fahrzeuge\/offroad\/toyota-hilux-2-4d-double-cab-gen8\/#breadcrumb"},"inLanguage":"en-US","potentialAction":[{"@type":"ReadAction","target":["https:\/\/zeit.reise\/staging\/beitraege-magazin\/fahrzeuge\/offroad\/toyota-hilux-2-4d-double-cab-gen8\/"]}]},{"@type":"ImageObject","inLanguage":"en-US","@id":"https:\/\/zeit.reise\/staging\/beitraege-magazin\/fahrzeuge\/offroad\/toyota-hilux-2-4d-double-cab-gen8\/#primaryimage","url":"","contentUrl":""},{"@type":"BreadcrumbList","@id":"https:\/\/zeit.reise\/staging\/beitraege-magazin\/fahrzeuge\/offroad\/toyota-hilux-2-4d-double-cab-gen8\/#breadcrumb","itemListElement":[{"@type":"ListItem","position":1,"name":"Home","item":"https:\/\/zeit.reise\/staging\/"},{"@type":"ListItem","position":2,"name":"Beitr\u00e4ge | Magazin","item":"https:\/\/zeit.reise\/staging\/beitraege-magazin\/"},{"@type":"ListItem","position":3,"name":"Fahrzeug | Fortbewegung","item":"https:\/\/zeit.reise\/staging\/beitraege-magazin\/fahrzeuge\/"},{"@type":"ListItem","position":4,"name":"Fahrzeuge","item":"https:\/\/zeit.reise\/staging\/beitraege-magazin\/fahrzeuge\/offroad\/"},{"@type":"ListItem","position":5,"name":"Toyota Hilux 2.4D Double Cab 4&#215;4 Generation 8"}]},{"@type":"WebSite","@id":"https:\/\/zeit.reise\/staging\/#website","url":"https:\/\/zeit.reise\/staging\/","name":"ZEIT.REISE","description":"Exploring Planet Earth","publisher":{"@id":"https:\/\/zeit.reise\/staging\/#organization"},"potentialAction":[{"@type":"SearchAction","target":{"@type":"EntryPoint","urlTemplate":"https:\/\/zeit.reise\/staging\/?s={search_term_string}"},"query-input":{"@type":"PropertyValueSpecification","valueRequired":true,"valueName":"search_term_string"}}],"inLanguage":"en-US"},{"@type":"Organization","@id":"https:\/\/zeit.reise\/staging\/#organization","name":"ZEIT.REISE","url":"https:\/\/zeit.reise\/staging\/","logo":{"@type":"ImageObject","inLanguage":"en-US","@id":"https:\/\/zeit.reise\/staging\/#\/schema\/logo\/image\/","url":"https:\/\/zeit.reise\/staging\/wp-content\/uploads\/2021\/11\/ZeitReise_Logo_RGB.png","contentUrl":"https:\/\/zeit.reise\/staging\/wp-content\/uploads\/2021\/11\/ZeitReise_Logo_RGB.png","width":4215,"height":3887,"caption":"ZEIT.REISE"},"image":{"@id":"https:\/\/zeit.reise\/staging\/#\/schema\/logo\/image\/"},"sameAs":["https:\/\/www.facebook.com\/meineZEITmeineREISE\/","https:\/\/x.com\/zeit_reise","https:\/\/www.instagram.com\/zeit.reise_\/","https:\/\/www.pinterest.at\/zeit_reise\/","https:\/\/www.youtube.com\/channel\/UCYXUOAgpto2yntxx2TFronQ"]}]}},"_links":{"self":[{"href":"https:\/\/zeit.reise\/staging\/wp-json\/wp\/v2\/pages\/2460","targetHints":{"allow":["GET"]}}],"collection":[{"href":"https:\/\/zeit.reise\/staging\/wp-json\/wp\/v2\/pages"}],"about":[{"href":"https:\/\/zeit.reise\/staging\/wp-json\/wp\/v2\/types\/page"}],"author":[{"embeddable":true,"href":"https:\/\/zeit.reise\/staging\/wp-json\/wp\/v2\/users\/2"}],"replies":[{"embeddable":true,"href":"https:\/\/zeit.reise\/staging\/wp-json\/wp\/v2\/comments?post=2460"}],"version-history":[{"count":0,"href":"https:\/\/zeit.reise\/staging\/wp-json\/wp\/v2\/pages\/2460\/revisions"}],"up":[{"embeddable":true,"href":"https:\/\/zeit.reise\/staging\/wp-json\/wp\/v2\/pages\/19"}],"wp:featuredmedia":[{"embeddable":true,"href":"https:\/\/zeit.reise\/staging\/wp-json\/"}],"wp:attachment":[{"href":"https:\/\/zeit.reise\/staging\/wp-json\/wp\/v2\/media?parent=2460"}],"curies":[{"name":"wp","href":"https:\/\/api.w.org\/{rel}","templated":true}]}}