{"id":2456,"date":"2018-02-27T19:48:03","date_gmt":"2018-02-27T18:48:03","guid":{"rendered":"https:\/\/www.no-mads.net\/?page_id=2456"},"modified":"2018-02-27T19:48:03","modified_gmt":"2018-02-27T18:48:03","slug":"hilux-reparaturen-wartung-maengel","status":"publish","type":"page","link":"https:\/\/zeit.reise\/staging\/beitraege-magazin\/fahrzeuge\/offroad\/toyota-hilux-2-4d-double-cab-gen8\/hilux-reparaturen-wartung-maengel\/","title":{"rendered":"Toyota Hilux 2.4D Reparaturen \/ Wartung \/ Service"},"content":{"rendered":"<figure id=\"attachment_2660\" aria-describedby=\"caption-attachment-2660\" style=\"width: 300px\" class=\"wp-caption alignleft\"><a href=\"https:\/\/www.no-mads.net\/wp-content\/uploads\/IMG_0203.jpg\"><img loading=\"lazy\" decoding=\"async\" class=\"size-medium wp-image-2660\" src=\"https:\/\/www.no-mads.net\/wp-content\/uploads\/IMG_0203-300x225.jpg\" alt=\"Hilux 2.4D Motorhaube ge\u00f6ffnet\" width=\"300\" height=\"225\" \/><\/a><figcaption id=\"caption-attachment-2660\" class=\"wp-caption-text\">Hilux 2.4D Motor<\/figcaption><\/figure>\n<h2><strong>Logbuch unserer Werkstattbesuche mit dem Hilux<br \/><\/strong><\/h2>\n<p>Auch bei einem &#8220;unbreakable&#8221; Hilux sind Reparaturen und regelm\u00e4\u00dfiger Service notwendig. Die folgende Reparaturliste als Logbuch bezieht sich auf unsere pers\u00f6nlichen Erfahrungen und den durch die in der Werkstatt durchgef\u00fchrten Reparatur-, Wartungs- und Servicearbeiten bei unserem Toyota Hilux 2.4D Erstzulassung Februar 2017 (Produktionszeitraum Oktober 2016, Werk S\u00fcdafrika). Auch wenn die Liste schon recht lang scheint, so gab es bisher noch keine Probleme, die den Hilux zum Stillstand gezwungen h\u00e4tten.<\/p>\n<p>\u00a0<\/p>\n<h2><strong>Wartungsintervall:<\/strong><\/h2>\n<ul>\n<li>F\u00fcr ein Nutzfahrzeug ist der <strong>Wartungsintervall von 15.000 km<\/strong> oder min. 1 x j\u00e4hrlich definitiv zu kurz und nicht zeitgem\u00e4\u00df. Dieser Umstand schl\u00e4gt sich negativ auf die laufenden Kosten nieder und ist auch in Hinsicht Umweltschutz \u00e4rgerlich.\n<ul>\n<li>Zum Vergleich &#8211; VW Amarok 40.000 km, Ford Ranger 30.000 km<\/li>\n<\/ul>\n<\/li>\n<li>Leider reicht eine Ad-Blue F\u00fcllung nicht f\u00fcr einen Wartungsintervall sondern nur f\u00fcr ca. 10.000 km<\/li>\n<\/ul>\n<h1><strong>Reparatur- und Wartungsliste<\/strong><\/h1>\n<h2>Chronologische Liste aller angefallenen Reparatur- und Wartungsarbeiten:<\/h2>\n<h4>0 km &#8211; M\u00e4ngel ab Werk<\/h4>\n<ul>\n<li>Alle 4 R\u00e4der unwuchtig &#8211; wurden vom H\u00e4ndler demontiert, gewuchtet und wieder montiert<\/li>\n<li>Handbremshebel lie\u00df sich fast bis zum Anschlag anziehen. War nicht korrekt gespannt &#8211; wurde vom H\u00e4ndler nachgestellt<\/li>\n<li>Fahrert\u00fcre ging nur schwer zu schlie\u00dfen &#8211; wurde vom H\u00e4ndler neu eingerichtet<\/li>\n<li>220 Volt Steckdose ohne Funktion &#8211; H\u00e4ndler stellte das Fehlen eines Relais fest und hat dies nachger\u00fcstet<\/li>\n<li>Abblendlicht kaum Reichweite &#8211; Scheinwerfer wurden vom H\u00e4ndler korrekt eingestellt<\/li>\n<li>Toyota Safety Sense Sicherheitsassistenzsysteme ohne Funktion &#8211; wurde vom H\u00e4ndler neu justiert<\/li>\n<\/ul>\n<h4>800 km<\/h4>\n<ul>\n<li>Steinschlag auf der Windschutzscheibe &#8211; Scheibe ersetzt<\/li>\n<\/ul>\n<h4>3.500 km<\/h4>\n<ul>\n<li>Software-Update f\u00fcr Motor und Automatik aufgespielt &#8211; Schaltverhalten hat sich erheblich verbessert, wenn auch noch nicht optimal<\/li>\n<li>Toyota Safety Sense (Notbremsassistent) ohne Funktion &#8211;\u00a0 wurde vom H\u00e4ndler neu justiert, Funktion jetzt vorhanden<\/li>\n<\/ul>\n<h4>4.500 km<\/h4>\n<ul>\n<li>Im Zuge des Einbaus des Funkger\u00e4tes wurde vor unserer ersten Urlaubsfahrt (5.000Km Schwedentrip)\n<ul>\n<li>eine kleine Kontrolle durchgef\u00fchrt<\/li>\n<\/ul>\n<ul>\n<li>Ad-Blue aufgef\u00fcllt<\/li>\n<li>Das &#8220;Elchtestproblem&#8221; mit der Werkstatt besprochen<\/li>\n<\/ul>\n<\/li>\n<\/ul>\n<p style=\"padding-left: 60px;\">Obwohl auch schon vom Vorg\u00e4ngermodell bekannt, hat auch der neue Hilux Probleme beim &#8220;Elchtest&#8221;:<\/p>\n<p style=\"padding-left: 120px;\"><a href=\"https:\/\/youtu.be\/xoHbn8-ROiQ\">Link zu Youtube vor dem Update<br \/><\/a><a href=\"https:\/\/youtu.be\/y2QSogJj3ec\">Link zu Youtube nach dem Update<\/a><\/p>\n<ul>Seit Anfang Sommer 2017 ist zur Behebung ein Software-Update verf\u00fcgbar<\/ul>\n<ul>\n<li style=\"list-style-type: none;\">\n<ul>Softwareupdate f\u00fcr ESP wurde eingespielt. Warte noch auf Infos bez\u00fcglich neuer Vorgaben f\u00fcr den Reifendruck<\/ul>\n<\/li>\n<\/ul>\n<h4>5.500 km<\/h4>\n<p>Wir waren gerade 600Km auf der Autobahn Richtung Norddeutschland zur F\u00e4hre unterwegs und hatten noch ca. 4.000Km vor uns, als uns diese Fehlermeldung einen Schrecken versetzte:<\/p>\n<ul>\n<li>Fehlermeldung: Ausfall der Assistenzsysteme &#8211; Werkstatt aufsuchen\n<ul>\n<li>Die Ursache war Fliegendreck auf dem Radar. Wurde mit Feuchttuch abgewischt und die Fahrt ging ohne Probleme weiter. Wieso die Meldung kommt man soll in die Werkstatt fahren erschlie\u00dft sich mir nicht ganz. Wenn die Windschutzscheibe vor der Kamera verschmutzt ist, kommt ja auch die Meldung man soll die Windschutzscheibe reinigen und nicht gleich in die Werkstatt fahren.<\/li>\n<\/ul>\n<\/li>\n<\/ul>\n<figure id=\"attachment_2499\" aria-describedby=\"caption-attachment-2499\" style=\"width: 300px\" class=\"wp-caption alignnone\"><a href=\"https:\/\/www.no-mads.net\/wp-content\/uploads\/Fehlermeldung_Fliegendreck.jpg\"><img loading=\"lazy\" decoding=\"async\" class=\"size-medium wp-image-2499\" src=\"https:\/\/www.no-mads.net\/wp-content\/uploads\/Fehlermeldung_Fliegendreck-300x225.jpg\" alt=\"\" width=\"300\" height=\"225\" \/><\/a><figcaption id=\"caption-attachment-2499\" class=\"wp-caption-text\">Ausfall Assistenzsysteme durch Fliegendreck &#8211; Meldung Werkstatt aufsuchen<\/figcaption><\/figure>\n<h4>\u00a0<\/h4>\n<h4>14.500 km<\/h4>\n<ul>\n<li>Ad-Blue Kontrollleuchte leuchtet auf. W\u00e4re normal, h\u00e4tten wir nicht bei 4.500Km komplett aufgef\u00fcllt. Eine F\u00fcllung sollte f\u00fcr 14.000Km reichen. Ich habe aus einem 10 Liter Kanister selbst Ad-Blue nachgef\u00fcllt, kann dies aber nicht empfehlen, da die Einf\u00fcll\u00f6ffnung relativ hoch liegt und man sehr vorsichtig sein muss nichts zu versch\u00fctten. Falls notwendig w\u00fcrde ich n\u00e4chstes Mal an der Tankstelle per Zapfhahn auff\u00fcllen.<\/li>\n<\/ul>\n<h4>16.500 km<\/h4>\n<ul>\n<li>Jahresinspektion \/ Wartung\n<ul>\n<li>\u00d6l- (7,5 Liter) und \u00d6lfilterwechsel<\/li>\n<li>K\u00fchlfl\u00fcssigkeit nachgef\u00fcllt<\/li>\n<li>Ad-Blue aufgef\u00fcllt<\/li>\n<\/ul>\n<\/li>\n<\/ul>\n<h4>19.900 km<\/h4>\n<ul>\n<li>Steinschlag auf der Windschutzscheibe &#8211; Scheibe ersetzt<\/li>\n<li>Gl\u00fchstift \/ Gl\u00fchkerze defekt &#8211; warte auf Ersatzteil. Lieferzeit wurde mit zwei Wochen angegeben. Inzwischen ist ein Monat vergangen und noch keine Gl\u00fchkerzen in Sicht. Mal sehen wie kulant sich Toyota bei dem Kilometerstand und bei einem ein Jahr alten Auto verh\u00e4lt\n<ul>\n<li>Interessanter Weise leuchtet nicht nur die Motorkontrolllampe und die Meldung im Display &#8220;Motor pr\u00fcfen &#8211;\u00a0 Werkstatt aufsuchen&#8221; sondern auch die ESP Kontrolllampe und im Display die Meldung &#8220;PCS St\u00f6rung Werkstatt aufsuchen&#8221;. PCS (Pre Collission System) und ESP haben ja wohl keine Verbindung zu den Gl\u00fchstiften im Motor. Dachte daher zuerst an zwei unabh\u00e4ngige Probleme, was sich aber als falsch herausstellte. Im Fehlerspeicher war nur das Problem mit der Gl\u00fchkerze ersichtlich, und nachdem dieser Fehler gel\u00f6scht wurde war auch die ESP\/PCS St\u00f6rungsmeldung verschwunden<\/li>\n<li>Nach 10 Tagen allerdings nun wieder genau die gleiche Situation. Motor springt sehr wiederwillig an und kommt kaum auf Touren, dann unmittelbar die zwei Fehlermeldungen<\/li>\n<li>Ende M\u00e4rz: Weiterhin keine Ersatzteile verf\u00fcgbar: Mitte Februar wurde die Lieferzeit von Toyota mit 14 Tagen angegen. Seither sind 1 1\/2 Monate vergangen und die Auskunft von Toyota: &#8220;kein Liefertermin bekannt&#8221;. Es scheint sich also um einen Serienfehler zu handeln. Bin gespannt wie sich Toyota verhalten wird<\/li>\n<li>Mitte April: Eine Gl\u00fchkerze ist beim H\u00e4ndler eingetroffen. Mein H\u00e4ndler informiert mich, dass der Aufwand um die Gl\u00fchkerzen zu Tauschen,\u00a0 ca.4 Stunden betr\u00e4gt. Er empfiehlt daher gleich alle 4 Gl\u00fchkerzen zu tauschen.<br \/>Nun die gute und sehr erfreuliche Nachricht: Toyota \u00fcbernimmt die Kosten f\u00fcr alle 4 Gl\u00fchkerzen\/Gl\u00fchstifte sowie die Arbeitszeit. Das gibt einem Kunden ein gutes Gef\u00fchl. Denn Probleme k\u00f6nnen immer auftreten, die Frage ist immer, wie diese gel\u00f6st werden. In diesem Fall ein gro\u00dfes Lob an Toyota!<\/li>\n<li>Hintergrund d\u00fcrften fehlerhafte Gl\u00fchkerzen im Produktionszeitraum 2016 gewesen sein. Bin gespannt wie haltbar die Neuen sein werden.<\/li>\n<\/ul>\n<\/li>\n<\/ul>\n<figure id=\"attachment_2503\" aria-describedby=\"caption-attachment-2503\" style=\"width: 300px\" class=\"wp-caption alignleft\"><a href=\"https:\/\/www.no-mads.net\/wp-content\/uploads\/Fehlermeldung_Gl\u00fchstift.jpg\"><img loading=\"lazy\" decoding=\"async\" class=\"size-medium wp-image-2503\" src=\"https:\/\/www.no-mads.net\/wp-content\/uploads\/Fehlermeldung_Gl\u00fchstift-300x225.jpg\" alt=\"\" width=\"300\" height=\"225\" \/><\/a><figcaption id=\"caption-attachment-2503\" class=\"wp-caption-text\">Gl\u00fchstift defekt, Hilux 1 Jahr mit 19.600Km<\/figcaption><\/figure>\n<p>\u00a0<\/p>\n<figure id=\"attachment_2504\" aria-describedby=\"caption-attachment-2504\" style=\"width: 300px\" class=\"wp-caption alignleft\"><a href=\"https:\/\/www.no-mads.net\/wp-content\/uploads\/Fehlermeldung_Gl\u00fchstift_PCS.jpg\"><img loading=\"lazy\" decoding=\"async\" class=\"size-medium wp-image-2504\" src=\"https:\/\/www.no-mads.net\/wp-content\/uploads\/Fehlermeldung_Gl\u00fchstift_PCS-300x225.jpg\" alt=\"\" width=\"300\" height=\"225\" \/><\/a><figcaption id=\"caption-attachment-2504\" class=\"wp-caption-text\">Gl\u00fchstift defekt, Hilux 1 Jahr mit 19.600Km<\/figcaption><\/figure>\n<h4>20.000 km &#8211; R\u00fcckruf M\u00e4rz 2018<\/h4>\n<ul>\n<li>Kabelstrang im Motor ev. nicht korrekt verlegt \/ montiert &#8211; wurde kontrolliert, alles in Ordnung<\/li>\n<li>Aufkleber Gefahrenhinweis f\u00fcr die Klimaanlage fehlt und muss aufgeklebt werden<\/li>\n<\/ul>\n<h4>31.000 km &#8211; Jahresinspektion \/ Wartung August 2018<\/h4>\n<ul>\n<li>Bei der vorgeschriebenen Inspektion \/ Service wurden \u00d6l, \u00d6lfilter, Luftfilter getauscht<\/li>\n<li>K\u00fchlfl\u00fcssigkeit nachgef\u00fcllt<\/li>\n<li>Ad-Blue aufgef\u00fcllt<\/li>\n<li>Es waren keine zus\u00e4tzlichen Arbeiten notwendig<\/li>\n<\/ul>\n<h4>46.000 km &#8211; Jahresinspektion \/ Wartung April 2019<\/h4>\n<ul>\n<li>Bei der vorgeschriebenen Inspektion \/ Service wurden \u00d6l, \u00d6lfilter, Luftfilter getauscht<\/li>\n<li>Rost an der Innenseite der Heckklappe: Teile der Heckklappe wurden auf Garantie neu lackiert<\/li>\n<li>Im Herbst wird der Unterbodenschutz erneuert<\/li>\n<\/ul>\n<h4>60.000 km &#8211; Vollservice und \u00a757a \u00dcberpr\u00fcfung J\u00e4nner 2020<\/h4>\n<p>Das n\u00e4chste Service ist f\u00e4llig, diesmal wird es leider notwendig, sich anbahnende Probleme zu analysieren:<\/p>\n<ul>\n<li>Ger\u00e4usche aus der L\u00fcftungseinheit hinter dem Handschuhfach\n<ul>\n<li>Gebl\u00e4se eingespr\u00fcht<\/li>\n<\/ul>\n<\/li>\n<li>Kaltstart ab -3\u00b0: Motor ruckelt und hat keine Leistung\n<ul>\n<li>Offen, keine Erkl\u00e4rung<\/li>\n<\/ul>\n<\/li>\n<li>Umschalten zwischen Hinterrad-, Allrad- zur\u00fcck zum Hinterradantrieb verh\u00e4lt sich widerwillig und gelingt nur mit Geduld und mehrmalgien Anl\u00e4ufen\n<ul>\n<li>Offen &#8211; verhalten bei Tests in Werkstatt ganz normal<\/li>\n<\/ul>\n<\/li>\n<li>Fahrzeugschl\u00fcssel Batterie ersetzt<\/li>\n<li>Rostvororge &#8211; wird mit auf Rostvorsorge spezialisierte Firma gekl\u00e4rt. Eventuell wieder Dinitrol<\/li>\n<li>\u00dcberpr\u00fcfung nach \u00a757a &#8220;Pickerl&#8221; durchgef\u00fchrt &#8211; keine M\u00e4ngel festgestellt<\/li>\n<li>60.000km Vollservice:<\/li>\n<\/ul>\n<ul>\n<li style=\"list-style-type: none;\">\n<ul>\n<li>Motor\u00f6l und \u00d6lfilter getauscht<\/li>\n<li>Getriebe\u00f6l getauscht<\/li>\n<li>Beide Dieselfilter getauscht<\/li>\n<li>Luftfilter getauscht<\/li>\n<li>Innenraum Luftfilter getauscht<\/li>\n<li>Kardanwelle abgeschmiert<\/li>\n<li>Fehlerspeicher ausgelesen<\/li>\n<\/ul>\n<\/li>\n<\/ul>\n<p>Die Kosten f\u00fcr das Service beliefen sich diesmal in Summe mit Arbeit, \u00d6len und Teilen auf 1.150,&#8211; EUR. Speziell der Wechsel des sich nahe am Motor befindlichen Dieselfilters ist teuer.<\/p>\n<p>.<\/p>\n\n\n<p><\/p>\n","protected":false},"excerpt":{"rendered":"<p>Logbuch unserer Werkstattbesuche mit dem Hilux Auch bei einem &#8220;unbreakable&#8221; Hilux sind Reparaturen und regelm\u00e4\u00dfiger Service notwendig. Die folgende Reparaturliste als Logbuch bezieht sich auf unsere pers\u00f6nlichen Erfahrungen und den durch die in der Werkstatt durchgef\u00fchrten Reparatur-, Wartungs- und Servicearbeiten bei unserem Toyota Hilux 2.4D Erstzulassung Februar 2017 (Produktionszeitraum Oktober 2016, Werk S\u00fcdafrika). Auch wenn [&hellip;]<\/p>\n","protected":false},"author":2,"featured_media":0,"parent":2460,"menu_order":1,"comment_status":"open","ping_status":"closed","template":"","meta":{"footnotes":""},"class_list":["post-2456","page","type-page","status-publish","hentry"],"yoast_head":"<!-- This site is optimized with the Yoast SEO plugin v26.6 - https:\/\/yoast.com\/wordpress\/plugins\/seo\/ -->\n<title>Toyota Hilux 2.4D Reparaturen \/ Wartung \/ Service - ZEIT.REISE<\/title>\n<meta name=\"robots\" content=\"noindex, follow, max-snippet:-1, max-image-preview:large, max-video-preview:-1\" \/>\n<meta property=\"og:locale\" content=\"en_US\" \/>\n<meta property=\"og:type\" content=\"article\" \/>\n<meta property=\"og:title\" content=\"Toyota Hilux 2.4D Reparaturen \/ Wartung \/ Service - ZEIT.REISE\" \/>\n<meta property=\"og:description\" content=\"Logbuch unserer Werkstattbesuche mit dem Hilux Auch bei einem &#8220;unbreakable&#8221; Hilux sind Reparaturen und regelm\u00e4\u00dfiger Service notwendig. Die folgende Reparaturliste als Logbuch bezieht sich auf unsere pers\u00f6nlichen Erfahrungen und den durch die in der Werkstatt durchgef\u00fchrten Reparatur-, Wartungs- und Servicearbeiten bei unserem Toyota Hilux 2.4D Erstzulassung Februar 2017 (Produktionszeitraum Oktober 2016, Werk S\u00fcdafrika). Auch wenn [&hellip;]\" \/>\n<meta property=\"og:url\" content=\"https:\/\/zeit.reise\/staging\/beitraege-magazin\/fahrzeuge\/offroad\/toyota-hilux-2-4d-double-cab-gen8\/hilux-reparaturen-wartung-maengel\/\" \/>\n<meta property=\"og:site_name\" content=\"ZEIT.REISE\" \/>\n<meta property=\"article:publisher\" content=\"https:\/\/www.facebook.com\/meineZEITmeineREISE\/\" \/>\n<meta property=\"og:image\" content=\"https:\/\/www.no-mads.net\/wp-content\/uploads\/IMG_0203-300x225.jpg\" \/>\n<meta name=\"twitter:card\" content=\"summary_large_image\" \/>\n<meta name=\"twitter:site\" content=\"@zeit_reise\" \/>\n<meta name=\"twitter:label1\" content=\"Est. reading time\" \/>\n\t<meta name=\"twitter:data1\" content=\"6 minutes\" \/>\n<script type=\"application\/ld+json\" class=\"yoast-schema-graph\">{\"@context\":\"https:\/\/schema.org\",\"@graph\":[{\"@type\":\"WebPage\",\"@id\":\"https:\/\/zeit.reise\/staging\/beitraege-magazin\/fahrzeuge\/offroad\/toyota-hilux-2-4d-double-cab-gen8\/hilux-reparaturen-wartung-maengel\/\",\"url\":\"https:\/\/zeit.reise\/staging\/beitraege-magazin\/fahrzeuge\/offroad\/toyota-hilux-2-4d-double-cab-gen8\/hilux-reparaturen-wartung-maengel\/\",\"name\":\"Toyota Hilux 2.4D Reparaturen \/ Wartung \/ Service - ZEIT.REISE\",\"isPartOf\":{\"@id\":\"https:\/\/zeit.reise\/staging\/#website\"},\"primaryImageOfPage\":{\"@id\":\"https:\/\/zeit.reise\/staging\/beitraege-magazin\/fahrzeuge\/offroad\/toyota-hilux-2-4d-double-cab-gen8\/hilux-reparaturen-wartung-maengel\/#primaryimage\"},\"image\":{\"@id\":\"https:\/\/zeit.reise\/staging\/beitraege-magazin\/fahrzeuge\/offroad\/toyota-hilux-2-4d-double-cab-gen8\/hilux-reparaturen-wartung-maengel\/#primaryimage\"},\"thumbnailUrl\":\"https:\/\/www.no-mads.net\/wp-content\/uploads\/IMG_0203-300x225.jpg\",\"datePublished\":\"2018-02-27T18:48:03+00:00\",\"breadcrumb\":{\"@id\":\"https:\/\/zeit.reise\/staging\/beitraege-magazin\/fahrzeuge\/offroad\/toyota-hilux-2-4d-double-cab-gen8\/hilux-reparaturen-wartung-maengel\/#breadcrumb\"},\"inLanguage\":\"en-US\",\"potentialAction\":[{\"@type\":\"ReadAction\",\"target\":[\"https:\/\/zeit.reise\/staging\/beitraege-magazin\/fahrzeuge\/offroad\/toyota-hilux-2-4d-double-cab-gen8\/hilux-reparaturen-wartung-maengel\/\"]}]},{\"@type\":\"ImageObject\",\"inLanguage\":\"en-US\",\"@id\":\"https:\/\/zeit.reise\/staging\/beitraege-magazin\/fahrzeuge\/offroad\/toyota-hilux-2-4d-double-cab-gen8\/hilux-reparaturen-wartung-maengel\/#primaryimage\",\"url\":\"https:\/\/www.no-mads.net\/wp-content\/uploads\/IMG_0203-300x225.jpg\",\"contentUrl\":\"https:\/\/www.no-mads.net\/wp-content\/uploads\/IMG_0203-300x225.jpg\"},{\"@type\":\"BreadcrumbList\",\"@id\":\"https:\/\/zeit.reise\/staging\/beitraege-magazin\/fahrzeuge\/offroad\/toyota-hilux-2-4d-double-cab-gen8\/hilux-reparaturen-wartung-maengel\/#breadcrumb\",\"itemListElement\":[{\"@type\":\"ListItem\",\"position\":1,\"name\":\"Home\",\"item\":\"https:\/\/zeit.reise\/staging\/\"},{\"@type\":\"ListItem\",\"position\":2,\"name\":\"Beitr\u00e4ge | Magazin\",\"item\":\"https:\/\/zeit.reise\/staging\/beitraege-magazin\/\"},{\"@type\":\"ListItem\",\"position\":3,\"name\":\"Fahrzeug | Fortbewegung\",\"item\":\"https:\/\/zeit.reise\/staging\/beitraege-magazin\/fahrzeuge\/\"},{\"@type\":\"ListItem\",\"position\":4,\"name\":\"Fahrzeuge\",\"item\":\"https:\/\/zeit.reise\/staging\/beitraege-magazin\/fahrzeuge\/offroad\/\"},{\"@type\":\"ListItem\",\"position\":5,\"name\":\"Toyota Hilux 2.4D Double Cab 4&#215;4 Generation 8\",\"item\":\"https:\/\/zeit.reise\/staging\/beitraege-magazin\/fahrzeuge\/offroad\/toyota-hilux-2-4d-double-cab-gen8\/\"},{\"@type\":\"ListItem\",\"position\":6,\"name\":\"Toyota Hilux 2.4D Reparaturen \/ Wartung \/ Service\"}]},{\"@type\":\"WebSite\",\"@id\":\"https:\/\/zeit.reise\/staging\/#website\",\"url\":\"https:\/\/zeit.reise\/staging\/\",\"name\":\"ZEIT.REISE\",\"description\":\"Exploring Planet Earth\",\"publisher\":{\"@id\":\"https:\/\/zeit.reise\/staging\/#organization\"},\"potentialAction\":[{\"@type\":\"SearchAction\",\"target\":{\"@type\":\"EntryPoint\",\"urlTemplate\":\"https:\/\/zeit.reise\/staging\/?s={search_term_string}\"},\"query-input\":{\"@type\":\"PropertyValueSpecification\",\"valueRequired\":true,\"valueName\":\"search_term_string\"}}],\"inLanguage\":\"en-US\"},{\"@type\":\"Organization\",\"@id\":\"https:\/\/zeit.reise\/staging\/#organization\",\"name\":\"ZEIT.REISE\",\"url\":\"https:\/\/zeit.reise\/staging\/\",\"logo\":{\"@type\":\"ImageObject\",\"inLanguage\":\"en-US\",\"@id\":\"https:\/\/zeit.reise\/staging\/#\/schema\/logo\/image\/\",\"url\":\"https:\/\/zeit.reise\/staging\/wp-content\/uploads\/2021\/11\/ZeitReise_Logo_RGB.png\",\"contentUrl\":\"https:\/\/zeit.reise\/staging\/wp-content\/uploads\/2021\/11\/ZeitReise_Logo_RGB.png\",\"width\":4215,\"height\":3887,\"caption\":\"ZEIT.REISE\"},\"image\":{\"@id\":\"https:\/\/zeit.reise\/staging\/#\/schema\/logo\/image\/\"},\"sameAs\":[\"https:\/\/www.facebook.com\/meineZEITmeineREISE\/\",\"https:\/\/x.com\/zeit_reise\",\"https:\/\/www.instagram.com\/zeit.reise_\/\",\"https:\/\/www.pinterest.at\/zeit_reise\/\",\"https:\/\/www.youtube.com\/channel\/UCYXUOAgpto2yntxx2TFronQ\"]}]}<\/script>\n<!-- \/ Yoast SEO plugin. -->","yoast_head_json":{"title":"Toyota Hilux 2.4D Reparaturen \/ Wartung \/ Service - ZEIT.REISE","robots":{"index":"noindex","follow":"follow","max-snippet":"max-snippet:-1","max-image-preview":"max-image-preview:large","max-video-preview":"max-video-preview:-1"},"og_locale":"en_US","og_type":"article","og_title":"Toyota Hilux 2.4D Reparaturen \/ Wartung \/ Service - ZEIT.REISE","og_description":"Logbuch unserer Werkstattbesuche mit dem Hilux Auch bei einem &#8220;unbreakable&#8221; Hilux sind Reparaturen und regelm\u00e4\u00dfiger Service notwendig. Die folgende Reparaturliste als Logbuch bezieht sich auf unsere pers\u00f6nlichen Erfahrungen und den durch die in der Werkstatt durchgef\u00fchrten Reparatur-, Wartungs- und Servicearbeiten bei unserem Toyota Hilux 2.4D Erstzulassung Februar 2017 (Produktionszeitraum Oktober 2016, Werk S\u00fcdafrika). Auch wenn [&hellip;]","og_url":"https:\/\/zeit.reise\/staging\/beitraege-magazin\/fahrzeuge\/offroad\/toyota-hilux-2-4d-double-cab-gen8\/hilux-reparaturen-wartung-maengel\/","og_site_name":"ZEIT.REISE","article_publisher":"https:\/\/www.facebook.com\/meineZEITmeineREISE\/","og_image":[{"url":"https:\/\/www.no-mads.net\/wp-content\/uploads\/IMG_0203-300x225.jpg","type":"","width":"","height":""}],"twitter_card":"summary_large_image","twitter_site":"@zeit_reise","twitter_misc":{"Est. reading time":"6 minutes"},"schema":{"@context":"https:\/\/schema.org","@graph":[{"@type":"WebPage","@id":"https:\/\/zeit.reise\/staging\/beitraege-magazin\/fahrzeuge\/offroad\/toyota-hilux-2-4d-double-cab-gen8\/hilux-reparaturen-wartung-maengel\/","url":"https:\/\/zeit.reise\/staging\/beitraege-magazin\/fahrzeuge\/offroad\/toyota-hilux-2-4d-double-cab-gen8\/hilux-reparaturen-wartung-maengel\/","name":"Toyota Hilux 2.4D Reparaturen \/ Wartung \/ Service - ZEIT.REISE","isPartOf":{"@id":"https:\/\/zeit.reise\/staging\/#website"},"primaryImageOfPage":{"@id":"https:\/\/zeit.reise\/staging\/beitraege-magazin\/fahrzeuge\/offroad\/toyota-hilux-2-4d-double-cab-gen8\/hilux-reparaturen-wartung-maengel\/#primaryimage"},"image":{"@id":"https:\/\/zeit.reise\/staging\/beitraege-magazin\/fahrzeuge\/offroad\/toyota-hilux-2-4d-double-cab-gen8\/hilux-reparaturen-wartung-maengel\/#primaryimage"},"thumbnailUrl":"https:\/\/www.no-mads.net\/wp-content\/uploads\/IMG_0203-300x225.jpg","datePublished":"2018-02-27T18:48:03+00:00","breadcrumb":{"@id":"https:\/\/zeit.reise\/staging\/beitraege-magazin\/fahrzeuge\/offroad\/toyota-hilux-2-4d-double-cab-gen8\/hilux-reparaturen-wartung-maengel\/#breadcrumb"},"inLanguage":"en-US","potentialAction":[{"@type":"ReadAction","target":["https:\/\/zeit.reise\/staging\/beitraege-magazin\/fahrzeuge\/offroad\/toyota-hilux-2-4d-double-cab-gen8\/hilux-reparaturen-wartung-maengel\/"]}]},{"@type":"ImageObject","inLanguage":"en-US","@id":"https:\/\/zeit.reise\/staging\/beitraege-magazin\/fahrzeuge\/offroad\/toyota-hilux-2-4d-double-cab-gen8\/hilux-reparaturen-wartung-maengel\/#primaryimage","url":"https:\/\/www.no-mads.net\/wp-content\/uploads\/IMG_0203-300x225.jpg","contentUrl":"https:\/\/www.no-mads.net\/wp-content\/uploads\/IMG_0203-300x225.jpg"},{"@type":"BreadcrumbList","@id":"https:\/\/zeit.reise\/staging\/beitraege-magazin\/fahrzeuge\/offroad\/toyota-hilux-2-4d-double-cab-gen8\/hilux-reparaturen-wartung-maengel\/#breadcrumb","itemListElement":[{"@type":"ListItem","position":1,"name":"Home","item":"https:\/\/zeit.reise\/staging\/"},{"@type":"ListItem","position":2,"name":"Beitr\u00e4ge | Magazin","item":"https:\/\/zeit.reise\/staging\/beitraege-magazin\/"},{"@type":"ListItem","position":3,"name":"Fahrzeug | Fortbewegung","item":"https:\/\/zeit.reise\/staging\/beitraege-magazin\/fahrzeuge\/"},{"@type":"ListItem","position":4,"name":"Fahrzeuge","item":"https:\/\/zeit.reise\/staging\/beitraege-magazin\/fahrzeuge\/offroad\/"},{"@type":"ListItem","position":5,"name":"Toyota Hilux 2.4D Double Cab 4&#215;4 Generation 8","item":"https:\/\/zeit.reise\/staging\/beitraege-magazin\/fahrzeuge\/offroad\/toyota-hilux-2-4d-double-cab-gen8\/"},{"@type":"ListItem","position":6,"name":"Toyota Hilux 2.4D Reparaturen \/ Wartung \/ Service"}]},{"@type":"WebSite","@id":"https:\/\/zeit.reise\/staging\/#website","url":"https:\/\/zeit.reise\/staging\/","name":"ZEIT.REISE","description":"Exploring Planet Earth","publisher":{"@id":"https:\/\/zeit.reise\/staging\/#organization"},"potentialAction":[{"@type":"SearchAction","target":{"@type":"EntryPoint","urlTemplate":"https:\/\/zeit.reise\/staging\/?s={search_term_string}"},"query-input":{"@type":"PropertyValueSpecification","valueRequired":true,"valueName":"search_term_string"}}],"inLanguage":"en-US"},{"@type":"Organization","@id":"https:\/\/zeit.reise\/staging\/#organization","name":"ZEIT.REISE","url":"https:\/\/zeit.reise\/staging\/","logo":{"@type":"ImageObject","inLanguage":"en-US","@id":"https:\/\/zeit.reise\/staging\/#\/schema\/logo\/image\/","url":"https:\/\/zeit.reise\/staging\/wp-content\/uploads\/2021\/11\/ZeitReise_Logo_RGB.png","contentUrl":"https:\/\/zeit.reise\/staging\/wp-content\/uploads\/2021\/11\/ZeitReise_Logo_RGB.png","width":4215,"height":3887,"caption":"ZEIT.REISE"},"image":{"@id":"https:\/\/zeit.reise\/staging\/#\/schema\/logo\/image\/"},"sameAs":["https:\/\/www.facebook.com\/meineZEITmeineREISE\/","https:\/\/x.com\/zeit_reise","https:\/\/www.instagram.com\/zeit.reise_\/","https:\/\/www.pinterest.at\/zeit_reise\/","https:\/\/www.youtube.com\/channel\/UCYXUOAgpto2yntxx2TFronQ"]}]}},"_links":{"self":[{"href":"https:\/\/zeit.reise\/staging\/wp-json\/wp\/v2\/pages\/2456","targetHints":{"allow":["GET"]}}],"collection":[{"href":"https:\/\/zeit.reise\/staging\/wp-json\/wp\/v2\/pages"}],"about":[{"href":"https:\/\/zeit.reise\/staging\/wp-json\/wp\/v2\/types\/page"}],"author":[{"embeddable":true,"href":"https:\/\/zeit.reise\/staging\/wp-json\/wp\/v2\/users\/2"}],"replies":[{"embeddable":true,"href":"https:\/\/zeit.reise\/staging\/wp-json\/wp\/v2\/comments?post=2456"}],"version-history":[{"count":0,"href":"https:\/\/zeit.reise\/staging\/wp-json\/wp\/v2\/pages\/2456\/revisions"}],"up":[{"embeddable":true,"href":"https:\/\/zeit.reise\/staging\/wp-json\/wp\/v2\/pages\/2460"}],"wp:attachment":[{"href":"https:\/\/zeit.reise\/staging\/wp-json\/wp\/v2\/media?parent=2456"}],"curies":[{"name":"wp","href":"https:\/\/api.w.org\/{rel}","templated":true}]}}