{"id":2408,"date":"2010-05-02T11:51:08","date_gmt":"2010-05-02T10:51:08","guid":{"rendered":"http:\/\/www.webinfopoint.com\/?page_id=72"},"modified":"2022-01-13T19:53:02","modified_gmt":"2022-01-13T18:53:02","slug":"reisen-laender","status":"publish","type":"page","link":"https:\/\/zeit.reise\/staging\/reisen-laender\/","title":{"rendered":"Reisen | L\u00e4nder"},"content":{"rendered":"<ul class=\"wp-block-latest-posts__list has-dates has-author wp-block-latest-posts\"><li><div class=\"wp-block-latest-posts__featured-image\"><img loading=\"lazy\" decoding=\"async\" width=\"300\" height=\"167\" src=\"https:\/\/zeit.reise\/staging\/wp-content\/uploads\/2022\/02\/DSC_0278-scaled-e1647788123255-300x167.jpg\" class=\"attachment-medium size-medium wp-post-image\" alt=\"\" style=\"\" srcset=\"https:\/\/zeit.reise\/staging\/wp-content\/uploads\/2022\/02\/DSC_0278-scaled-e1647788123255-300x167.jpg 300w, https:\/\/zeit.reise\/staging\/wp-content\/uploads\/2022\/02\/DSC_0278-scaled-e1647788123255-1024x570.jpg 1024w, https:\/\/zeit.reise\/staging\/wp-content\/uploads\/2022\/02\/DSC_0278-scaled-e1647788123255-768x427.jpg 768w, https:\/\/zeit.reise\/staging\/wp-content\/uploads\/2022\/02\/DSC_0278-scaled-e1647788123255-1536x854.jpg 1536w, https:\/\/zeit.reise\/staging\/wp-content\/uploads\/2022\/02\/DSC_0278-scaled-e1647788123255-2048x1139.jpg 2048w\" sizes=\"auto, (max-width: 300px) 100vw, 300px\" \/><\/div><a class=\"wp-block-latest-posts__post-title\" href=\"https:\/\/zeit.reise\/staging\/pyrenen-2012\/\">Pyren\u00e4en 2012 &#8211; Panorama pur<\/a><div class=\"wp-block-latest-posts__post-author\">by Christoph<\/div><time datetime=\"2012-06-03T19:36:00+01:00\" class=\"wp-block-latest-posts__post-date\">3. June 2012<\/time><div class=\"wp-block-latest-posts__post-excerpt\">Eine tolle Reise ging leider wieder einmal viel zu schnell vor\u00fcber. Urspr\u00fcnglich war f\u00fcr das heurige Fr\u00fchjahr wieder eine Rum\u00e4nien Tour geplant, diese viel aber aus und so ergab sich die Chance eine Offroad-Trekking Tour durch die Pyren\u00e4en zu unternehmen. Die 1.500Km Anfahrt haben wir mit einem Besuch von Monte Carlo und einer Route entlang\u2026 <a class=\"wp-block-latest-posts__read-more\" href=\"https:\/\/zeit.reise\/staging\/pyrenen-2012\/\" rel=\"noopener noreferrer\">Read more<span class=\"screen-reader-text\">: Pyren\u00e4en 2012 &#8211; Panorama pur<\/span><\/a><\/div><\/li>\n<\/ul>","protected":false},"excerpt":{"rendered":"","protected":false},"author":2,"featured_media":3960,"parent":0,"menu_order":0,"comment_status":"open","ping_status":"closed","template":"","meta":{"footnotes":""},"class_list":["post-2408","page","type-page","status-publish","has-post-thumbnail","hentry"],"yoast_head":"<!-- This site is optimized with the Yoast SEO plugin v26.6 - https:\/\/yoast.com\/wordpress\/plugins\/seo\/ -->\n<title>Reisen | L\u00e4nder - ZEIT.REISE<\/title>\n<meta name=\"robots\" content=\"noindex, follow, max-snippet:-1, max-image-preview:large, max-video-preview:-1\" \/>\n<meta property=\"og:locale\" content=\"en_US\" \/>\n<meta property=\"og:type\" content=\"article\" \/>\n<meta property=\"og:title\" content=\"Reisen | L\u00e4nder - ZEIT.REISE\" \/>\n<meta property=\"og:url\" content=\"https:\/\/zeit.reise\/staging\/reisen-laender\/\" \/>\n<meta property=\"og:site_name\" content=\"ZEIT.REISE\" \/>\n<meta property=\"article:publisher\" content=\"https:\/\/www.facebook.com\/meineZEITmeineREISE\/\" \/>\n<meta property=\"article:modified_time\" content=\"2022-01-13T18:53:02+00:00\" \/>\n<meta property=\"og:image\" content=\"https:\/\/zeit.reise\/staging\/wp-content\/uploads\/2022\/01\/Bulgarien_2015_title-scaled.jpg\" \/>\n\t<meta property=\"og:image:width\" content=\"2560\" \/>\n\t<meta property=\"og:image:height\" content=\"1700\" \/>\n\t<meta property=\"og:image:type\" content=\"image\/jpeg\" \/>\n<meta name=\"twitter:card\" content=\"summary_large_image\" \/>\n<meta name=\"twitter:site\" content=\"@zeit_reise\" \/>\n<script type=\"application\/ld+json\" class=\"yoast-schema-graph\">{\"@context\":\"https:\/\/schema.org\",\"@graph\":[{\"@type\":\"WebPage\",\"@id\":\"https:\/\/zeit.reise\/staging\/reisen-laender\/\",\"url\":\"https:\/\/zeit.reise\/staging\/reisen-laender\/\",\"name\":\"Reisen | L\u00e4nder - ZEIT.REISE\",\"isPartOf\":{\"@id\":\"https:\/\/zeit.reise\/staging\/#website\"},\"primaryImageOfPage\":{\"@id\":\"https:\/\/zeit.reise\/staging\/reisen-laender\/#primaryimage\"},\"image\":{\"@id\":\"https:\/\/zeit.reise\/staging\/reisen-laender\/#primaryimage\"},\"thumbnailUrl\":\"https:\/\/zeit.reise\/staging\/wp-content\/uploads\/2022\/01\/Bulgarien_2015_title-scaled.jpg\",\"datePublished\":\"2010-05-02T10:51:08+00:00\",\"dateModified\":\"2022-01-13T18:53:02+00:00\",\"breadcrumb\":{\"@id\":\"https:\/\/zeit.reise\/staging\/reisen-laender\/#breadcrumb\"},\"inLanguage\":\"en-US\",\"potentialAction\":[{\"@type\":\"ReadAction\",\"target\":[\"https:\/\/zeit.reise\/staging\/reisen-laender\/\"]}]},{\"@type\":\"ImageObject\",\"inLanguage\":\"en-US\",\"@id\":\"https:\/\/zeit.reise\/staging\/reisen-laender\/#primaryimage\",\"url\":\"https:\/\/zeit.reise\/staging\/wp-content\/uploads\/2022\/01\/Bulgarien_2015_title-scaled.jpg\",\"contentUrl\":\"https:\/\/zeit.reise\/staging\/wp-content\/uploads\/2022\/01\/Bulgarien_2015_title-scaled.jpg\",\"width\":2560,\"height\":1700},{\"@type\":\"BreadcrumbList\",\"@id\":\"https:\/\/zeit.reise\/staging\/reisen-laender\/#breadcrumb\",\"itemListElement\":[{\"@type\":\"ListItem\",\"position\":1,\"name\":\"Home\",\"item\":\"https:\/\/zeit.reise\/staging\/\"},{\"@type\":\"ListItem\",\"position\":2,\"name\":\"Reisen | L\u00e4nder\"}]},{\"@type\":\"WebSite\",\"@id\":\"https:\/\/zeit.reise\/staging\/#website\",\"url\":\"https:\/\/zeit.reise\/staging\/\",\"name\":\"ZEIT.REISE\",\"description\":\"Exploring Planet Earth\",\"publisher\":{\"@id\":\"https:\/\/zeit.reise\/staging\/#organization\"},\"potentialAction\":[{\"@type\":\"SearchAction\",\"target\":{\"@type\":\"EntryPoint\",\"urlTemplate\":\"https:\/\/zeit.reise\/staging\/?s={search_term_string}\"},\"query-input\":{\"@type\":\"PropertyValueSpecification\",\"valueRequired\":true,\"valueName\":\"search_term_string\"}}],\"inLanguage\":\"en-US\"},{\"@type\":\"Organization\",\"@id\":\"https:\/\/zeit.reise\/staging\/#organization\",\"name\":\"ZEIT.REISE\",\"url\":\"https:\/\/zeit.reise\/staging\/\",\"logo\":{\"@type\":\"ImageObject\",\"inLanguage\":\"en-US\",\"@id\":\"https:\/\/zeit.reise\/staging\/#\/schema\/logo\/image\/\",\"url\":\"https:\/\/zeit.reise\/staging\/wp-content\/uploads\/2021\/11\/ZeitReise_Logo_RGB.png\",\"contentUrl\":\"https:\/\/zeit.reise\/staging\/wp-content\/uploads\/2021\/11\/ZeitReise_Logo_RGB.png\",\"width\":4215,\"height\":3887,\"caption\":\"ZEIT.REISE\"},\"image\":{\"@id\":\"https:\/\/zeit.reise\/staging\/#\/schema\/logo\/image\/\"},\"sameAs\":[\"https:\/\/www.facebook.com\/meineZEITmeineREISE\/\",\"https:\/\/x.com\/zeit_reise\",\"https:\/\/www.instagram.com\/zeit.reise_\/\",\"https:\/\/www.pinterest.at\/zeit_reise\/\",\"https:\/\/www.youtube.com\/channel\/UCYXUOAgpto2yntxx2TFronQ\"]}]}<\/script>\n<!-- \/ Yoast SEO plugin. -->","yoast_head_json":{"title":"Reisen | L\u00e4nder - ZEIT.REISE","robots":{"index":"noindex","follow":"follow","max-snippet":"max-snippet:-1","max-image-preview":"max-image-preview:large","max-video-preview":"max-video-preview:-1"},"og_locale":"en_US","og_type":"article","og_title":"Reisen | L\u00e4nder - ZEIT.REISE","og_url":"https:\/\/zeit.reise\/staging\/reisen-laender\/","og_site_name":"ZEIT.REISE","article_publisher":"https:\/\/www.facebook.com\/meineZEITmeineREISE\/","article_modified_time":"2022-01-13T18:53:02+00:00","og_image":[{"width":2560,"height":1700,"url":"https:\/\/zeit.reise\/staging\/wp-content\/uploads\/2022\/01\/Bulgarien_2015_title-scaled.jpg","type":"image\/jpeg"}],"twitter_card":"summary_large_image","twitter_site":"@zeit_reise","schema":{"@context":"https:\/\/schema.org","@graph":[{"@type":"WebPage","@id":"https:\/\/zeit.reise\/staging\/reisen-laender\/","url":"https:\/\/zeit.reise\/staging\/reisen-laender\/","name":"Reisen | L\u00e4nder - ZEIT.REISE","isPartOf":{"@id":"https:\/\/zeit.reise\/staging\/#website"},"primaryImageOfPage":{"@id":"https:\/\/zeit.reise\/staging\/reisen-laender\/#primaryimage"},"image":{"@id":"https:\/\/zeit.reise\/staging\/reisen-laender\/#primaryimage"},"thumbnailUrl":"https:\/\/zeit.reise\/staging\/wp-content\/uploads\/2022\/01\/Bulgarien_2015_title-scaled.jpg","datePublished":"2010-05-02T10:51:08+00:00","dateModified":"2022-01-13T18:53:02+00:00","breadcrumb":{"@id":"https:\/\/zeit.reise\/staging\/reisen-laender\/#breadcrumb"},"inLanguage":"en-US","potentialAction":[{"@type":"ReadAction","target":["https:\/\/zeit.reise\/staging\/reisen-laender\/"]}]},{"@type":"ImageObject","inLanguage":"en-US","@id":"https:\/\/zeit.reise\/staging\/reisen-laender\/#primaryimage","url":"https:\/\/zeit.reise\/staging\/wp-content\/uploads\/2022\/01\/Bulgarien_2015_title-scaled.jpg","contentUrl":"https:\/\/zeit.reise\/staging\/wp-content\/uploads\/2022\/01\/Bulgarien_2015_title-scaled.jpg","width":2560,"height":1700},{"@type":"BreadcrumbList","@id":"https:\/\/zeit.reise\/staging\/reisen-laender\/#breadcrumb","itemListElement":[{"@type":"ListItem","position":1,"name":"Home","item":"https:\/\/zeit.reise\/staging\/"},{"@type":"ListItem","position":2,"name":"Reisen | L\u00e4nder"}]},{"@type":"WebSite","@id":"https:\/\/zeit.reise\/staging\/#website","url":"https:\/\/zeit.reise\/staging\/","name":"ZEIT.REISE","description":"Exploring Planet Earth","publisher":{"@id":"https:\/\/zeit.reise\/staging\/#organization"},"potentialAction":[{"@type":"SearchAction","target":{"@type":"EntryPoint","urlTemplate":"https:\/\/zeit.reise\/staging\/?s={search_term_string}"},"query-input":{"@type":"PropertyValueSpecification","valueRequired":true,"valueName":"search_term_string"}}],"inLanguage":"en-US"},{"@type":"Organization","@id":"https:\/\/zeit.reise\/staging\/#organization","name":"ZEIT.REISE","url":"https:\/\/zeit.reise\/staging\/","logo":{"@type":"ImageObject","inLanguage":"en-US","@id":"https:\/\/zeit.reise\/staging\/#\/schema\/logo\/image\/","url":"https:\/\/zeit.reise\/staging\/wp-content\/uploads\/2021\/11\/ZeitReise_Logo_RGB.png","contentUrl":"https:\/\/zeit.reise\/staging\/wp-content\/uploads\/2021\/11\/ZeitReise_Logo_RGB.png","width":4215,"height":3887,"caption":"ZEIT.REISE"},"image":{"@id":"https:\/\/zeit.reise\/staging\/#\/schema\/logo\/image\/"},"sameAs":["https:\/\/www.facebook.com\/meineZEITmeineREISE\/","https:\/\/x.com\/zeit_reise","https:\/\/www.instagram.com\/zeit.reise_\/","https:\/\/www.pinterest.at\/zeit_reise\/","https:\/\/www.youtube.com\/channel\/UCYXUOAgpto2yntxx2TFronQ"]}]}},"_links":{"self":[{"href":"https:\/\/zeit.reise\/staging\/wp-json\/wp\/v2\/pages\/2408","targetHints":{"allow":["GET"]}}],"collection":[{"href":"https:\/\/zeit.reise\/staging\/wp-json\/wp\/v2\/pages"}],"about":[{"href":"https:\/\/zeit.reise\/staging\/wp-json\/wp\/v2\/types\/page"}],"author":[{"embeddable":true,"href":"https:\/\/zeit.reise\/staging\/wp-json\/wp\/v2\/users\/2"}],"replies":[{"embeddable":true,"href":"https:\/\/zeit.reise\/staging\/wp-json\/wp\/v2\/comments?post=2408"}],"version-history":[{"count":0,"href":"https:\/\/zeit.reise\/staging\/wp-json\/wp\/v2\/pages\/2408\/revisions"}],"wp:featuredmedia":[{"embeddable":true,"href":"https:\/\/zeit.reise\/staging\/wp-json\/wp\/v2\/media\/3960"}],"wp:attachment":[{"href":"https:\/\/zeit.reise\/staging\/wp-json\/wp\/v2\/media?parent=2408"}],"curies":[{"name":"wp","href":"https:\/\/api.w.org\/{rel}","templated":true}]}}