{"id":2226,"date":"2014-01-05T10:49:28","date_gmt":"2014-01-05T09:49:28","guid":{"rendered":"http:\/\/www.no-mads.net\/?page_id=2226"},"modified":"2022-04-18T16:57:45","modified_gmt":"2022-04-18T15:57:45","slug":"karpaten_offroad_rumaenien-2013","status":"publish","type":"page","link":"https:\/\/zeit.reise\/staging\/reisen-laender\/karpaten_offroad_rumaenien-2013\/","title":{"rendered":"2013 Rum\u00e4nien"},"content":{"rendered":"<p>Eine Woche Offroad durch die Karpaten in Rum\u00e4nien. Die Vorfreude war gro\u00df und wir waren sehr gespannt auf den diesj\u00e4hrigen Offroad&nbsp;Trip mit <a title=\"TC Offroad Trekking\" href=\"http:\/\/www.tc-offroad-trekking.de\/\" target=\"_blank\" rel=\"noopener noreferrer\">TC-Offroad-Trekking<\/a>. War ich doch schon 2009 mit KTM auf Enduro Reise und 2011 mit ProVenture auf einem &#8220;Expeditionstraining&#8221; in Rum\u00e4nien, wonach die Erwartungen schon relativ hoch waren. Rum\u00e4nien ist definitiv die perfekte Destination f\u00fcr kurze Offroad- und Enduroaufl\u00fcge, relativ rasch erreichbar, keine Buchungen f\u00fcr F\u00e4hren etc. notwendig und im Rahmen (R\u00fccksicht auf Mensch und Natur) alles erlaubt was Spa\u00df macht.<\/p>\n<p>Nach einer doch m\u00fchsamen Anreise (3 Stunden im Stau vor Budapest und nochmals 3 Stunden um die Unfallstelle auf der Autobahn zu Umfahren), kamen wir gegen 2 Uhr nachts am Treffpunkt in Rum\u00e4nien an. Den Samstag nutzten wir f\u00fcr Eink\u00e4ufe und Fahrzeug und Gep\u00e4ck f\u00fcr die Tour vorzubereiten. Langsam trafen die \u00fcbrigen Teilnehmer ein und so konnten wir uns relativ schnell mit allen bekannt machen.<\/p>\n<p>Montag morgens ging es&nbsp;dann los. Der Schwierigkeitsgrad der Tracks steigerte sich von Tag zu Tag. Das Ziel, die Fahrpraxis im Gel\u00e4nde w\u00e4hrend der zwangsl\u00e4ufigen &#8220;Babypause&#8221; aufrecht zu erhalten, wurde optimal erreicht. Viel Spa\u00df, Fahrfreude und definitiv Wiederholungsgefahr!<\/p>\n<p>[slickr-flickr tag=&#8221;Landcruiser\/Romania 2013&#8243; sort=date&#8221;]<\/p>\n<p>&nbsp;<\/p>\n","protected":false},"excerpt":{"rendered":"<p>Eine Woche Offroad durch die Karpaten in Rum\u00e4nien. Die Vorfreude war gro\u00df und wir waren sehr gespannt auf den diesj\u00e4hrigen Offroad&nbsp;Trip mit TC-Offroad-Trekking. War ich doch schon 2009 mit KTM auf Enduro Reise und 2011 mit ProVenture auf einem &#8220;Expeditionstraining&#8221; in Rum\u00e4nien, wonach die Erwartungen schon relativ hoch waren. Rum\u00e4nien ist definitiv die perfekte Destination [&hellip;]<\/p>\n","protected":false},"author":2,"featured_media":5162,"parent":2408,"menu_order":11,"comment_status":"open","ping_status":"closed","template":"","meta":{"footnotes":""},"class_list":["post-2226","page","type-page","status-publish","has-post-thumbnail","hentry"],"yoast_head":"<!-- This site is optimized with the Yoast SEO plugin v26.6 - https:\/\/yoast.com\/wordpress\/plugins\/seo\/ -->\n<title>Offroad Reise 2013 Karpaten Rum\u00e4nien<\/title>\n<meta name=\"description\" content=\"Rum\u00e4nien Karpaten Offroad Reise 2013 mit unserem Toyota Land Cruiser J9\" \/>\n<meta name=\"robots\" content=\"noindex, follow, max-snippet:-1, max-image-preview:large, max-video-preview:-1\" \/>\n<meta property=\"og:locale\" content=\"en_US\" \/>\n<meta property=\"og:type\" content=\"article\" \/>\n<meta property=\"og:title\" content=\"Offroad Reise 2013 Karpaten Rum\u00e4nien\" \/>\n<meta property=\"og:description\" content=\"Rum\u00e4nien Karpaten Offroad Reise 2013 mit unserem Toyota Land Cruiser J9\" \/>\n<meta property=\"og:url\" content=\"https:\/\/zeit.reise\/staging\/reisen-laender\/karpaten_offroad_rumaenien-2013\/\" \/>\n<meta property=\"og:site_name\" content=\"ZEIT.REISE\" \/>\n<meta property=\"article:publisher\" content=\"https:\/\/www.facebook.com\/meineZEITmeineREISE\/\" \/>\n<meta property=\"article:modified_time\" content=\"2022-04-18T15:57:45+00:00\" \/>\n<meta property=\"og:image\" content=\"https:\/\/zeit.reise\/staging\/wp-content\/uploads\/2022\/02\/DSC_0403-scaled-e1645888930688.jpg\" \/>\n\t<meta property=\"og:image:width\" content=\"1600\" \/>\n\t<meta property=\"og:image:height\" content=\"492\" \/>\n\t<meta property=\"og:image:type\" content=\"image\/jpeg\" \/>\n<meta name=\"twitter:card\" content=\"summary_large_image\" \/>\n<meta name=\"twitter:site\" content=\"@zeit_reise\" \/>\n<meta name=\"twitter:label1\" content=\"Est. reading time\" \/>\n\t<meta name=\"twitter:data1\" content=\"1 minute\" \/>\n<script type=\"application\/ld+json\" class=\"yoast-schema-graph\">{\"@context\":\"https:\/\/schema.org\",\"@graph\":[{\"@type\":\"WebPage\",\"@id\":\"https:\/\/zeit.reise\/staging\/reisen-laender\/karpaten_offroad_rumaenien-2013\/\",\"url\":\"https:\/\/zeit.reise\/staging\/reisen-laender\/karpaten_offroad_rumaenien-2013\/\",\"name\":\"Offroad Reise 2013 Karpaten Rum\u00e4nien\",\"isPartOf\":{\"@id\":\"https:\/\/zeit.reise\/staging\/#website\"},\"primaryImageOfPage\":{\"@id\":\"https:\/\/zeit.reise\/staging\/reisen-laender\/karpaten_offroad_rumaenien-2013\/#primaryimage\"},\"image\":{\"@id\":\"https:\/\/zeit.reise\/staging\/reisen-laender\/karpaten_offroad_rumaenien-2013\/#primaryimage\"},\"thumbnailUrl\":\"https:\/\/zeit.reise\/staging\/wp-content\/uploads\/2022\/02\/DSC_0403-scaled-e1645888930688.jpg\",\"datePublished\":\"2014-01-05T09:49:28+00:00\",\"dateModified\":\"2022-04-18T15:57:45+00:00\",\"description\":\"Rum\u00e4nien Karpaten Offroad Reise 2013 mit unserem Toyota Land Cruiser J9\",\"breadcrumb\":{\"@id\":\"https:\/\/zeit.reise\/staging\/reisen-laender\/karpaten_offroad_rumaenien-2013\/#breadcrumb\"},\"inLanguage\":\"en-US\",\"potentialAction\":[{\"@type\":\"ReadAction\",\"target\":[\"https:\/\/zeit.reise\/staging\/reisen-laender\/karpaten_offroad_rumaenien-2013\/\"]}]},{\"@type\":\"ImageObject\",\"inLanguage\":\"en-US\",\"@id\":\"https:\/\/zeit.reise\/staging\/reisen-laender\/karpaten_offroad_rumaenien-2013\/#primaryimage\",\"url\":\"https:\/\/zeit.reise\/staging\/wp-content\/uploads\/2022\/02\/DSC_0403-scaled-e1645888930688.jpg\",\"contentUrl\":\"https:\/\/zeit.reise\/staging\/wp-content\/uploads\/2022\/02\/DSC_0403-scaled-e1645888930688.jpg\",\"width\":1600,\"height\":492},{\"@type\":\"BreadcrumbList\",\"@id\":\"https:\/\/zeit.reise\/staging\/reisen-laender\/karpaten_offroad_rumaenien-2013\/#breadcrumb\",\"itemListElement\":[{\"@type\":\"ListItem\",\"position\":1,\"name\":\"Home\",\"item\":\"https:\/\/zeit.reise\/staging\/\"},{\"@type\":\"ListItem\",\"position\":2,\"name\":\"Reisen | L\u00e4nder\",\"item\":\"https:\/\/zeit.reise\/staging\/reisen-laender\/\"},{\"@type\":\"ListItem\",\"position\":3,\"name\":\"2013 Rum\u00e4nien\"}]},{\"@type\":\"WebSite\",\"@id\":\"https:\/\/zeit.reise\/staging\/#website\",\"url\":\"https:\/\/zeit.reise\/staging\/\",\"name\":\"ZEIT.REISE\",\"description\":\"Exploring Planet Earth\",\"publisher\":{\"@id\":\"https:\/\/zeit.reise\/staging\/#organization\"},\"potentialAction\":[{\"@type\":\"SearchAction\",\"target\":{\"@type\":\"EntryPoint\",\"urlTemplate\":\"https:\/\/zeit.reise\/staging\/?s={search_term_string}\"},\"query-input\":{\"@type\":\"PropertyValueSpecification\",\"valueRequired\":true,\"valueName\":\"search_term_string\"}}],\"inLanguage\":\"en-US\"},{\"@type\":\"Organization\",\"@id\":\"https:\/\/zeit.reise\/staging\/#organization\",\"name\":\"ZEIT.REISE\",\"url\":\"https:\/\/zeit.reise\/staging\/\",\"logo\":{\"@type\":\"ImageObject\",\"inLanguage\":\"en-US\",\"@id\":\"https:\/\/zeit.reise\/staging\/#\/schema\/logo\/image\/\",\"url\":\"https:\/\/zeit.reise\/staging\/wp-content\/uploads\/2021\/11\/ZeitReise_Logo_RGB.png\",\"contentUrl\":\"https:\/\/zeit.reise\/staging\/wp-content\/uploads\/2021\/11\/ZeitReise_Logo_RGB.png\",\"width\":4215,\"height\":3887,\"caption\":\"ZEIT.REISE\"},\"image\":{\"@id\":\"https:\/\/zeit.reise\/staging\/#\/schema\/logo\/image\/\"},\"sameAs\":[\"https:\/\/www.facebook.com\/meineZEITmeineREISE\/\",\"https:\/\/x.com\/zeit_reise\",\"https:\/\/www.instagram.com\/zeit.reise_\/\",\"https:\/\/www.pinterest.at\/zeit_reise\/\",\"https:\/\/www.youtube.com\/channel\/UCYXUOAgpto2yntxx2TFronQ\"]}]}<\/script>\n<!-- \/ Yoast SEO plugin. -->","yoast_head_json":{"title":"Offroad Reise 2013 Karpaten Rum\u00e4nien","description":"Rum\u00e4nien Karpaten Offroad Reise 2013 mit unserem Toyota Land Cruiser J9","robots":{"index":"noindex","follow":"follow","max-snippet":"max-snippet:-1","max-image-preview":"max-image-preview:large","max-video-preview":"max-video-preview:-1"},"og_locale":"en_US","og_type":"article","og_title":"Offroad Reise 2013 Karpaten Rum\u00e4nien","og_description":"Rum\u00e4nien Karpaten Offroad Reise 2013 mit unserem Toyota Land Cruiser J9","og_url":"https:\/\/zeit.reise\/staging\/reisen-laender\/karpaten_offroad_rumaenien-2013\/","og_site_name":"ZEIT.REISE","article_publisher":"https:\/\/www.facebook.com\/meineZEITmeineREISE\/","article_modified_time":"2022-04-18T15:57:45+00:00","og_image":[{"width":1600,"height":492,"url":"https:\/\/zeit.reise\/staging\/wp-content\/uploads\/2022\/02\/DSC_0403-scaled-e1645888930688.jpg","type":"image\/jpeg"}],"twitter_card":"summary_large_image","twitter_site":"@zeit_reise","twitter_misc":{"Est. reading time":"1 minute"},"schema":{"@context":"https:\/\/schema.org","@graph":[{"@type":"WebPage","@id":"https:\/\/zeit.reise\/staging\/reisen-laender\/karpaten_offroad_rumaenien-2013\/","url":"https:\/\/zeit.reise\/staging\/reisen-laender\/karpaten_offroad_rumaenien-2013\/","name":"Offroad Reise 2013 Karpaten Rum\u00e4nien","isPartOf":{"@id":"https:\/\/zeit.reise\/staging\/#website"},"primaryImageOfPage":{"@id":"https:\/\/zeit.reise\/staging\/reisen-laender\/karpaten_offroad_rumaenien-2013\/#primaryimage"},"image":{"@id":"https:\/\/zeit.reise\/staging\/reisen-laender\/karpaten_offroad_rumaenien-2013\/#primaryimage"},"thumbnailUrl":"https:\/\/zeit.reise\/staging\/wp-content\/uploads\/2022\/02\/DSC_0403-scaled-e1645888930688.jpg","datePublished":"2014-01-05T09:49:28+00:00","dateModified":"2022-04-18T15:57:45+00:00","description":"Rum\u00e4nien Karpaten Offroad Reise 2013 mit unserem Toyota Land Cruiser J9","breadcrumb":{"@id":"https:\/\/zeit.reise\/staging\/reisen-laender\/karpaten_offroad_rumaenien-2013\/#breadcrumb"},"inLanguage":"en-US","potentialAction":[{"@type":"ReadAction","target":["https:\/\/zeit.reise\/staging\/reisen-laender\/karpaten_offroad_rumaenien-2013\/"]}]},{"@type":"ImageObject","inLanguage":"en-US","@id":"https:\/\/zeit.reise\/staging\/reisen-laender\/karpaten_offroad_rumaenien-2013\/#primaryimage","url":"https:\/\/zeit.reise\/staging\/wp-content\/uploads\/2022\/02\/DSC_0403-scaled-e1645888930688.jpg","contentUrl":"https:\/\/zeit.reise\/staging\/wp-content\/uploads\/2022\/02\/DSC_0403-scaled-e1645888930688.jpg","width":1600,"height":492},{"@type":"BreadcrumbList","@id":"https:\/\/zeit.reise\/staging\/reisen-laender\/karpaten_offroad_rumaenien-2013\/#breadcrumb","itemListElement":[{"@type":"ListItem","position":1,"name":"Home","item":"https:\/\/zeit.reise\/staging\/"},{"@type":"ListItem","position":2,"name":"Reisen | L\u00e4nder","item":"https:\/\/zeit.reise\/staging\/reisen-laender\/"},{"@type":"ListItem","position":3,"name":"2013 Rum\u00e4nien"}]},{"@type":"WebSite","@id":"https:\/\/zeit.reise\/staging\/#website","url":"https:\/\/zeit.reise\/staging\/","name":"ZEIT.REISE","description":"Exploring Planet Earth","publisher":{"@id":"https:\/\/zeit.reise\/staging\/#organization"},"potentialAction":[{"@type":"SearchAction","target":{"@type":"EntryPoint","urlTemplate":"https:\/\/zeit.reise\/staging\/?s={search_term_string}"},"query-input":{"@type":"PropertyValueSpecification","valueRequired":true,"valueName":"search_term_string"}}],"inLanguage":"en-US"},{"@type":"Organization","@id":"https:\/\/zeit.reise\/staging\/#organization","name":"ZEIT.REISE","url":"https:\/\/zeit.reise\/staging\/","logo":{"@type":"ImageObject","inLanguage":"en-US","@id":"https:\/\/zeit.reise\/staging\/#\/schema\/logo\/image\/","url":"https:\/\/zeit.reise\/staging\/wp-content\/uploads\/2021\/11\/ZeitReise_Logo_RGB.png","contentUrl":"https:\/\/zeit.reise\/staging\/wp-content\/uploads\/2021\/11\/ZeitReise_Logo_RGB.png","width":4215,"height":3887,"caption":"ZEIT.REISE"},"image":{"@id":"https:\/\/zeit.reise\/staging\/#\/schema\/logo\/image\/"},"sameAs":["https:\/\/www.facebook.com\/meineZEITmeineREISE\/","https:\/\/x.com\/zeit_reise","https:\/\/www.instagram.com\/zeit.reise_\/","https:\/\/www.pinterest.at\/zeit_reise\/","https:\/\/www.youtube.com\/channel\/UCYXUOAgpto2yntxx2TFronQ"]}]}},"_links":{"self":[{"href":"https:\/\/zeit.reise\/staging\/wp-json\/wp\/v2\/pages\/2226","targetHints":{"allow":["GET"]}}],"collection":[{"href":"https:\/\/zeit.reise\/staging\/wp-json\/wp\/v2\/pages"}],"about":[{"href":"https:\/\/zeit.reise\/staging\/wp-json\/wp\/v2\/types\/page"}],"author":[{"embeddable":true,"href":"https:\/\/zeit.reise\/staging\/wp-json\/wp\/v2\/users\/2"}],"replies":[{"embeddable":true,"href":"https:\/\/zeit.reise\/staging\/wp-json\/wp\/v2\/comments?post=2226"}],"version-history":[{"count":1,"href":"https:\/\/zeit.reise\/staging\/wp-json\/wp\/v2\/pages\/2226\/revisions"}],"predecessor-version":[{"id":6709,"href":"https:\/\/zeit.reise\/staging\/wp-json\/wp\/v2\/pages\/2226\/revisions\/6709"}],"up":[{"embeddable":true,"href":"https:\/\/zeit.reise\/staging\/wp-json\/wp\/v2\/pages\/2408"}],"wp:featuredmedia":[{"embeddable":true,"href":"https:\/\/zeit.reise\/staging\/wp-json\/wp\/v2\/media\/5162"}],"wp:attachment":[{"href":"https:\/\/zeit.reise\/staging\/wp-json\/wp\/v2\/media?parent=2226"}],"curies":[{"name":"wp","href":"https:\/\/api.w.org\/{rel}","templated":true}]}}