{"id":1898,"date":"2013-01-06T13:56:49","date_gmt":"2013-01-06T12:56:49","guid":{"rendered":"http:\/\/www.webinfopoint.com\/?page_id=1898"},"modified":"2022-04-18T17:49:41","modified_gmt":"2022-04-18T16:49:41","slug":"2008-mosambik","status":"publish","type":"page","link":"https:\/\/zeit.reise\/staging\/reisen-laender\/2008-mosambik\/","title":{"rendered":"2008 Mosambik"},"content":{"rendered":"<p>\u00dcber Weihnachten und Sylvester\u00a0befand ich\u00a0mich auf Besuch in Pretoria. Von hier starteten wir eine einw\u00f6chige Tour nach Mosambik, mit dem vorrangigen Ziel zu fischen. Leider war der Wellengang \u00fcber Tage so hoch, dass wir schlussendlich nur einen halben Tag auf See waren und auch dieser war kein Vergn\u00fcgen.<br \/>\nWir haben uns bei unserem Ausflug also eher auf das Festland beschr\u00e4nkt und konnten so ganz gute Eindr\u00fccke von Land und Leuten bekommen.<\/p>\n<p>Mehr Infos \u00fcber Mozambique: <a href=\"http:\/\/de.wikipedia.org\/wiki\/Mozambique\">http:\/\/de.wikipedia.org\/wiki\/Mozambique<\/a><\/p>\n","protected":false},"excerpt":{"rendered":"<p>\u00dcber Weihnachten und Sylvester\u00a0befand ich\u00a0mich auf Besuch in Pretoria. Von hier starteten wir eine einw\u00f6chige Tour nach Mosambik, mit dem vorrangigen Ziel zu fischen. Leider war der Wellengang \u00fcber Tage so hoch, dass wir schlussendlich nur einen halben Tag auf See waren und auch dieser war kein Vergn\u00fcgen. Wir haben uns bei unserem Ausflug also [&hellip;]<\/p>\n","protected":false},"author":2,"featured_media":5174,"parent":2408,"menu_order":17,"comment_status":"open","ping_status":"closed","template":"","meta":{"footnotes":""},"class_list":["post-1898","page","type-page","status-publish","has-post-thumbnail","hentry"],"yoast_head":"<!-- This site is optimized with the Yoast SEO plugin v26.6 - https:\/\/yoast.com\/wordpress\/plugins\/seo\/ -->\n<title>2008 Mosambik - ZEIT.REISE<\/title>\n<meta name=\"robots\" content=\"noindex, follow, max-snippet:-1, max-image-preview:large, max-video-preview:-1\" \/>\n<meta property=\"og:locale\" content=\"en_US\" \/>\n<meta property=\"og:type\" content=\"article\" \/>\n<meta property=\"og:title\" content=\"2008 Mosambik - ZEIT.REISE\" \/>\n<meta property=\"og:description\" content=\"\u00dcber Weihnachten und Sylvester\u00a0befand ich\u00a0mich auf Besuch in Pretoria. Von hier starteten wir eine einw\u00f6chige Tour nach Mosambik, mit dem vorrangigen Ziel zu fischen. Leider war der Wellengang \u00fcber Tage so hoch, dass wir schlussendlich nur einen halben Tag auf See waren und auch dieser war kein Vergn\u00fcgen. Wir haben uns bei unserem Ausflug also [&hellip;]\" \/>\n<meta property=\"og:url\" content=\"https:\/\/zeit.reise\/staging\/reisen-laender\/2008-mosambik\/\" \/>\n<meta property=\"og:site_name\" content=\"ZEIT.REISE\" \/>\n<meta property=\"article:publisher\" content=\"https:\/\/www.facebook.com\/meineZEITmeineREISE\/\" \/>\n<meta property=\"article:modified_time\" content=\"2022-04-18T16:49:41+00:00\" \/>\n<meta property=\"og:image\" content=\"https:\/\/zeit.reise\/staging\/wp-content\/uploads\/2022\/02\/P1010655-scaled-e1645891746106.jpg\" \/>\n\t<meta property=\"og:image:width\" content=\"2560\" \/>\n\t<meta property=\"og:image:height\" content=\"985\" \/>\n\t<meta property=\"og:image:type\" content=\"image\/jpeg\" \/>\n<meta name=\"twitter:card\" content=\"summary_large_image\" \/>\n<meta name=\"twitter:site\" content=\"@zeit_reise\" \/>\n<meta name=\"twitter:label1\" content=\"Est. reading time\" \/>\n\t<meta name=\"twitter:data1\" content=\"1 minute\" \/>\n<script type=\"application\/ld+json\" class=\"yoast-schema-graph\">{\"@context\":\"https:\/\/schema.org\",\"@graph\":[{\"@type\":\"WebPage\",\"@id\":\"https:\/\/zeit.reise\/staging\/reisen-laender\/2008-mosambik\/\",\"url\":\"https:\/\/zeit.reise\/staging\/reisen-laender\/2008-mosambik\/\",\"name\":\"2008 Mosambik - ZEIT.REISE\",\"isPartOf\":{\"@id\":\"https:\/\/zeit.reise\/staging\/#website\"},\"primaryImageOfPage\":{\"@id\":\"https:\/\/zeit.reise\/staging\/reisen-laender\/2008-mosambik\/#primaryimage\"},\"image\":{\"@id\":\"https:\/\/zeit.reise\/staging\/reisen-laender\/2008-mosambik\/#primaryimage\"},\"thumbnailUrl\":\"https:\/\/zeit.reise\/staging\/wp-content\/uploads\/2022\/02\/P1010655-scaled-e1645891746106.jpg\",\"datePublished\":\"2013-01-06T12:56:49+00:00\",\"dateModified\":\"2022-04-18T16:49:41+00:00\",\"breadcrumb\":{\"@id\":\"https:\/\/zeit.reise\/staging\/reisen-laender\/2008-mosambik\/#breadcrumb\"},\"inLanguage\":\"en-US\",\"potentialAction\":[{\"@type\":\"ReadAction\",\"target\":[\"https:\/\/zeit.reise\/staging\/reisen-laender\/2008-mosambik\/\"]}]},{\"@type\":\"ImageObject\",\"inLanguage\":\"en-US\",\"@id\":\"https:\/\/zeit.reise\/staging\/reisen-laender\/2008-mosambik\/#primaryimage\",\"url\":\"https:\/\/zeit.reise\/staging\/wp-content\/uploads\/2022\/02\/P1010655-scaled-e1645891746106.jpg\",\"contentUrl\":\"https:\/\/zeit.reise\/staging\/wp-content\/uploads\/2022\/02\/P1010655-scaled-e1645891746106.jpg\",\"width\":2560,\"height\":985},{\"@type\":\"BreadcrumbList\",\"@id\":\"https:\/\/zeit.reise\/staging\/reisen-laender\/2008-mosambik\/#breadcrumb\",\"itemListElement\":[{\"@type\":\"ListItem\",\"position\":1,\"name\":\"Home\",\"item\":\"https:\/\/zeit.reise\/staging\/\"},{\"@type\":\"ListItem\",\"position\":2,\"name\":\"Reisen | L\u00e4nder\",\"item\":\"https:\/\/zeit.reise\/staging\/reisen-laender\/\"},{\"@type\":\"ListItem\",\"position\":3,\"name\":\"2008 Mosambik\"}]},{\"@type\":\"WebSite\",\"@id\":\"https:\/\/zeit.reise\/staging\/#website\",\"url\":\"https:\/\/zeit.reise\/staging\/\",\"name\":\"ZEIT.REISE\",\"description\":\"Exploring Planet Earth\",\"publisher\":{\"@id\":\"https:\/\/zeit.reise\/staging\/#organization\"},\"potentialAction\":[{\"@type\":\"SearchAction\",\"target\":{\"@type\":\"EntryPoint\",\"urlTemplate\":\"https:\/\/zeit.reise\/staging\/?s={search_term_string}\"},\"query-input\":{\"@type\":\"PropertyValueSpecification\",\"valueRequired\":true,\"valueName\":\"search_term_string\"}}],\"inLanguage\":\"en-US\"},{\"@type\":\"Organization\",\"@id\":\"https:\/\/zeit.reise\/staging\/#organization\",\"name\":\"ZEIT.REISE\",\"url\":\"https:\/\/zeit.reise\/staging\/\",\"logo\":{\"@type\":\"ImageObject\",\"inLanguage\":\"en-US\",\"@id\":\"https:\/\/zeit.reise\/staging\/#\/schema\/logo\/image\/\",\"url\":\"https:\/\/zeit.reise\/staging\/wp-content\/uploads\/2021\/11\/ZeitReise_Logo_RGB.png\",\"contentUrl\":\"https:\/\/zeit.reise\/staging\/wp-content\/uploads\/2021\/11\/ZeitReise_Logo_RGB.png\",\"width\":4215,\"height\":3887,\"caption\":\"ZEIT.REISE\"},\"image\":{\"@id\":\"https:\/\/zeit.reise\/staging\/#\/schema\/logo\/image\/\"},\"sameAs\":[\"https:\/\/www.facebook.com\/meineZEITmeineREISE\/\",\"https:\/\/x.com\/zeit_reise\",\"https:\/\/www.instagram.com\/zeit.reise_\/\",\"https:\/\/www.pinterest.at\/zeit_reise\/\",\"https:\/\/www.youtube.com\/channel\/UCYXUOAgpto2yntxx2TFronQ\"]}]}<\/script>\n<!-- \/ Yoast SEO plugin. -->","yoast_head_json":{"title":"2008 Mosambik - ZEIT.REISE","robots":{"index":"noindex","follow":"follow","max-snippet":"max-snippet:-1","max-image-preview":"max-image-preview:large","max-video-preview":"max-video-preview:-1"},"og_locale":"en_US","og_type":"article","og_title":"2008 Mosambik - ZEIT.REISE","og_description":"\u00dcber Weihnachten und Sylvester\u00a0befand ich\u00a0mich auf Besuch in Pretoria. Von hier starteten wir eine einw\u00f6chige Tour nach Mosambik, mit dem vorrangigen Ziel zu fischen. Leider war der Wellengang \u00fcber Tage so hoch, dass wir schlussendlich nur einen halben Tag auf See waren und auch dieser war kein Vergn\u00fcgen. Wir haben uns bei unserem Ausflug also [&hellip;]","og_url":"https:\/\/zeit.reise\/staging\/reisen-laender\/2008-mosambik\/","og_site_name":"ZEIT.REISE","article_publisher":"https:\/\/www.facebook.com\/meineZEITmeineREISE\/","article_modified_time":"2022-04-18T16:49:41+00:00","og_image":[{"width":2560,"height":985,"url":"https:\/\/zeit.reise\/staging\/wp-content\/uploads\/2022\/02\/P1010655-scaled-e1645891746106.jpg","type":"image\/jpeg"}],"twitter_card":"summary_large_image","twitter_site":"@zeit_reise","twitter_misc":{"Est. reading time":"1 minute"},"schema":{"@context":"https:\/\/schema.org","@graph":[{"@type":"WebPage","@id":"https:\/\/zeit.reise\/staging\/reisen-laender\/2008-mosambik\/","url":"https:\/\/zeit.reise\/staging\/reisen-laender\/2008-mosambik\/","name":"2008 Mosambik - ZEIT.REISE","isPartOf":{"@id":"https:\/\/zeit.reise\/staging\/#website"},"primaryImageOfPage":{"@id":"https:\/\/zeit.reise\/staging\/reisen-laender\/2008-mosambik\/#primaryimage"},"image":{"@id":"https:\/\/zeit.reise\/staging\/reisen-laender\/2008-mosambik\/#primaryimage"},"thumbnailUrl":"https:\/\/zeit.reise\/staging\/wp-content\/uploads\/2022\/02\/P1010655-scaled-e1645891746106.jpg","datePublished":"2013-01-06T12:56:49+00:00","dateModified":"2022-04-18T16:49:41+00:00","breadcrumb":{"@id":"https:\/\/zeit.reise\/staging\/reisen-laender\/2008-mosambik\/#breadcrumb"},"inLanguage":"en-US","potentialAction":[{"@type":"ReadAction","target":["https:\/\/zeit.reise\/staging\/reisen-laender\/2008-mosambik\/"]}]},{"@type":"ImageObject","inLanguage":"en-US","@id":"https:\/\/zeit.reise\/staging\/reisen-laender\/2008-mosambik\/#primaryimage","url":"https:\/\/zeit.reise\/staging\/wp-content\/uploads\/2022\/02\/P1010655-scaled-e1645891746106.jpg","contentUrl":"https:\/\/zeit.reise\/staging\/wp-content\/uploads\/2022\/02\/P1010655-scaled-e1645891746106.jpg","width":2560,"height":985},{"@type":"BreadcrumbList","@id":"https:\/\/zeit.reise\/staging\/reisen-laender\/2008-mosambik\/#breadcrumb","itemListElement":[{"@type":"ListItem","position":1,"name":"Home","item":"https:\/\/zeit.reise\/staging\/"},{"@type":"ListItem","position":2,"name":"Reisen | L\u00e4nder","item":"https:\/\/zeit.reise\/staging\/reisen-laender\/"},{"@type":"ListItem","position":3,"name":"2008 Mosambik"}]},{"@type":"WebSite","@id":"https:\/\/zeit.reise\/staging\/#website","url":"https:\/\/zeit.reise\/staging\/","name":"ZEIT.REISE","description":"Exploring Planet Earth","publisher":{"@id":"https:\/\/zeit.reise\/staging\/#organization"},"potentialAction":[{"@type":"SearchAction","target":{"@type":"EntryPoint","urlTemplate":"https:\/\/zeit.reise\/staging\/?s={search_term_string}"},"query-input":{"@type":"PropertyValueSpecification","valueRequired":true,"valueName":"search_term_string"}}],"inLanguage":"en-US"},{"@type":"Organization","@id":"https:\/\/zeit.reise\/staging\/#organization","name":"ZEIT.REISE","url":"https:\/\/zeit.reise\/staging\/","logo":{"@type":"ImageObject","inLanguage":"en-US","@id":"https:\/\/zeit.reise\/staging\/#\/schema\/logo\/image\/","url":"https:\/\/zeit.reise\/staging\/wp-content\/uploads\/2021\/11\/ZeitReise_Logo_RGB.png","contentUrl":"https:\/\/zeit.reise\/staging\/wp-content\/uploads\/2021\/11\/ZeitReise_Logo_RGB.png","width":4215,"height":3887,"caption":"ZEIT.REISE"},"image":{"@id":"https:\/\/zeit.reise\/staging\/#\/schema\/logo\/image\/"},"sameAs":["https:\/\/www.facebook.com\/meineZEITmeineREISE\/","https:\/\/x.com\/zeit_reise","https:\/\/www.instagram.com\/zeit.reise_\/","https:\/\/www.pinterest.at\/zeit_reise\/","https:\/\/www.youtube.com\/channel\/UCYXUOAgpto2yntxx2TFronQ"]}]}},"_links":{"self":[{"href":"https:\/\/zeit.reise\/staging\/wp-json\/wp\/v2\/pages\/1898","targetHints":{"allow":["GET"]}}],"collection":[{"href":"https:\/\/zeit.reise\/staging\/wp-json\/wp\/v2\/pages"}],"about":[{"href":"https:\/\/zeit.reise\/staging\/wp-json\/wp\/v2\/types\/page"}],"author":[{"embeddable":true,"href":"https:\/\/zeit.reise\/staging\/wp-json\/wp\/v2\/users\/2"}],"replies":[{"embeddable":true,"href":"https:\/\/zeit.reise\/staging\/wp-json\/wp\/v2\/comments?post=1898"}],"version-history":[{"count":5,"href":"https:\/\/zeit.reise\/staging\/wp-json\/wp\/v2\/pages\/1898\/revisions"}],"predecessor-version":[{"id":6813,"href":"https:\/\/zeit.reise\/staging\/wp-json\/wp\/v2\/pages\/1898\/revisions\/6813"}],"up":[{"embeddable":true,"href":"https:\/\/zeit.reise\/staging\/wp-json\/wp\/v2\/pages\/2408"}],"wp:featuredmedia":[{"embeddable":true,"href":"https:\/\/zeit.reise\/staging\/wp-json\/wp\/v2\/media\/5174"}],"wp:attachment":[{"href":"https:\/\/zeit.reise\/staging\/wp-json\/wp\/v2\/media?parent=1898"}],"curies":[{"name":"wp","href":"https:\/\/api.w.org\/{rel}","templated":true}]}}