{"id":1670,"date":"2012-06-24T07:55:33","date_gmt":"2012-06-24T06:55:33","guid":{"rendered":"http:\/\/www.webinfopoint.com\/?page_id=1670"},"modified":"2022-04-18T17:10:24","modified_gmt":"2022-04-18T16:10:24","slug":"sardinien-2012","status":"publish","type":"page","link":"https:\/\/zeit.reise\/staging\/reisen-laender\/sardinien-2012\/","title":{"rendered":"2012 Sardinien"},"content":{"rendered":"<h1>SARDINIEN &#8211; TRAUMHAFT SCH\u00d6N<\/h1>\n<p>Wir sind nach unserer ersten Sardinienreise totale Fans der Insel geworden und werden sicher wieder kommen. Manche unserer Kommentare bitte nicht negativ zu verstehen, sie sollen lediglich dazu dienen, sich auf eine Sardinienreise bestm\u00f6glich einzustellen.<\/p>\n<h2>Anreise<\/h2>\n<p>Wir haben uns entschieden \u201cgetrennt\u201d anzureisen. Frau und Kind werden per Flugzeug (Salzburg \u2013 Olbia) anreisen, und ich mit unserem J9 \u00fcber die Tauernautobahn, Italien bis Livorno und dann per F\u00e4hre nach Olbia \u00fcbersetzen. Die Strecke Salzburg &#8211; Livorno betr\u00e4gt ca 750Km und ich habe mal 10h plus Reserven eingeplant.<\/p>\n<h4>F\u00e4hre<\/h4>\n<p>\u201dSardinia Ferries\u201d Schiff: Mega Express Three<\/p>\n<p>Die Kosten f\u00fcr die F\u00e4hre f\u00fcr ein Auto mit 2,5m H\u00f6he und einem Passagier betragen f\u00fcr Hin- und R\u00fcckfahrt (Livorno \u2013 Olbia, Olbia \u2013 Livorno) 230,\u2014\u20ac (ohne Kabine zum Schlafen)<\/p>\n<p>Das Schiff ist generell sauber und f\u00fcr die 6-7h \u00dcberfahrtsdauer sind gen\u00fcgend M\u00f6glichkeiten f\u00fcr Unterhaltung und Verpflegung (zu \u201cF\u00e4hrpreisen&#8221;) vorhanden.<\/p>\n<h4>Flug<\/h4>\n<p>Ticket f\u00fcr Frau und Kind mit \u201cFly Niki\u201d von Salzburg nach Olbia und retour kostet 230,\u2014\u20ac (Baby fliegt gratis). Flugdauer 1:25h \u2013 perfekt f\u00fcr Mutter mit Kind.<\/p>\n<h2>Wetter im Juni<\/h2>\n<p>F\u00fcr uns war das Wetter einfach perfekt. Tags\u00fcber sonnig und hei\u00df bei 25 &#8211; 30\u00b0, nachts k\u00fchlt es auf angenehme 15 &#8211; 18\u00b0 ab. So k\u00f6nnen wir den ganzen Tag (in unserem Fall von 6h morgens bis 21h abends) in kurzen Hosen und T-Shirts verbringen, am Strand in der Sonne oder im Schatten liegen (Schatten nicht zu kalt f\u00fcr unser Baby), im noch erfrischenden Meer baden und nachts entspannt bei abgek\u00fchlten Temperaturen schlafen. Wir hatten keinen Regen, obwohl es zwei mal fast danach ausgesehen h\u00e4tte.<\/p>\n<h2>Vorsaison<\/h2>\n<p>Wir haben sie wieder geno\u00dfen, die Vorsaison. Die Campingpl\u00e4tze fast leer, in den Hotels immer Zimmer frei und die Preiese im Vergleich zu Juli und speziell August sehr moderat. (Camping in 3 Sterne Kategorie f\u00fcr 20,\u2014\u20ac f\u00fcr ein gro\u00dfes Zelt, 2 Personen und Auto pro Tag, 3 Stern Hotel mit Fr\u00fchst\u00fcck 40,\u2014pro Person und Tag)<\/p>\n<p>Auch die Tatsache, dass das Animationsprogramm noch nicht gestartet wurde ist ein Segen der Vorsaison, auch die Discos in den Touristenpl\u00e4tzen waren noch geschlossen. Mit Kleinkind, welches gegen 20h schlafen sollte gilt zu beachten, dass die Italiener generell ein lautes Volk sind (Hupen, Diskutieren, euphorisch die Fu\u00dfball EM verfolgen etc und auch ihr Abendprogramm erst gegen 20h beginnt und es erst gegen 23h wieder zu einer n\u00e4chtlichen Ruhe kommt.<\/p>\n<h2>Einkaufen<\/h2>\n<p>Es gibt \u00fcberall kleinere Superm\u00e4rkte wie Sigma, Sisa etc. Wir haben uns jedoch an die Empfehlung unseres Reisef\u00fchrers gehalten und stets nach einem ISA Supermarkt Ausschau gehalten. Die ISA Superm\u00e4rkte werden von einer sardischen Firma betrieben und haben speziell lokale Produkte aus Sardinien im Sortiment. Da uns der lokale Gedanke und der Verbleib der Euros auf Sardinien wichtig erscheint haben wir, sofern m\u00f6glich, bei ISA eingekauft. Das Sortiment f\u00fcr die Dienge die man so braucht ist ziemlich komplett, lediglich Obst, Gem\u00fcse und Brot sollte man in den daf\u00fcr spezialisierten Gesch\u00e4ften kaufen.<\/p>\n<h2>Kinderfreundlichkeit<\/h2>\n<p>Extrem positiv sind wir von der schon fast euphorischen Kinderfreundlichkeit angetan. Wir waren auf Sardinien mit unserem 11 Monate alten Kind stets \u00e4u\u00dferst willkommen und unser Junior war immer schnell in den, vorweigend weiblichen,&nbsp; H\u00e4nden der Besch\u00e4ftigen von Gesch\u00e4ften, Restaurants, etc. Kinder scheinen auf Sardinien niemanden zur Last zu fallen oder zu nerven. Ganz im Gegenteil, das Kind ist meist der Schl\u00fcssen zu \u00e4u\u00dferst netten Bekanntschaften mit den Sarden.<\/p>\n<h2>M\u00fcll<\/h2>\n<p>In Sardinien scheint es zwei Ans\u00e4tze f\u00fcr M\u00fcllbeseitigung zu geben. Einerseits, so scheint es, wird M\u00fcll einfach aus dem Auto geworfen oder falls viel M\u00fcll und Schutt angefallen ist hinter sich eine anbietende B\u00f6schung gekippt. Um so erstaunter waren wir dann oft auf Campingpl\u00e4tzen und \u00f6ffentlichen Pl\u00e4tzen, wo eine strikte M\u00fclltrennung vorgeschrieben und mehr oder weniger konsequent eingehalten wird. M\u00fcll ist f\u00fcr uns der wohl einzige Wehrmutstropfen in Bezug auf die Sch\u00f6nheit der Insel.<\/p>\n<h2>Camping<\/h2>\n<p>Wir haben zwei Campingpl\u00e4tze auf Sadinien besucht. Die Beiden k\u00f6nnten unterschiedlicher nicht sein.<\/p>\n<ul>\n<li>\n<h4>Camping Cala Ginepro (Cala Ginepro):<\/h4>\n<p>Ein etwas in die Jahre gekommener, gr\u00f6\u00dferer Campingplatz der Insel. Das riesige Gel\u00e4nde grenzt an zwei Sand- und einen Fels-\/Steinstrand, zu diesen f\u00fchren drei Ausg\u00e4nge. Die am Strand aufgestellten Liegen und Schirme stehen nur G\u00e4ste eines Bungalows gratis zur Verf\u00fcgung. Der \u201ceinfache\u201d Gast mit Zeld oder Wohnwagen mu\u00df im Juni in der ersten Reihe nochmals 8,\u2014\u20ac f\u00fcr dessen Benutzung berappen. Nach 4 Tagen Aufenthalt wurden wir aufgefordert unser Auto auf einen Parkplatz zu stellen, auch wurde die n\u00e4chtliche Musikkulisse immer intensiver, von 14h bis 16h herrscht ein&nbsp;generelles Fahrverbot und die M\u00fclltrennung erscheint uns etwas \u00fcbermotiviert und schlecht organisiert., Auf den Toiletten keine Klobrillen und kein Klopapier.<\/p>\n<p><strong>Unser Fazit:<\/strong> \u00dcberorganisiert, keine Highlights, Str\u00e4nde sind auf ganz Sardinien sch\u00f6n.<\/li>\n<li>\n<h4>Camping Mare Blu (Santa Maria Navarrese):<\/h4>\n<p>Ein ebenfalls schon in die Jahre gekommener, jedoch kleiner Campingplatz.Die sanit\u00e4ren Anlagen sind alt, werden aber sehr sauber gehalten und mit Blumenschmuck etwas aufgeschm\u00fcckt. Vom Platz selbst sind es nur 20m direkt ins Meer, einzig der breite, grobk\u00f6rnige Strand befindet sich dazwischen. Wir konnten ein Pl\u00e4tzchen direkt in erster Reihe am Meer f\u00fc unser Zelt finden und geno\u00dfen den grandiosen Blick aufs Meer. Morgens und abends herrsche jedoch leider meist kr\u00e4ftiger Wind aus Richtung Meer, welcher doch noch recht k\u00fchl war. Der Platz ist durch die extrem dicht stehenden Pinien sehr schattig. Es gibt keine fixen Pl\u00e4tze, man hat also freie Platzwahl. Auto kann beim Zelt stehen. M\u00fclltrennung passiert auch hier, ist aber extrem unkompliziert. Die Toiletten sind die fr\u00fcher in Italien oft anzutreffenden \u201cL\u00f6cher im Boden\u201d, Klopapier auch hier Fehlanzeige.<\/p>\n<p><strong>Unser Fazit:<\/strong> Tolle Lage direkt am Meer, nettes Personal, richtige Gem\u00fctlichkeit stellte sich jedoch nicht so recht ein. Wir \u201c\u00fcbersiedelten\u201d nach zwei N\u00e4chten in ein 3Stern Hotel im Ort und geno\u00dfen die tolle fu\u00dfl\u00e4ufige Infrastruktur (Gelateria, Cafeteria, Restaurants, Supermarkt, Boutiqen, Spielplatz, ..). Klingt seltsam, versteht man aber wahrscheinlich nur, wenn man zwei N\u00e4chte mit Baby am Camping Mare Blu verbracht hat.<\/li>\n<\/ul>\n<h2>Preise<\/h2>\n<p>Die Preise scheinen unserem Preisniveau zu entsprechen. Dinge des t\u00e4glichen Bedarfs sind preislich ident zu \u00d6sterreich, Diesel mit bis zu 1,75 pro Liter wesentlich teurer, \u00dcbernachten und Essen ebenfalls auf heimischem Niveau. Generell positiv ist uns aufgefallen, dass in Bars und Restaurants 1,5L Wasser nur 1,50 oder 2,\u2014\u20ac und ein Espresse generell 1,\u2014\u20ac kosten.<\/p>\n<h2>Kulinarisches<\/h2>\n<p>In diesem Punkt hat Sardinien nicht ganz unsere Erwartungen erf\u00fcllt. Die Auswahl an sardischem Obst und Gem\u00fcse war minimal, den auf Sardinien typischen W\u00fcrste hatten wir nach einer Woche entsagt, Pecorino ist ausgezeichnet aber auf Dauer etwas einseitig. In diesem Punkt m\u00fcssen wir uns bei unserem n\u00e4chtsten Sardinien Urlaub besser vorbereiten um in die Gen\u00fc\u00dfe der lokalen Spezialit\u00e4ten zu kommen.<\/p>\n<h2>Wein<\/h2>\n<p>Bei unserer Weindegustation haben wir uns auf die sardische Rebsorte Cannonau (Canonau) beschr\u00e4nkt. Ich habe keine Notizen angefertigt um \u00fcber die verschiedenen Weine berichten zu k\u00f6nnen. Alle von uns verkosteten Weine lagen in der Preisklasse 5 \u2013 8,\u2014\u20ac und waren aus den Jahrg\u00e4ngen 2007 bis 2010. Alle Weine waren sehr k\u00f6stlich, kein Fehlgriff dabei. Der Wein sollte generell genug Zeit zum Atmen bekommen und schmeckt vorz\u00fcglich zu Pecorino und \u201cPane Carasau\u201d (hauchd\u00fcnnes, knuspriges Fladenbrot)<\/p>\n<h2>Espresso<\/h2>\n<p>Die Italiener sind Meister in der Espressozubereitung, ich habe in Italien und auch auf Sardinien noch nie schlechten Espresso serviert bekommen (einzig auf einer OMV Tankstelle! an der Autobahn). In italienischen Restaurants und Bars habe ich bis dato nur Siebtr\u00e4germaschinen gesehen. Kaffeevollautomaten scheinen, und bleiben es hoffentlich f\u00fcr immer, verp\u00f6nt.<\/p>\n<p>Besonders positiv finde ich auch den anscheinenden \u201cEinheitspreis\u201d. Ob auf der Tankstelle, auf der F\u00e4hre, in der Bar oder im Restaurant haben wir stets 1,\u2014\u20ac bezahlt, lediglich einmal 80Cent und am Flughafen 1,10,\u2014\u20ac.<\/p>\n<h2>Pecorino<\/h2>\n<p>Urspr\u00fcnglich stammt Pecorino aus Sardinien. Dieser Umstand ist auf der Insel \u00fcberall sp\u00fcrbar. In den Gesch\u00e4ften, in der Zubereitung der Gerichte oder am Strand durch aufdringliche H\u00e4ndler die dort mit ihren Lieferwagen auf ahnungslose Touristen warten. Von diesen keinesfalls Pecorino kaufen, der Preis ist zu hoch und ihnen wird mit sicherheit mehr verkauft als sie zu verstehen gegeben haben. Besser an den K\u00e4setheken in den Superm\u00e4rkten kleine St\u00fccke kaufen und verkosten.<\/p>\n<h2>Mahmadan<\/h2>\n<p>Im Ort Santa Maria Navarrese in der Strandbar \/ Ristorante L\u2019Olivastro bekommt man \u201cMamhadan\u201d serviert. Dabei handelt es sich um eine Pizza mit Kartoffelteig \u2013 keine Pizzarevolution aber sehr k\u00f6stlich! Sollte man bei einem Aufenthalt in Santa Maria Navarese unbedingt probieren. Auch die Location ist phantastisch, direkt am Meer unter einem phantastischen uralten, riesigen Olivenbaum mit Blick auf die roten Felsen bei Arbatax.<\/p>\n<h2>Toiletten<\/h2>\n<p>Die Toiletten sind generell sehr \u201ceinfach\u201d gehalten, nur sehr selten ist Klopapier vorhanden \u2013 immer selbst mitnehmen!<\/p>\n<h2>Photos unserer Sardinienreise 2012:<\/h2>\n<p>[slickr-flickr tag=&#8221;Sardinien 2012&#8243; sort=&#8221;date&#8221;]<\/p>\n<p>&nbsp;<\/p>\n<h2>Reiseinformationen<\/h2>\n<p><strong>Reisef\u00fchrer:<\/strong><br \/>\nSardinien, von Peter H\u00f6h, 6. Auflage, 2010<\/p>\n<p>Sehr ausf\u00fchrlicher und hilfreicher Reisef\u00fchrer. F\u00fchlten uns stets gut informiert und alle Angaben waren korrekt. Sollte vom Autor etwas als \u201cgeschmackvoll\u201d beschrieben werden so gilt wie immer \u201cGeschm\u00e4cker sind verschieden\u201d.<\/p>\n<p><iframe loading=\"lazy\" style=\"width: 120px; height: 240px;\" src=\"http:\/\/rcm-de.amazon.de\/e\/cm?t=webihilfinfoz-21&amp;o=3&amp;p=8&amp;l=as1&amp;asins=3831721769&amp;nou=1&amp;ref=tf_til&amp;fc1=000000&amp;IS2=1&amp;lt1=_blank&amp;m=amazon&amp;lc1=0000FF&amp;bc1=000000&amp;bg1=FFFFFF&amp;f=ifr\" width=\"300\" height=\"150\" frameborder=\"0\" marginwidth=\"0\" marginheight=\"0\" scrolling=\"no\"><\/iframe><\/p>\n<p><strong>Strassenkarte:<\/strong><br \/>\nSardegna \u2013 Carta stradale e turistica vom Touring Club Italiana, Massstab 1:200 000<\/p>\n<p>Sehr aktuelle und genaue Strassenkarte. Landschaftlich sch\u00f6ne Strecken und touristische Orte sind gekennzeichnet.<\/p>\n<p><iframe loading=\"lazy\" style=\"width: 120px; height: 240px;\" src=\"http:\/\/rcm-de.amazon.de\/e\/cm?t=webihilfinfoz-21&amp;o=3&amp;p=8&amp;l=as1&amp;asins=B0073Q0UMW&amp;nou=1&amp;ref=tf_til&amp;fc1=000000&amp;IS2=1&amp;lt1=_blank&amp;m=amazon&amp;lc1=0000FF&amp;bc1=000000&amp;bg1=FFFFFF&amp;f=ifr\" width=\"300\" height=\"150\" frameborder=\"0\" marginwidth=\"0\" marginheight=\"0\" scrolling=\"no\"><\/iframe><\/p>\n<p>&nbsp;<\/p>\n","protected":false},"excerpt":{"rendered":"<p>SARDINIEN &#8211; TRAUMHAFT SCH\u00d6N Wir sind nach unserer ersten Sardinienreise totale Fans der Insel geworden und werden sicher wieder kommen. Manche unserer Kommentare bitte nicht negativ zu verstehen, sie sollen lediglich dazu dienen, sich auf eine Sardinienreise bestm\u00f6glich einzustellen. Anreise Wir haben uns entschieden \u201cgetrennt\u201d anzureisen. Frau und Kind werden per Flugzeug (Salzburg \u2013 Olbia) [&hellip;]<\/p>\n","protected":false},"author":2,"featured_media":6723,"parent":2408,"menu_order":12,"comment_status":"open","ping_status":"closed","template":"","meta":{"footnotes":""},"class_list":["post-1670","page","type-page","status-publish","has-post-thumbnail","hentry"],"yoast_head":"<!-- This site is optimized with the Yoast SEO plugin v26.6 - https:\/\/yoast.com\/wordpress\/plugins\/seo\/ -->\n<title>2012 Sardinien - ZEIT.REISE<\/title>\n<meta name=\"robots\" content=\"noindex, follow, max-snippet:-1, max-image-preview:large, max-video-preview:-1\" \/>\n<meta property=\"og:locale\" content=\"en_US\" \/>\n<meta property=\"og:type\" content=\"article\" \/>\n<meta property=\"og:title\" content=\"2012 Sardinien - ZEIT.REISE\" \/>\n<meta property=\"og:description\" content=\"SARDINIEN &#8211; TRAUMHAFT SCH\u00d6N Wir sind nach unserer ersten Sardinienreise totale Fans der Insel geworden und werden sicher wieder kommen. Manche unserer Kommentare bitte nicht negativ zu verstehen, sie sollen lediglich dazu dienen, sich auf eine Sardinienreise bestm\u00f6glich einzustellen. Anreise Wir haben uns entschieden \u201cgetrennt\u201d anzureisen. Frau und Kind werden per Flugzeug (Salzburg \u2013 Olbia) [&hellip;]\" \/>\n<meta property=\"og:url\" content=\"https:\/\/zeit.reise\/staging\/reisen-laender\/sardinien-2012\/\" \/>\n<meta property=\"og:site_name\" content=\"ZEIT.REISE\" \/>\n<meta property=\"article:publisher\" content=\"https:\/\/www.facebook.com\/meineZEITmeineREISE\/\" \/>\n<meta property=\"article:modified_time\" content=\"2022-04-18T16:10:24+00:00\" \/>\n<meta property=\"og:image\" content=\"https:\/\/zeit.reise\/staging\/wp-content\/uploads\/2022\/04\/DSC_0117-scaled.jpg\" \/>\n\t<meta property=\"og:image:width\" content=\"2560\" \/>\n\t<meta property=\"og:image:height\" content=\"1700\" \/>\n\t<meta property=\"og:image:type\" content=\"image\/jpeg\" \/>\n<meta name=\"twitter:card\" content=\"summary_large_image\" \/>\n<meta name=\"twitter:site\" content=\"@zeit_reise\" \/>\n<meta name=\"twitter:label1\" content=\"Est. reading time\" \/>\n\t<meta name=\"twitter:data1\" content=\"7 minutes\" \/>\n<script type=\"application\/ld+json\" class=\"yoast-schema-graph\">{\"@context\":\"https:\/\/schema.org\",\"@graph\":[{\"@type\":\"WebPage\",\"@id\":\"https:\/\/zeit.reise\/staging\/reisen-laender\/sardinien-2012\/\",\"url\":\"https:\/\/zeit.reise\/staging\/reisen-laender\/sardinien-2012\/\",\"name\":\"2012 Sardinien - ZEIT.REISE\",\"isPartOf\":{\"@id\":\"https:\/\/zeit.reise\/staging\/#website\"},\"primaryImageOfPage\":{\"@id\":\"https:\/\/zeit.reise\/staging\/reisen-laender\/sardinien-2012\/#primaryimage\"},\"image\":{\"@id\":\"https:\/\/zeit.reise\/staging\/reisen-laender\/sardinien-2012\/#primaryimage\"},\"thumbnailUrl\":\"https:\/\/zeit.reise\/staging\/wp-content\/uploads\/2022\/04\/DSC_0117-scaled.jpg\",\"datePublished\":\"2012-06-24T06:55:33+00:00\",\"dateModified\":\"2022-04-18T16:10:24+00:00\",\"breadcrumb\":{\"@id\":\"https:\/\/zeit.reise\/staging\/reisen-laender\/sardinien-2012\/#breadcrumb\"},\"inLanguage\":\"en-US\",\"potentialAction\":[{\"@type\":\"ReadAction\",\"target\":[\"https:\/\/zeit.reise\/staging\/reisen-laender\/sardinien-2012\/\"]}]},{\"@type\":\"ImageObject\",\"inLanguage\":\"en-US\",\"@id\":\"https:\/\/zeit.reise\/staging\/reisen-laender\/sardinien-2012\/#primaryimage\",\"url\":\"https:\/\/zeit.reise\/staging\/wp-content\/uploads\/2022\/04\/DSC_0117-scaled.jpg\",\"contentUrl\":\"https:\/\/zeit.reise\/staging\/wp-content\/uploads\/2022\/04\/DSC_0117-scaled.jpg\",\"width\":2560,\"height\":1700},{\"@type\":\"BreadcrumbList\",\"@id\":\"https:\/\/zeit.reise\/staging\/reisen-laender\/sardinien-2012\/#breadcrumb\",\"itemListElement\":[{\"@type\":\"ListItem\",\"position\":1,\"name\":\"Home\",\"item\":\"https:\/\/zeit.reise\/staging\/\"},{\"@type\":\"ListItem\",\"position\":2,\"name\":\"Reisen | L\u00e4nder\",\"item\":\"https:\/\/zeit.reise\/staging\/reisen-laender\/\"},{\"@type\":\"ListItem\",\"position\":3,\"name\":\"2012 Sardinien\"}]},{\"@type\":\"WebSite\",\"@id\":\"https:\/\/zeit.reise\/staging\/#website\",\"url\":\"https:\/\/zeit.reise\/staging\/\",\"name\":\"ZEIT.REISE\",\"description\":\"Exploring Planet Earth\",\"publisher\":{\"@id\":\"https:\/\/zeit.reise\/staging\/#organization\"},\"potentialAction\":[{\"@type\":\"SearchAction\",\"target\":{\"@type\":\"EntryPoint\",\"urlTemplate\":\"https:\/\/zeit.reise\/staging\/?s={search_term_string}\"},\"query-input\":{\"@type\":\"PropertyValueSpecification\",\"valueRequired\":true,\"valueName\":\"search_term_string\"}}],\"inLanguage\":\"en-US\"},{\"@type\":\"Organization\",\"@id\":\"https:\/\/zeit.reise\/staging\/#organization\",\"name\":\"ZEIT.REISE\",\"url\":\"https:\/\/zeit.reise\/staging\/\",\"logo\":{\"@type\":\"ImageObject\",\"inLanguage\":\"en-US\",\"@id\":\"https:\/\/zeit.reise\/staging\/#\/schema\/logo\/image\/\",\"url\":\"https:\/\/zeit.reise\/staging\/wp-content\/uploads\/2021\/11\/ZeitReise_Logo_RGB.png\",\"contentUrl\":\"https:\/\/zeit.reise\/staging\/wp-content\/uploads\/2021\/11\/ZeitReise_Logo_RGB.png\",\"width\":4215,\"height\":3887,\"caption\":\"ZEIT.REISE\"},\"image\":{\"@id\":\"https:\/\/zeit.reise\/staging\/#\/schema\/logo\/image\/\"},\"sameAs\":[\"https:\/\/www.facebook.com\/meineZEITmeineREISE\/\",\"https:\/\/x.com\/zeit_reise\",\"https:\/\/www.instagram.com\/zeit.reise_\/\",\"https:\/\/www.pinterest.at\/zeit_reise\/\",\"https:\/\/www.youtube.com\/channel\/UCYXUOAgpto2yntxx2TFronQ\"]}]}<\/script>\n<!-- \/ Yoast SEO plugin. -->","yoast_head_json":{"title":"2012 Sardinien - ZEIT.REISE","robots":{"index":"noindex","follow":"follow","max-snippet":"max-snippet:-1","max-image-preview":"max-image-preview:large","max-video-preview":"max-video-preview:-1"},"og_locale":"en_US","og_type":"article","og_title":"2012 Sardinien - ZEIT.REISE","og_description":"SARDINIEN &#8211; TRAUMHAFT SCH\u00d6N Wir sind nach unserer ersten Sardinienreise totale Fans der Insel geworden und werden sicher wieder kommen. Manche unserer Kommentare bitte nicht negativ zu verstehen, sie sollen lediglich dazu dienen, sich auf eine Sardinienreise bestm\u00f6glich einzustellen. Anreise Wir haben uns entschieden \u201cgetrennt\u201d anzureisen. Frau und Kind werden per Flugzeug (Salzburg \u2013 Olbia) [&hellip;]","og_url":"https:\/\/zeit.reise\/staging\/reisen-laender\/sardinien-2012\/","og_site_name":"ZEIT.REISE","article_publisher":"https:\/\/www.facebook.com\/meineZEITmeineREISE\/","article_modified_time":"2022-04-18T16:10:24+00:00","og_image":[{"width":2560,"height":1700,"url":"https:\/\/zeit.reise\/staging\/wp-content\/uploads\/2022\/04\/DSC_0117-scaled.jpg","type":"image\/jpeg"}],"twitter_card":"summary_large_image","twitter_site":"@zeit_reise","twitter_misc":{"Est. reading time":"7 minutes"},"schema":{"@context":"https:\/\/schema.org","@graph":[{"@type":"WebPage","@id":"https:\/\/zeit.reise\/staging\/reisen-laender\/sardinien-2012\/","url":"https:\/\/zeit.reise\/staging\/reisen-laender\/sardinien-2012\/","name":"2012 Sardinien - ZEIT.REISE","isPartOf":{"@id":"https:\/\/zeit.reise\/staging\/#website"},"primaryImageOfPage":{"@id":"https:\/\/zeit.reise\/staging\/reisen-laender\/sardinien-2012\/#primaryimage"},"image":{"@id":"https:\/\/zeit.reise\/staging\/reisen-laender\/sardinien-2012\/#primaryimage"},"thumbnailUrl":"https:\/\/zeit.reise\/staging\/wp-content\/uploads\/2022\/04\/DSC_0117-scaled.jpg","datePublished":"2012-06-24T06:55:33+00:00","dateModified":"2022-04-18T16:10:24+00:00","breadcrumb":{"@id":"https:\/\/zeit.reise\/staging\/reisen-laender\/sardinien-2012\/#breadcrumb"},"inLanguage":"en-US","potentialAction":[{"@type":"ReadAction","target":["https:\/\/zeit.reise\/staging\/reisen-laender\/sardinien-2012\/"]}]},{"@type":"ImageObject","inLanguage":"en-US","@id":"https:\/\/zeit.reise\/staging\/reisen-laender\/sardinien-2012\/#primaryimage","url":"https:\/\/zeit.reise\/staging\/wp-content\/uploads\/2022\/04\/DSC_0117-scaled.jpg","contentUrl":"https:\/\/zeit.reise\/staging\/wp-content\/uploads\/2022\/04\/DSC_0117-scaled.jpg","width":2560,"height":1700},{"@type":"BreadcrumbList","@id":"https:\/\/zeit.reise\/staging\/reisen-laender\/sardinien-2012\/#breadcrumb","itemListElement":[{"@type":"ListItem","position":1,"name":"Home","item":"https:\/\/zeit.reise\/staging\/"},{"@type":"ListItem","position":2,"name":"Reisen | L\u00e4nder","item":"https:\/\/zeit.reise\/staging\/reisen-laender\/"},{"@type":"ListItem","position":3,"name":"2012 Sardinien"}]},{"@type":"WebSite","@id":"https:\/\/zeit.reise\/staging\/#website","url":"https:\/\/zeit.reise\/staging\/","name":"ZEIT.REISE","description":"Exploring Planet Earth","publisher":{"@id":"https:\/\/zeit.reise\/staging\/#organization"},"potentialAction":[{"@type":"SearchAction","target":{"@type":"EntryPoint","urlTemplate":"https:\/\/zeit.reise\/staging\/?s={search_term_string}"},"query-input":{"@type":"PropertyValueSpecification","valueRequired":true,"valueName":"search_term_string"}}],"inLanguage":"en-US"},{"@type":"Organization","@id":"https:\/\/zeit.reise\/staging\/#organization","name":"ZEIT.REISE","url":"https:\/\/zeit.reise\/staging\/","logo":{"@type":"ImageObject","inLanguage":"en-US","@id":"https:\/\/zeit.reise\/staging\/#\/schema\/logo\/image\/","url":"https:\/\/zeit.reise\/staging\/wp-content\/uploads\/2021\/11\/ZeitReise_Logo_RGB.png","contentUrl":"https:\/\/zeit.reise\/staging\/wp-content\/uploads\/2021\/11\/ZeitReise_Logo_RGB.png","width":4215,"height":3887,"caption":"ZEIT.REISE"},"image":{"@id":"https:\/\/zeit.reise\/staging\/#\/schema\/logo\/image\/"},"sameAs":["https:\/\/www.facebook.com\/meineZEITmeineREISE\/","https:\/\/x.com\/zeit_reise","https:\/\/www.instagram.com\/zeit.reise_\/","https:\/\/www.pinterest.at\/zeit_reise\/","https:\/\/www.youtube.com\/channel\/UCYXUOAgpto2yntxx2TFronQ"]}]}},"_links":{"self":[{"href":"https:\/\/zeit.reise\/staging\/wp-json\/wp\/v2\/pages\/1670","targetHints":{"allow":["GET"]}}],"collection":[{"href":"https:\/\/zeit.reise\/staging\/wp-json\/wp\/v2\/pages"}],"about":[{"href":"https:\/\/zeit.reise\/staging\/wp-json\/wp\/v2\/types\/page"}],"author":[{"embeddable":true,"href":"https:\/\/zeit.reise\/staging\/wp-json\/wp\/v2\/users\/2"}],"replies":[{"embeddable":true,"href":"https:\/\/zeit.reise\/staging\/wp-json\/wp\/v2\/comments?post=1670"}],"version-history":[{"count":1,"href":"https:\/\/zeit.reise\/staging\/wp-json\/wp\/v2\/pages\/1670\/revisions"}],"predecessor-version":[{"id":6740,"href":"https:\/\/zeit.reise\/staging\/wp-json\/wp\/v2\/pages\/1670\/revisions\/6740"}],"up":[{"embeddable":true,"href":"https:\/\/zeit.reise\/staging\/wp-json\/wp\/v2\/pages\/2408"}],"wp:featuredmedia":[{"embeddable":true,"href":"https:\/\/zeit.reise\/staging\/wp-json\/wp\/v2\/media\/6723"}],"wp:attachment":[{"href":"https:\/\/zeit.reise\/staging\/wp-json\/wp\/v2\/media?parent=1670"}],"curies":[{"name":"wp","href":"https:\/\/api.w.org\/{rel}","templated":true}]}}