{"id":1609,"date":"2012-06-24T14:29:07","date_gmt":"2012-06-24T12:29:07","guid":{"rendered":"http:\/\/www.webinfopoint.com\/?page_id=1609"},"modified":"2022-04-18T17:25:15","modified_gmt":"2022-04-18T16:25:15","slug":"2012-pyrenaen","status":"publish","type":"page","link":"https:\/\/zeit.reise\/staging\/reisen-laender\/2012-pyrenaen\/","title":{"rendered":"2012 Pyren\u00e4en"},"content":{"rendered":"<h3>Offroad-Trekking Pyren\u00e4en 2012<\/h3>\n<p>Die Tour f\u00fchrte quer durch die Pyrenaen, teilweise auf \u00fcber 2.000 Meter H\u00f6he.<\/p>\n","protected":false},"excerpt":{"rendered":"<p>Offroad-Trekking Pyren\u00e4en 2012 Die Tour f\u00fchrte quer durch die Pyrenaen, teilweise auf \u00fcber 2.000 Meter H\u00f6he.<\/p>\n","protected":false},"author":2,"featured_media":5166,"parent":2408,"menu_order":13,"comment_status":"open","ping_status":"closed","template":"","meta":{"footnotes":""},"class_list":["post-1609","page","type-page","status-publish","has-post-thumbnail","hentry"],"yoast_head":"<!-- This site is optimized with the Yoast SEO plugin v26.6 - https:\/\/yoast.com\/wordpress\/plugins\/seo\/ -->\n<title>2012 Pyren\u00e4en - ZEIT.REISE<\/title>\n<meta name=\"robots\" content=\"noindex, follow, max-snippet:-1, max-image-preview:large, max-video-preview:-1\" \/>\n<meta property=\"og:locale\" content=\"en_US\" \/>\n<meta property=\"og:type\" content=\"article\" \/>\n<meta property=\"og:title\" content=\"2012 Pyren\u00e4en - ZEIT.REISE\" \/>\n<meta property=\"og:description\" content=\"Offroad-Trekking Pyren\u00e4en 2012 Die Tour f\u00fchrte quer durch die Pyrenaen, teilweise auf \u00fcber 2.000 Meter H\u00f6he.\" \/>\n<meta property=\"og:url\" content=\"https:\/\/zeit.reise\/staging\/reisen-laender\/2012-pyrenaen\/\" \/>\n<meta property=\"og:site_name\" content=\"ZEIT.REISE\" \/>\n<meta property=\"article:publisher\" content=\"https:\/\/www.facebook.com\/meineZEITmeineREISE\/\" \/>\n<meta property=\"article:modified_time\" content=\"2022-04-18T16:25:15+00:00\" \/>\n<meta property=\"og:image\" content=\"https:\/\/zeit.reise\/staging\/wp-content\/uploads\/2022\/02\/DSC_0268-scaled-e1645889525445.jpg\" \/>\n\t<meta property=\"og:image:width\" content=\"1600\" \/>\n\t<meta property=\"og:image:height\" content=\"580\" \/>\n\t<meta property=\"og:image:type\" content=\"image\/jpeg\" \/>\n<meta name=\"twitter:card\" content=\"summary_large_image\" \/>\n<meta name=\"twitter:site\" content=\"@zeit_reise\" \/>\n<meta name=\"twitter:label1\" content=\"Est. reading time\" \/>\n\t<meta name=\"twitter:data1\" content=\"1 minute\" \/>\n<script type=\"application\/ld+json\" class=\"yoast-schema-graph\">{\"@context\":\"https:\/\/schema.org\",\"@graph\":[{\"@type\":\"WebPage\",\"@id\":\"https:\/\/zeit.reise\/staging\/reisen-laender\/2012-pyrenaen\/\",\"url\":\"https:\/\/zeit.reise\/staging\/reisen-laender\/2012-pyrenaen\/\",\"name\":\"2012 Pyren\u00e4en - ZEIT.REISE\",\"isPartOf\":{\"@id\":\"https:\/\/zeit.reise\/staging\/#website\"},\"primaryImageOfPage\":{\"@id\":\"https:\/\/zeit.reise\/staging\/reisen-laender\/2012-pyrenaen\/#primaryimage\"},\"image\":{\"@id\":\"https:\/\/zeit.reise\/staging\/reisen-laender\/2012-pyrenaen\/#primaryimage\"},\"thumbnailUrl\":\"https:\/\/zeit.reise\/staging\/wp-content\/uploads\/2022\/02\/DSC_0268-scaled-e1645889525445.jpg\",\"datePublished\":\"2012-06-24T12:29:07+00:00\",\"dateModified\":\"2022-04-18T16:25:15+00:00\",\"breadcrumb\":{\"@id\":\"https:\/\/zeit.reise\/staging\/reisen-laender\/2012-pyrenaen\/#breadcrumb\"},\"inLanguage\":\"en-US\",\"potentialAction\":[{\"@type\":\"ReadAction\",\"target\":[\"https:\/\/zeit.reise\/staging\/reisen-laender\/2012-pyrenaen\/\"]}]},{\"@type\":\"ImageObject\",\"inLanguage\":\"en-US\",\"@id\":\"https:\/\/zeit.reise\/staging\/reisen-laender\/2012-pyrenaen\/#primaryimage\",\"url\":\"https:\/\/zeit.reise\/staging\/wp-content\/uploads\/2022\/02\/DSC_0268-scaled-e1645889525445.jpg\",\"contentUrl\":\"https:\/\/zeit.reise\/staging\/wp-content\/uploads\/2022\/02\/DSC_0268-scaled-e1645889525445.jpg\",\"width\":1600,\"height\":580},{\"@type\":\"BreadcrumbList\",\"@id\":\"https:\/\/zeit.reise\/staging\/reisen-laender\/2012-pyrenaen\/#breadcrumb\",\"itemListElement\":[{\"@type\":\"ListItem\",\"position\":1,\"name\":\"Home\",\"item\":\"https:\/\/zeit.reise\/staging\/\"},{\"@type\":\"ListItem\",\"position\":2,\"name\":\"Reisen | L\u00e4nder\",\"item\":\"https:\/\/zeit.reise\/staging\/reisen-laender\/\"},{\"@type\":\"ListItem\",\"position\":3,\"name\":\"2012 Pyren\u00e4en\"}]},{\"@type\":\"WebSite\",\"@id\":\"https:\/\/zeit.reise\/staging\/#website\",\"url\":\"https:\/\/zeit.reise\/staging\/\",\"name\":\"ZEIT.REISE\",\"description\":\"Exploring Planet Earth\",\"publisher\":{\"@id\":\"https:\/\/zeit.reise\/staging\/#organization\"},\"potentialAction\":[{\"@type\":\"SearchAction\",\"target\":{\"@type\":\"EntryPoint\",\"urlTemplate\":\"https:\/\/zeit.reise\/staging\/?s={search_term_string}\"},\"query-input\":{\"@type\":\"PropertyValueSpecification\",\"valueRequired\":true,\"valueName\":\"search_term_string\"}}],\"inLanguage\":\"en-US\"},{\"@type\":\"Organization\",\"@id\":\"https:\/\/zeit.reise\/staging\/#organization\",\"name\":\"ZEIT.REISE\",\"url\":\"https:\/\/zeit.reise\/staging\/\",\"logo\":{\"@type\":\"ImageObject\",\"inLanguage\":\"en-US\",\"@id\":\"https:\/\/zeit.reise\/staging\/#\/schema\/logo\/image\/\",\"url\":\"https:\/\/zeit.reise\/staging\/wp-content\/uploads\/2021\/11\/ZeitReise_Logo_RGB.png\",\"contentUrl\":\"https:\/\/zeit.reise\/staging\/wp-content\/uploads\/2021\/11\/ZeitReise_Logo_RGB.png\",\"width\":4215,\"height\":3887,\"caption\":\"ZEIT.REISE\"},\"image\":{\"@id\":\"https:\/\/zeit.reise\/staging\/#\/schema\/logo\/image\/\"},\"sameAs\":[\"https:\/\/www.facebook.com\/meineZEITmeineREISE\/\",\"https:\/\/x.com\/zeit_reise\",\"https:\/\/www.instagram.com\/zeit.reise_\/\",\"https:\/\/www.pinterest.at\/zeit_reise\/\",\"https:\/\/www.youtube.com\/channel\/UCYXUOAgpto2yntxx2TFronQ\"]}]}<\/script>\n<!-- \/ Yoast SEO plugin. -->","yoast_head_json":{"title":"2012 Pyren\u00e4en - ZEIT.REISE","robots":{"index":"noindex","follow":"follow","max-snippet":"max-snippet:-1","max-image-preview":"max-image-preview:large","max-video-preview":"max-video-preview:-1"},"og_locale":"en_US","og_type":"article","og_title":"2012 Pyren\u00e4en - ZEIT.REISE","og_description":"Offroad-Trekking Pyren\u00e4en 2012 Die Tour f\u00fchrte quer durch die Pyrenaen, teilweise auf \u00fcber 2.000 Meter H\u00f6he.","og_url":"https:\/\/zeit.reise\/staging\/reisen-laender\/2012-pyrenaen\/","og_site_name":"ZEIT.REISE","article_publisher":"https:\/\/www.facebook.com\/meineZEITmeineREISE\/","article_modified_time":"2022-04-18T16:25:15+00:00","og_image":[{"width":1600,"height":580,"url":"https:\/\/zeit.reise\/staging\/wp-content\/uploads\/2022\/02\/DSC_0268-scaled-e1645889525445.jpg","type":"image\/jpeg"}],"twitter_card":"summary_large_image","twitter_site":"@zeit_reise","twitter_misc":{"Est. reading time":"1 minute"},"schema":{"@context":"https:\/\/schema.org","@graph":[{"@type":"WebPage","@id":"https:\/\/zeit.reise\/staging\/reisen-laender\/2012-pyrenaen\/","url":"https:\/\/zeit.reise\/staging\/reisen-laender\/2012-pyrenaen\/","name":"2012 Pyren\u00e4en - ZEIT.REISE","isPartOf":{"@id":"https:\/\/zeit.reise\/staging\/#website"},"primaryImageOfPage":{"@id":"https:\/\/zeit.reise\/staging\/reisen-laender\/2012-pyrenaen\/#primaryimage"},"image":{"@id":"https:\/\/zeit.reise\/staging\/reisen-laender\/2012-pyrenaen\/#primaryimage"},"thumbnailUrl":"https:\/\/zeit.reise\/staging\/wp-content\/uploads\/2022\/02\/DSC_0268-scaled-e1645889525445.jpg","datePublished":"2012-06-24T12:29:07+00:00","dateModified":"2022-04-18T16:25:15+00:00","breadcrumb":{"@id":"https:\/\/zeit.reise\/staging\/reisen-laender\/2012-pyrenaen\/#breadcrumb"},"inLanguage":"en-US","potentialAction":[{"@type":"ReadAction","target":["https:\/\/zeit.reise\/staging\/reisen-laender\/2012-pyrenaen\/"]}]},{"@type":"ImageObject","inLanguage":"en-US","@id":"https:\/\/zeit.reise\/staging\/reisen-laender\/2012-pyrenaen\/#primaryimage","url":"https:\/\/zeit.reise\/staging\/wp-content\/uploads\/2022\/02\/DSC_0268-scaled-e1645889525445.jpg","contentUrl":"https:\/\/zeit.reise\/staging\/wp-content\/uploads\/2022\/02\/DSC_0268-scaled-e1645889525445.jpg","width":1600,"height":580},{"@type":"BreadcrumbList","@id":"https:\/\/zeit.reise\/staging\/reisen-laender\/2012-pyrenaen\/#breadcrumb","itemListElement":[{"@type":"ListItem","position":1,"name":"Home","item":"https:\/\/zeit.reise\/staging\/"},{"@type":"ListItem","position":2,"name":"Reisen | L\u00e4nder","item":"https:\/\/zeit.reise\/staging\/reisen-laender\/"},{"@type":"ListItem","position":3,"name":"2012 Pyren\u00e4en"}]},{"@type":"WebSite","@id":"https:\/\/zeit.reise\/staging\/#website","url":"https:\/\/zeit.reise\/staging\/","name":"ZEIT.REISE","description":"Exploring Planet Earth","publisher":{"@id":"https:\/\/zeit.reise\/staging\/#organization"},"potentialAction":[{"@type":"SearchAction","target":{"@type":"EntryPoint","urlTemplate":"https:\/\/zeit.reise\/staging\/?s={search_term_string}"},"query-input":{"@type":"PropertyValueSpecification","valueRequired":true,"valueName":"search_term_string"}}],"inLanguage":"en-US"},{"@type":"Organization","@id":"https:\/\/zeit.reise\/staging\/#organization","name":"ZEIT.REISE","url":"https:\/\/zeit.reise\/staging\/","logo":{"@type":"ImageObject","inLanguage":"en-US","@id":"https:\/\/zeit.reise\/staging\/#\/schema\/logo\/image\/","url":"https:\/\/zeit.reise\/staging\/wp-content\/uploads\/2021\/11\/ZeitReise_Logo_RGB.png","contentUrl":"https:\/\/zeit.reise\/staging\/wp-content\/uploads\/2021\/11\/ZeitReise_Logo_RGB.png","width":4215,"height":3887,"caption":"ZEIT.REISE"},"image":{"@id":"https:\/\/zeit.reise\/staging\/#\/schema\/logo\/image\/"},"sameAs":["https:\/\/www.facebook.com\/meineZEITmeineREISE\/","https:\/\/x.com\/zeit_reise","https:\/\/www.instagram.com\/zeit.reise_\/","https:\/\/www.pinterest.at\/zeit_reise\/","https:\/\/www.youtube.com\/channel\/UCYXUOAgpto2yntxx2TFronQ"]}]}},"_links":{"self":[{"href":"https:\/\/zeit.reise\/staging\/wp-json\/wp\/v2\/pages\/1609","targetHints":{"allow":["GET"]}}],"collection":[{"href":"https:\/\/zeit.reise\/staging\/wp-json\/wp\/v2\/pages"}],"about":[{"href":"https:\/\/zeit.reise\/staging\/wp-json\/wp\/v2\/types\/page"}],"author":[{"embeddable":true,"href":"https:\/\/zeit.reise\/staging\/wp-json\/wp\/v2\/users\/2"}],"replies":[{"embeddable":true,"href":"https:\/\/zeit.reise\/staging\/wp-json\/wp\/v2\/comments?post=1609"}],"version-history":[{"count":4,"href":"https:\/\/zeit.reise\/staging\/wp-json\/wp\/v2\/pages\/1609\/revisions"}],"predecessor-version":[{"id":6720,"href":"https:\/\/zeit.reise\/staging\/wp-json\/wp\/v2\/pages\/1609\/revisions\/6720"}],"up":[{"embeddable":true,"href":"https:\/\/zeit.reise\/staging\/wp-json\/wp\/v2\/pages\/2408"}],"wp:featuredmedia":[{"embeddable":true,"href":"https:\/\/zeit.reise\/staging\/wp-json\/wp\/v2\/media\/5166"}],"wp:attachment":[{"href":"https:\/\/zeit.reise\/staging\/wp-json\/wp\/v2\/media?parent=1609"}],"curies":[{"name":"wp","href":"https:\/\/api.w.org\/{rel}","templated":true}]}}