{"id":1332,"date":"2011-07-09T21:07:58","date_gmt":"2011-07-09T19:07:58","guid":{"rendered":"http:\/\/www.webinfopoint.com\/?page_id=1332"},"modified":"2011-07-09T21:07:58","modified_gmt":"2011-07-09T19:07:58","slug":"garmin-montana-allround-navi-fur-offroad-motorrad-und-outdoor","status":"publish","type":"page","link":"https:\/\/zeit.reise\/staging\/beitraege-magazin\/elektonik-rugged-energie-powerbar-navigation-funk-foto-video-drohne\/gps-navigation\/garmin-montana-allround-navi-fur-offroad-motorrad-und-outdoor\/","title":{"rendered":"GPS Garmin Montana"},"content":{"rendered":"<p>&nbsp;<\/p>\n<p>&nbsp;<\/p>\n<p>&nbsp;<\/p>\n<p>&nbsp;<\/p>\n<p>&nbsp;<\/p>\n<p><strong>Update &#8211; GpsMap 276cX:<\/strong><\/p>\n<p>Garmin hat es nun\u00a0nach ca.10 Jahre tats\u00e4chlich geschafft, einen w\u00fcrdigen Nachfolger f\u00fcr den Klassiker, das GpsMap 276c, auf den Markt zu bringen. Dieses Ger\u00e4t, das GpsMap 276cx, verf\u00fcgt \u00fcber die gleiche Bedienung wie das Original, kommt jedoch mit aktueller Technik und besserem Display.<\/p>\n<figure id=\"attachment_2654\" aria-describedby=\"caption-attachment-2654\" style=\"width: 150px\" class=\"wp-caption alignleft\"><a href=\"https:\/\/buy.garmin.com\/de-DE\/DE\/p\/539722\" target=\"_blank\" rel=\"noopener\"><img loading=\"lazy\" decoding=\"async\" class=\"size-thumbnail wp-image-2654\" src=\"https:\/\/www.no-mads.net\/wp-content\/uploads\/cf-lg-150x150.jpg\" alt=\"\" width=\"150\" height=\"150\" \/><\/a><figcaption id=\"caption-attachment-2654\" class=\"wp-caption-text\">Garmin GPSMAP 276Cx<\/figcaption><\/figure>\n<p>&nbsp;<\/p>\n<p>&nbsp;<\/p>\n<p>&nbsp;<\/p>\n<p>Link Garmin: <a href=\"https:\/\/buy.garmin.com\/de-DE\/DE\/p\/539722\" target=\"_blank\" rel=\"noopener\">GpsMap 276cx<\/a><\/p>\n<p>&nbsp;<\/p>\n<p>&nbsp;<\/p>\n<p><strong>Offroad GPS Ger\u00e4t Garmin Montana &#8211; Allround Navi f\u00fcr Offroad, Motorrad, Outdoor und Marine<\/strong><\/p>\n<p>Garmin hat mit dem Offroad GPS Ger\u00e4t Garmin Montana einen echten Allesk\u00f6nner f\u00fcr Offroad, Motorradreisen, Trekking und Marine geschaffen. Mit seinen Features ist er der logische klare Nachfolger des Garmin GPSMAP 276c und 278c. Hier eine grobe \u00dcbersicht \u00fcber die HW, Funktionalit\u00e4ten und voraussichtlichen Preise. Das Ger\u00e4t ist seit Anfang August 2011 im Handel (z.B. bei <a title=\"Touratech Shop Garmin Montana 600 650 650t\" href=\"http:\/\/www.touratech.com\/shops\/001\/index.php?cPath=13_116_698\" target=\"_blank\" rel=\"noopener\">Touratech<\/a>\u00a0oder <a title=\"Amazon \" href=\"http:\/\/www.amazon.de\" target=\"_blank\" rel=\"noopener\">Amazon<\/a>) verf\u00fcgbar.<\/p>\n<p><strong>Die besonderen Merkmale der Garmin Montana Serie:<\/strong><\/p>\n<ul>\n<li style=\"list-style-type: none;\">\n<ul>\n<li>4-Zoll Bildschirmdiagonale (\u00fcber 10 cm) TFT-Touchscreen TFT-Touchscreen (65.000 Farben, Aufl\u00f6sung 272 x 480 Pixel), welches durch seine Helligkeit auch bei starken Sonnenlicht sehr gut ablesbar ist<\/li>\n<li>Display im Hoch- und Querformat: automatische Ausrichtung auf Hoch- oder Querformat bei Drehung um 90 Grad<\/li>\n<li>Dual Batterie Sysytem: Lithium-Ionen-Akkupack oder AA-Batterien\/Akkus verwendbar<\/li>\n<li>Externe Stromversorgung \u00fcber optional erh\u00e4ltliche Halterung f\u00fcr Motorrad oder Auto m\u00f6glich<\/li>\n<li>Sprachausgabe \u00fcber 3,5 mm Stereo-Klinkenbuchse oder Aktivlautsprecher in KFZ-Halterung<\/li>\n<li>Wasserdicht nach IPX7 (30 Minuten in bis zu 1 m Wassertiefe)<\/li>\n<li>ANT+: drahtloser Datentransfer von Ger\u00e4t zu Ger\u00e4t bzw. von geeignetem Zubeh\u00f6r<\/li>\n<li>unterst\u00fctzt papierloses Geocaching<\/li>\n<li>geeignet f\u00fcr Garmin Custom Maps und Garmin BirdsEye<\/li>\n<li>Routingf\u00e4hig mit Fahrspurassistent durch separat erh\u00e4ltliche Garmin City Navigator NT Karte und Sprachausgabe \u00fcber optional erh\u00e4ltiche KFZ Halterungen<\/li>\n<\/ul>\n<\/li>\n<\/ul>\n<p><strong>Lieferumfang:<\/strong><\/p>\n<ul style=\"padding-left: 90px;\">\n<li>Garmin Montana<\/li>\n<li>(Trageschlaufe (<span style=\"color: #0000ff;\">war im Touratech Lieferumfang nicht enthalten<\/span>))<\/li>\n<li>USB-Kabel<\/li>\n<li>Netzladeger\u00e4t<\/li>\n<li>Benutzerhandbuch auf CD-Rom<\/li>\n<li>Schnellstartanleitung<\/li>\n<li>Lithium-Ionen-Akku (Achtung, laut Garmin auch beim 600er im Lieferumfang, laut Touratech nicht)<\/li>\n<\/ul>\n<p style=\"padding-left: 90px;\">Optionale Halterungen sind ebenfalls (bei <a title=\"Touratech Shop Garmin Montana 600 650 650t\" href=\"http:\/\/www.touratech.com\/shops\/001\/index.php?cPath=13_116_698\" target=\"_blank\" rel=\"noopener\">Touratech<\/a>) verf\u00fcgbar, z.B.:<\/p>\n<ul style=\"padding-left: 90px;\">\n<li style=\"list-style-type: none;\">\n<ul>\n<li>eine KFZ-Halterung mit Saugnapf\u00a0 oder mit rutschfester Matte und integriertem Lautsprecher f\u00fcr Sprachausgabe samt Stromkabel f\u00fcr Zigarettenanz\u00fcnder\n<ul>\n<li><span style=\"color: #0000ff;\">Erster Eindruck:<\/span>\n<ul>\n<li><span style=\"color: #0000ff;\">Leichte Montage<\/span><\/li>\n<li><span style=\"color: #0000ff;\">Klein und handlich<\/span><\/li>\n<li><span style=\"color: #0000ff;\">Halterung ausreichend fest<\/span><\/li>\n<li><span style=\"color: #0000ff;\">Sprachausgabe sehr gut (allerdings nur bei eingesteckter Stromversorgung)<\/span><\/li>\n<\/ul>\n<\/li>\n<\/ul>\n<\/li>\n<li>eine Halterung f\u00fcr den Einsatz am Motorrad, Quad, 4&#215;4 \/ Offroad Fahrzeug mit losen Strom- und Audiokabeln. Im Lieferumfang sind 3 Display Shutzfolien enthalten\n<ul>\n<li><span style=\"color: #0000ff;\">Erster Eindruck:<\/span>\n<ul>\n<li><span style=\"color: #0000ff;\">Robuste Konsstruktion mit st\u00e4rkerem Verriegelungsmechanismus mit Ausl\u00f6ser, sowie zus\u00e4tzlicher M\u00f6glichkeit das Montana per Schraube an die Halterung zu fixieren.<\/span><\/li>\n<li><span style=\"color: #0000ff;\">Die drei inkludierten Schutzfolien w\u00fcrden separat gekauft\u00a0bei Amazon 21,&#8211; \u20ac kosten<\/span><\/li>\n<li><span style=\"color: #0000ff;\">RAM Adapterplatte &#8220;RAM-B-347&#8221;\u00a0mu\u00df extra gekauft werden um an RAM Systemen montiert werden zu werden.\u00a0Soweit mir bekannt ist dieser Adapter bei uns nur \u00fcber <a href=\"http:\/\/www.ctj24.de\"><span style=\"color: #0000ff;\">www.ctj24.de<\/span><\/a> zu beziehen. Kosten 14,90 zzgl. Versand.<\/span><\/li>\n<\/ul>\n<\/li>\n<\/ul>\n<\/li>\n<li>eine Halterung f\u00fcr den Fixeinbau auf Booten<\/li>\n<\/ul>\n<\/li>\n<\/ul>\n<p style=\"padding-left: 120px;\">Das Montana ist somit \u00fcberall einsetzbar, beim Trekking oder Bergsteigen verschwindet es in der Jackentasche oder im Rucksack.<\/p>\n<p style=\"padding-left: 90px;\"><strong>Modellvergleich: Garmin bietet 3 Modelle mit unterschiedlicher Ausstattung:<\/strong><\/p>\n<p style=\"padding-left: 90px;\"><strong>Garmin Montana 600: <\/strong><br \/>\nKeine Kamera, keine vorinstallierte &#8220;Freizeitkarte Europa&#8221; und 3GB interner (freier) Speicher um ca. 499,&#8211; \u20ac<\/p>\n<p style=\"padding-left: 90px;\"><strong>Garmin Montana 650: <\/strong><br \/>\n5 Megapixel Kamera, keine vorinstallierte &#8220;Freizeitkarte Europa&#8221; und 3GB interner (freier) Speicher um ca. 599,&#8211; \u20ac<\/p>\n<p style=\"padding-left: 90px;\"><strong>Garmin Montana 650t:<\/strong><br \/>\n5 Megapixel Kamera, vorinstallierte &#8220;Freizeitkarte Europa&#8221; und 3,5GB interner (3 GB durch vorinstallierte Karte belegter) Speicher um ca. 649,&#8211; \u20ac<\/p>\n<p style=\"padding-left: 90px;\"><a title=\"Garmin Montana Series von cauer bei Flickr\" href=\"http:\/\/www.flickr.com\/photos\/motiveless\/5918844817\/\"><img loading=\"lazy\" decoding=\"async\" src=\"http:\/\/farm7.static.flickr.com\/6024\/5918844817_1d61a1361d.jpg\" alt=\"Garmin Montana Series\" width=\"500\" height=\"249\" \/><\/a><\/p>\n<p style=\"padding-left: 90px;\">Features und Vergleich der drei Ger\u00e4te auf Garmin.com: <a href=\"https:\/\/buy.garmin.com\/shop\/compare.do?cID=143&amp;compareProduct=75228&amp;compareProduct=75227&amp;compareProduct=75226\" target=\"_blank\" rel=\"noopener\">Produktvergleich Garmin Montana 600, 650, 650t<\/a><\/p>\n<p style=\"padding-left: 90px;\"><strong>Tip:<\/strong> Wer also umsteigen m\u00f6chte, kann derzeit sein Garmin GPSMAP 276c auf eBay oder Willhaben.at um ca. 400,&#8211; bis 500,&#8211; \u20ac verkaufen und hat damit schon das Basisger\u00e4t finanziert.<\/p>\n<p style=\"padding-left: 90px;\">Mehr Bilder vom Montana auf Garmin.com: <a href=\"https:\/\/buy.garmin.com\/shop\/alt-image.do?pID=75228&amp;img=productImageLarge\" target=\"_blank\" rel=\"noopener\">Montana<\/a><\/p>\n<p style=\"padding-left: 90px;\"><strong>Hier ein paar interessante Links:<\/strong><\/p>\n<p style=\"padding-left: 90px;\">Bei &#8220;Navigation Professionell&#8221;:<\/p>\n<ul style=\"padding-left: 90px;\">\n<li style=\"list-style-type: none;\">\n<ul>\n<li><a href=\"http:\/\/www.navigation-professionell.de\/compegps-twonav-delta-test-allround-navi-motorisierte-gps-freunde\/\" target=\"_blank\" rel=\"noopener\">CompeGPS TwoNav Delta<\/a><\/li>\n<li><a href=\"http:\/\/www.navigation-professionell.de\/garmin-montana-outdoor-gps-geraet-test\/\" target=\"_blank\" rel=\"noopener\">Garmin Montana<\/a><\/li>\n<\/ul>\n<\/li>\n<\/ul>\n<p style=\"padding-left: 90px;\"><strong>Vergleich der Ger\u00e4te Garmin GPSMAP 276c und Garmin Montana im Video:<\/strong><\/p>\n<p style=\"padding-left: 90px;\"><iframe loading=\"lazy\" src=\"http:\/\/www.youtube.com\/embed\/ijyKPVpWNUA\" width=\"560\" height=\"349\" frameborder=\"0\"><\/iframe><\/p>\n<p style=\"padding-left: 90px;\"><strong>Zur Garmin Montana Microsite:<\/strong><\/p>\n<ul style=\"padding-left: 90px;\">\n<li style=\"list-style-type: none;\">\n<ul>\n<li><a href=\"http:\/\/sites.garmin.com\/montana\/\" target=\"_blank\" rel=\"noopener\">Garmin Montana Microsite<\/a><\/li>\n<\/ul>\n<\/li>\n<\/ul>\n<p style=\"padding-left: 90px;\">Garmin Montana Ger\u00e4te und Zubeh\u00f6r bei Amazon:<\/p>\n<p style=\"padding-left: 90px;\">[ad name=&#8221;Am_GarminMontana&#8221;]<\/p>\n","protected":false},"excerpt":{"rendered":"<p>&nbsp; &nbsp; &nbsp; &nbsp; &nbsp; Update &#8211; GpsMap 276cX: Garmin hat es nun\u00a0nach ca.10 Jahre tats\u00e4chlich geschafft, einen w\u00fcrdigen Nachfolger f\u00fcr den Klassiker, das GpsMap 276c, auf den Markt zu bringen. Dieses Ger\u00e4t, das GpsMap 276cx, verf\u00fcgt \u00fcber die gleiche Bedienung wie das Original, kommt jedoch mit aktueller Technik und besserem Display. &nbsp; &nbsp; &nbsp; [&hellip;]<\/p>\n","protected":false},"author":2,"featured_media":1320,"parent":1431,"menu_order":0,"comment_status":"open","ping_status":"closed","template":"","meta":{"footnotes":""},"class_list":["post-1332","page","type-page","status-publish","has-post-thumbnail","hentry"],"yoast_head":"<!-- This site is optimized with the Yoast SEO plugin v26.6 - https:\/\/yoast.com\/wordpress\/plugins\/seo\/ -->\n<title>GPS Garmin Montana - ZEIT.REISE<\/title>\n<meta name=\"description\" content=\"Auf der Suche nach dem idealen Offroad GPS Ger\u00e4t ist das Garmin Montana mein Favorit. Es beherrscht sowohl Strassen- als auch die Offroadnavigation perfekt.\" \/>\n<meta name=\"robots\" content=\"noindex, follow, max-snippet:-1, max-image-preview:large, max-video-preview:-1\" \/>\n<meta property=\"og:locale\" content=\"en_US\" \/>\n<meta property=\"og:type\" content=\"article\" \/>\n<meta property=\"og:title\" content=\"GPS Garmin Montana - ZEIT.REISE\" \/>\n<meta property=\"og:description\" content=\"Auf der Suche nach dem idealen Offroad GPS Ger\u00e4t ist das Garmin Montana mein Favorit. Es beherrscht sowohl Strassen- als auch die Offroadnavigation perfekt.\" \/>\n<meta property=\"og:url\" content=\"https:\/\/zeit.reise\/staging\/beitraege-magazin\/elektonik-rugged-energie-powerbar-navigation-funk-foto-video-drohne\/gps-navigation\/garmin-montana-allround-navi-fur-offroad-motorrad-und-outdoor\/\" \/>\n<meta property=\"og:site_name\" content=\"ZEIT.REISE\" \/>\n<meta property=\"article:publisher\" content=\"https:\/\/www.facebook.com\/meineZEITmeineREISE\/\" \/>\n<meta name=\"twitter:card\" content=\"summary_large_image\" \/>\n<meta name=\"twitter:site\" content=\"@zeit_reise\" \/>\n<meta name=\"twitter:label1\" content=\"Est. reading time\" \/>\n\t<meta name=\"twitter:data1\" content=\"3 minutes\" \/>\n<script type=\"application\/ld+json\" class=\"yoast-schema-graph\">{\"@context\":\"https:\/\/schema.org\",\"@graph\":[{\"@type\":\"WebPage\",\"@id\":\"https:\/\/zeit.reise\/staging\/beitraege-magazin\/elektonik-rugged-energie-powerbar-navigation-funk-foto-video-drohne\/gps-navigation\/garmin-montana-allround-navi-fur-offroad-motorrad-und-outdoor\/\",\"url\":\"https:\/\/zeit.reise\/staging\/beitraege-magazin\/elektonik-rugged-energie-powerbar-navigation-funk-foto-video-drohne\/gps-navigation\/garmin-montana-allround-navi-fur-offroad-motorrad-und-outdoor\/\",\"name\":\"GPS Garmin Montana - ZEIT.REISE\",\"isPartOf\":{\"@id\":\"https:\/\/zeit.reise\/staging\/#website\"},\"primaryImageOfPage\":{\"@id\":\"https:\/\/zeit.reise\/staging\/beitraege-magazin\/elektonik-rugged-energie-powerbar-navigation-funk-foto-video-drohne\/gps-navigation\/garmin-montana-allround-navi-fur-offroad-motorrad-und-outdoor\/#primaryimage\"},\"image\":{\"@id\":\"https:\/\/zeit.reise\/staging\/beitraege-magazin\/elektonik-rugged-energie-powerbar-navigation-funk-foto-video-drohne\/gps-navigation\/garmin-montana-allround-navi-fur-offroad-motorrad-und-outdoor\/#primaryimage\"},\"thumbnailUrl\":\"\",\"datePublished\":\"2011-07-09T19:07:58+00:00\",\"description\":\"Auf der Suche nach dem idealen Offroad GPS Ger\u00e4t ist das Garmin Montana mein Favorit. Es beherrscht sowohl Strassen- als auch die Offroadnavigation perfekt.\",\"breadcrumb\":{\"@id\":\"https:\/\/zeit.reise\/staging\/beitraege-magazin\/elektonik-rugged-energie-powerbar-navigation-funk-foto-video-drohne\/gps-navigation\/garmin-montana-allround-navi-fur-offroad-motorrad-und-outdoor\/#breadcrumb\"},\"inLanguage\":\"en-US\",\"potentialAction\":[{\"@type\":\"ReadAction\",\"target\":[\"https:\/\/zeit.reise\/staging\/beitraege-magazin\/elektonik-rugged-energie-powerbar-navigation-funk-foto-video-drohne\/gps-navigation\/garmin-montana-allround-navi-fur-offroad-motorrad-und-outdoor\/\"]}]},{\"@type\":\"ImageObject\",\"inLanguage\":\"en-US\",\"@id\":\"https:\/\/zeit.reise\/staging\/beitraege-magazin\/elektonik-rugged-energie-powerbar-navigation-funk-foto-video-drohne\/gps-navigation\/garmin-montana-allround-navi-fur-offroad-motorrad-und-outdoor\/#primaryimage\",\"url\":\"\",\"contentUrl\":\"\"},{\"@type\":\"BreadcrumbList\",\"@id\":\"https:\/\/zeit.reise\/staging\/beitraege-magazin\/elektonik-rugged-energie-powerbar-navigation-funk-foto-video-drohne\/gps-navigation\/garmin-montana-allround-navi-fur-offroad-motorrad-und-outdoor\/#breadcrumb\",\"itemListElement\":[{\"@type\":\"ListItem\",\"position\":1,\"name\":\"Home\",\"item\":\"https:\/\/zeit.reise\/staging\/\"},{\"@type\":\"ListItem\",\"position\":2,\"name\":\"Beitr\u00e4ge | Magazin\",\"item\":\"https:\/\/zeit.reise\/staging\/beitraege-magazin\/\"},{\"@type\":\"ListItem\",\"position\":3,\"name\":\"PC, Foto, Navigation, Elektronik, Funk\",\"item\":\"https:\/\/zeit.reise\/staging\/beitraege-magazin\/elektonik-rugged-energie-powerbar-navigation-funk-foto-video-drohne\/\"},{\"@type\":\"ListItem\",\"position\":4,\"name\":\"GPS Navigation\",\"item\":\"https:\/\/zeit.reise\/staging\/beitraege-magazin\/elektonik-rugged-energie-powerbar-navigation-funk-foto-video-drohne\/gps-navigation\/\"},{\"@type\":\"ListItem\",\"position\":5,\"name\":\"GPS Garmin Montana\"}]},{\"@type\":\"WebSite\",\"@id\":\"https:\/\/zeit.reise\/staging\/#website\",\"url\":\"https:\/\/zeit.reise\/staging\/\",\"name\":\"ZEIT.REISE\",\"description\":\"Exploring Planet Earth\",\"publisher\":{\"@id\":\"https:\/\/zeit.reise\/staging\/#organization\"},\"potentialAction\":[{\"@type\":\"SearchAction\",\"target\":{\"@type\":\"EntryPoint\",\"urlTemplate\":\"https:\/\/zeit.reise\/staging\/?s={search_term_string}\"},\"query-input\":{\"@type\":\"PropertyValueSpecification\",\"valueRequired\":true,\"valueName\":\"search_term_string\"}}],\"inLanguage\":\"en-US\"},{\"@type\":\"Organization\",\"@id\":\"https:\/\/zeit.reise\/staging\/#organization\",\"name\":\"ZEIT.REISE\",\"url\":\"https:\/\/zeit.reise\/staging\/\",\"logo\":{\"@type\":\"ImageObject\",\"inLanguage\":\"en-US\",\"@id\":\"https:\/\/zeit.reise\/staging\/#\/schema\/logo\/image\/\",\"url\":\"https:\/\/zeit.reise\/staging\/wp-content\/uploads\/2021\/11\/ZeitReise_Logo_RGB.png\",\"contentUrl\":\"https:\/\/zeit.reise\/staging\/wp-content\/uploads\/2021\/11\/ZeitReise_Logo_RGB.png\",\"width\":4215,\"height\":3887,\"caption\":\"ZEIT.REISE\"},\"image\":{\"@id\":\"https:\/\/zeit.reise\/staging\/#\/schema\/logo\/image\/\"},\"sameAs\":[\"https:\/\/www.facebook.com\/meineZEITmeineREISE\/\",\"https:\/\/x.com\/zeit_reise\",\"https:\/\/www.instagram.com\/zeit.reise_\/\",\"https:\/\/www.pinterest.at\/zeit_reise\/\",\"https:\/\/www.youtube.com\/channel\/UCYXUOAgpto2yntxx2TFronQ\"]}]}<\/script>\n<!-- \/ Yoast SEO plugin. -->","yoast_head_json":{"title":"GPS Garmin Montana - ZEIT.REISE","description":"Auf der Suche nach dem idealen Offroad GPS Ger\u00e4t ist das Garmin Montana mein Favorit. Es beherrscht sowohl Strassen- als auch die Offroadnavigation perfekt.","robots":{"index":"noindex","follow":"follow","max-snippet":"max-snippet:-1","max-image-preview":"max-image-preview:large","max-video-preview":"max-video-preview:-1"},"og_locale":"en_US","og_type":"article","og_title":"GPS Garmin Montana - ZEIT.REISE","og_description":"Auf der Suche nach dem idealen Offroad GPS Ger\u00e4t ist das Garmin Montana mein Favorit. Es beherrscht sowohl Strassen- als auch die Offroadnavigation perfekt.","og_url":"https:\/\/zeit.reise\/staging\/beitraege-magazin\/elektonik-rugged-energie-powerbar-navigation-funk-foto-video-drohne\/gps-navigation\/garmin-montana-allround-navi-fur-offroad-motorrad-und-outdoor\/","og_site_name":"ZEIT.REISE","article_publisher":"https:\/\/www.facebook.com\/meineZEITmeineREISE\/","twitter_card":"summary_large_image","twitter_site":"@zeit_reise","twitter_misc":{"Est. reading time":"3 minutes"},"schema":{"@context":"https:\/\/schema.org","@graph":[{"@type":"WebPage","@id":"https:\/\/zeit.reise\/staging\/beitraege-magazin\/elektonik-rugged-energie-powerbar-navigation-funk-foto-video-drohne\/gps-navigation\/garmin-montana-allround-navi-fur-offroad-motorrad-und-outdoor\/","url":"https:\/\/zeit.reise\/staging\/beitraege-magazin\/elektonik-rugged-energie-powerbar-navigation-funk-foto-video-drohne\/gps-navigation\/garmin-montana-allround-navi-fur-offroad-motorrad-und-outdoor\/","name":"GPS Garmin Montana - ZEIT.REISE","isPartOf":{"@id":"https:\/\/zeit.reise\/staging\/#website"},"primaryImageOfPage":{"@id":"https:\/\/zeit.reise\/staging\/beitraege-magazin\/elektonik-rugged-energie-powerbar-navigation-funk-foto-video-drohne\/gps-navigation\/garmin-montana-allround-navi-fur-offroad-motorrad-und-outdoor\/#primaryimage"},"image":{"@id":"https:\/\/zeit.reise\/staging\/beitraege-magazin\/elektonik-rugged-energie-powerbar-navigation-funk-foto-video-drohne\/gps-navigation\/garmin-montana-allround-navi-fur-offroad-motorrad-und-outdoor\/#primaryimage"},"thumbnailUrl":"","datePublished":"2011-07-09T19:07:58+00:00","description":"Auf der Suche nach dem idealen Offroad GPS Ger\u00e4t ist das Garmin Montana mein Favorit. Es beherrscht sowohl Strassen- als auch die Offroadnavigation perfekt.","breadcrumb":{"@id":"https:\/\/zeit.reise\/staging\/beitraege-magazin\/elektonik-rugged-energie-powerbar-navigation-funk-foto-video-drohne\/gps-navigation\/garmin-montana-allround-navi-fur-offroad-motorrad-und-outdoor\/#breadcrumb"},"inLanguage":"en-US","potentialAction":[{"@type":"ReadAction","target":["https:\/\/zeit.reise\/staging\/beitraege-magazin\/elektonik-rugged-energie-powerbar-navigation-funk-foto-video-drohne\/gps-navigation\/garmin-montana-allround-navi-fur-offroad-motorrad-und-outdoor\/"]}]},{"@type":"ImageObject","inLanguage":"en-US","@id":"https:\/\/zeit.reise\/staging\/beitraege-magazin\/elektonik-rugged-energie-powerbar-navigation-funk-foto-video-drohne\/gps-navigation\/garmin-montana-allround-navi-fur-offroad-motorrad-und-outdoor\/#primaryimage","url":"","contentUrl":""},{"@type":"BreadcrumbList","@id":"https:\/\/zeit.reise\/staging\/beitraege-magazin\/elektonik-rugged-energie-powerbar-navigation-funk-foto-video-drohne\/gps-navigation\/garmin-montana-allround-navi-fur-offroad-motorrad-und-outdoor\/#breadcrumb","itemListElement":[{"@type":"ListItem","position":1,"name":"Home","item":"https:\/\/zeit.reise\/staging\/"},{"@type":"ListItem","position":2,"name":"Beitr\u00e4ge | Magazin","item":"https:\/\/zeit.reise\/staging\/beitraege-magazin\/"},{"@type":"ListItem","position":3,"name":"PC, Foto, Navigation, Elektronik, Funk","item":"https:\/\/zeit.reise\/staging\/beitraege-magazin\/elektonik-rugged-energie-powerbar-navigation-funk-foto-video-drohne\/"},{"@type":"ListItem","position":4,"name":"GPS Navigation","item":"https:\/\/zeit.reise\/staging\/beitraege-magazin\/elektonik-rugged-energie-powerbar-navigation-funk-foto-video-drohne\/gps-navigation\/"},{"@type":"ListItem","position":5,"name":"GPS Garmin Montana"}]},{"@type":"WebSite","@id":"https:\/\/zeit.reise\/staging\/#website","url":"https:\/\/zeit.reise\/staging\/","name":"ZEIT.REISE","description":"Exploring Planet Earth","publisher":{"@id":"https:\/\/zeit.reise\/staging\/#organization"},"potentialAction":[{"@type":"SearchAction","target":{"@type":"EntryPoint","urlTemplate":"https:\/\/zeit.reise\/staging\/?s={search_term_string}"},"query-input":{"@type":"PropertyValueSpecification","valueRequired":true,"valueName":"search_term_string"}}],"inLanguage":"en-US"},{"@type":"Organization","@id":"https:\/\/zeit.reise\/staging\/#organization","name":"ZEIT.REISE","url":"https:\/\/zeit.reise\/staging\/","logo":{"@type":"ImageObject","inLanguage":"en-US","@id":"https:\/\/zeit.reise\/staging\/#\/schema\/logo\/image\/","url":"https:\/\/zeit.reise\/staging\/wp-content\/uploads\/2021\/11\/ZeitReise_Logo_RGB.png","contentUrl":"https:\/\/zeit.reise\/staging\/wp-content\/uploads\/2021\/11\/ZeitReise_Logo_RGB.png","width":4215,"height":3887,"caption":"ZEIT.REISE"},"image":{"@id":"https:\/\/zeit.reise\/staging\/#\/schema\/logo\/image\/"},"sameAs":["https:\/\/www.facebook.com\/meineZEITmeineREISE\/","https:\/\/x.com\/zeit_reise","https:\/\/www.instagram.com\/zeit.reise_\/","https:\/\/www.pinterest.at\/zeit_reise\/","https:\/\/www.youtube.com\/channel\/UCYXUOAgpto2yntxx2TFronQ"]}]}},"_links":{"self":[{"href":"https:\/\/zeit.reise\/staging\/wp-json\/wp\/v2\/pages\/1332","targetHints":{"allow":["GET"]}}],"collection":[{"href":"https:\/\/zeit.reise\/staging\/wp-json\/wp\/v2\/pages"}],"about":[{"href":"https:\/\/zeit.reise\/staging\/wp-json\/wp\/v2\/types\/page"}],"author":[{"embeddable":true,"href":"https:\/\/zeit.reise\/staging\/wp-json\/wp\/v2\/users\/2"}],"replies":[{"embeddable":true,"href":"https:\/\/zeit.reise\/staging\/wp-json\/wp\/v2\/comments?post=1332"}],"version-history":[{"count":0,"href":"https:\/\/zeit.reise\/staging\/wp-json\/wp\/v2\/pages\/1332\/revisions"}],"up":[{"embeddable":true,"href":"https:\/\/zeit.reise\/staging\/wp-json\/wp\/v2\/pages\/1431"}],"wp:featuredmedia":[{"embeddable":true,"href":"https:\/\/zeit.reise\/staging\/wp-json\/"}],"wp:attachment":[{"href":"https:\/\/zeit.reise\/staging\/wp-json\/wp\/v2\/media?parent=1332"}],"curies":[{"name":"wp","href":"https:\/\/api.w.org\/{rel}","templated":true}]}}