{"id":108,"date":"2021-11-07T17:14:44","date_gmt":"2021-11-07T16:14:44","guid":{"rendered":"https:\/\/zeit.reise\/community\/?page_id=108"},"modified":"2021-11-14T17:59:49","modified_gmt":"2021-11-14T16:59:49","slug":"reisen-in-10-jahren","status":"publish","type":"page","link":"https:\/\/zeit.reise\/staging\/beitraege-magazin\/just-my-2-cent\/reisen-in-10-jahren\/","title":{"rendered":"Reisen in 10 Jahren"},"content":{"rendered":"\n<p>Umweltfreundlich<\/p>\n\n\n\n<p>Weniger Kilometer<\/p>\n\n\n\n<p>Virtuelles Reisen<\/p>\n\n\n\n<p>Weniger oft, aber l\u00e4nger &#8211; Reise als Lebenseinstellung, besonderer Lebensabschnitt<\/p>\n\n\n\n<p>Die zuk\u00fcnftige \u201cGR\u00dcNE ART ZU REISEN\u201d &#8211; GO GREEN&nbsp;<\/p>\n\n\n\n<p>Travel,&nbsp;but&nbsp;travel&nbsp;green&nbsp;<\/p>\n\n\n\n<p>Reise, aber GREEN&nbsp;<\/p>\n\n\n\n<p>Was bringt uns die nahe Zukunft&nbsp;<\/p>\n\n\n\n<p>4&#215;4 (pick-ups)&nbsp;<\/p>\n\n\n\n<p>Vans&nbsp;<\/p>\n\n\n\n<p>Trucks&nbsp;<\/p>\n\n\n\n<p>Flugreisen&nbsp;<\/p>\n\n\n\n<p>M\u00fcll&nbsp;entsorgen,&nbsp;kein&nbsp;Wasser&nbsp;verschwenden,&nbsp;biologisch&nbsp;abbaubare&nbsp;Seifen,&nbsp;nachhaltige&nbsp;Produkte,&nbsp;Vermeidung&nbsp;von Plastik,&nbsp;Recyclen,&nbsp;etc&nbsp;ist&nbsp;f\u00fcr&nbsp;uns&nbsp;ohnedies&nbsp;au\u00dfer&nbsp;Frage und&nbsp;gelebte&nbsp;Normalit\u00e4t&nbsp;<\/p>\n\n\n\n<p>Was wir jedoch bereits jetzt f\u00fcr die Umwelt tun k\u00f6nnen:&nbsp;&nbsp;<\/p>\n\n\n\n<p>Aktuelle Alternativen zum Fahrzeug mit Verbrennungsmotor:&nbsp;<\/p>\n\n\n\n<p>Hiking,&nbsp;trekking&nbsp;<\/p>\n\n\n\n<p>Bicycle, e-Bike&nbsp;<\/p>\n\n\n\n<p>Sharing,&nbsp;Vermietung, Pool an&nbsp;Nutzern&nbsp;von&nbsp;Fahrzeugen&nbsp;<\/p>\n\n\n\n<p>Beim Fliegen wird es mit Alternativen schwierig, daher hilft nur Fliegen zu reduzieren, bis 2035 das Flugzeitalter mit Wasserstoff beginnt&nbsp;<\/p>\n\n\n\n<p>Fl\u00fcge reduzieren, bleibe l\u00e4nger, fliege weniger&nbsp;<\/p>\n\n\n\n<p>Gute Neuigkeiten&nbsp;f\u00fcr umweltfreundlichere Flugreisen und Lufttransport&nbsp;in der Zukunft&nbsp;<\/p>\n\n\n\n<p>Inmitten, in der von der Corona-Krise schwer in Mitleidenschaft gezogenen Luftfahrtbranche, pr\u00e4sentiert AIRBUS&nbsp;seine Pl\u00e4ne f\u00fcr&nbsp;Wasserstoffgetriebene Flugzeuge.&nbsp;<\/p>\n\n\n\n<p>Drei Konzepte wurden vorgestellt.&nbsp;Ein Turbofan-Design (120 bis 200 Passagiere) mit einer Reichweite von mehr als 2.000 Seemeilen und ein Turboprop-Design (f\u00fcr bis zu 100 Passagiere),&nbsp;mit einer Reichweite von&nbsp;mehr als 1.000 Seemeilen.&nbsp;&nbsp;<\/p>\n\n\n\n<p>Diese beiden&nbsp;Konzepte&nbsp;werden&nbsp;durch Wasserstoffverbrennung in modifizierten Gasturbinentriebwerken&nbsp;angetrieben.&nbsp;<\/p>\n\n\n\n<figure class=\"wp-block-image size-full\"><img loading=\"lazy\" decoding=\"async\" width=\"800\" height=\"450\" src=\"https:\/\/zeit.reise\/community\/wp-content\/uploads\/2021\/11\/image.jpeg\" alt=\"\" class=\"wp-image-109\" srcset=\"https:\/\/zeit.reise\/staging\/wp-content\/uploads\/2021\/11\/image.jpeg 800w, https:\/\/zeit.reise\/staging\/wp-content\/uploads\/2021\/11\/image-300x169.jpeg 300w, https:\/\/zeit.reise\/staging\/wp-content\/uploads\/2021\/11\/image-768x432.jpeg 768w\" sizes=\"auto, (max-width: 800px) 100vw, 800px\" \/><\/figure>\n\n\n\n<p>Beim dritten handelt es sich um ein Konzept mit \u201eBlended-Wing-Body\u201c (bis zu 200 Passagiere), bei dem die Fl\u00fcgel mit dem Hauptk\u00f6rper des Flugzeugs verschmelzen und eine \u00e4hnliche Reichweite wie beim Turbofan-Konzept aufweisen.&nbsp;<img decoding=\"async\" src=\"blob:https:\/\/zeit.reise\/f7dafeba-7eae-483d-b3fe-df1e9f09af61\"><\/p>\n","protected":false},"excerpt":{"rendered":"<p>Umweltfreundlich Weniger Kilometer Virtuelles Reisen Weniger oft, aber l\u00e4nger &#8211; Reise als Lebenseinstellung, besonderer Lebensabschnitt Die zuk\u00fcnftige \u201cGR\u00dcNE ART ZU REISEN\u201d &#8211; GO GREEN&nbsp; Travel,&nbsp;but&nbsp;travel&nbsp;green&nbsp; Reise, aber GREEN&nbsp; Was bringt uns die nahe Zukunft&nbsp; 4&#215;4 (pick-ups)&nbsp; Vans&nbsp; Trucks&nbsp; Flugreisen&nbsp; M\u00fcll&nbsp;entsorgen,&nbsp;kein&nbsp;Wasser&nbsp;verschwenden,&nbsp;biologisch&nbsp;abbaubare&nbsp;Seifen,&nbsp;nachhaltige&nbsp;Produkte,&nbsp;Vermeidung&nbsp;von Plastik,&nbsp;Recyclen,&nbsp;etc&nbsp;ist&nbsp;f\u00fcr&nbsp;uns&nbsp;ohnedies&nbsp;au\u00dfer&nbsp;Frage und&nbsp;gelebte&nbsp;Normalit\u00e4t&nbsp; Was wir jedoch bereits jetzt f\u00fcr die Umwelt tun k\u00f6nnen:&nbsp;&nbsp; Aktuelle Alternativen zum [&hellip;]<\/p>\n","protected":false},"author":1,"featured_media":0,"parent":94,"menu_order":0,"comment_status":"closed","ping_status":"closed","template":"","meta":{"footnotes":""},"class_list":["post-108","page","type-page","status-publish","hentry"],"yoast_head":"<!-- This site is optimized with the Yoast SEO plugin v26.6 - https:\/\/yoast.com\/wordpress\/plugins\/seo\/ -->\n<title>Reisen in 10 Jahren - ZEIT.REISE<\/title>\n<meta name=\"robots\" content=\"noindex, follow, max-snippet:-1, max-image-preview:large, max-video-preview:-1\" \/>\n<meta property=\"og:locale\" content=\"en_US\" \/>\n<meta property=\"og:type\" content=\"article\" \/>\n<meta property=\"og:title\" content=\"Reisen in 10 Jahren - ZEIT.REISE\" \/>\n<meta property=\"og:description\" content=\"Umweltfreundlich Weniger Kilometer Virtuelles Reisen Weniger oft, aber l\u00e4nger &#8211; Reise als Lebenseinstellung, besonderer Lebensabschnitt Die zuk\u00fcnftige \u201cGR\u00dcNE ART ZU REISEN\u201d &#8211; GO GREEN&nbsp; Travel,&nbsp;but&nbsp;travel&nbsp;green&nbsp; Reise, aber GREEN&nbsp; Was bringt uns die nahe Zukunft&nbsp; 4&#215;4 (pick-ups)&nbsp; Vans&nbsp; Trucks&nbsp; Flugreisen&nbsp; M\u00fcll&nbsp;entsorgen,&nbsp;kein&nbsp;Wasser&nbsp;verschwenden,&nbsp;biologisch&nbsp;abbaubare&nbsp;Seifen,&nbsp;nachhaltige&nbsp;Produkte,&nbsp;Vermeidung&nbsp;von Plastik,&nbsp;Recyclen,&nbsp;etc&nbsp;ist&nbsp;f\u00fcr&nbsp;uns&nbsp;ohnedies&nbsp;au\u00dfer&nbsp;Frage und&nbsp;gelebte&nbsp;Normalit\u00e4t&nbsp; Was wir jedoch bereits jetzt f\u00fcr die Umwelt tun k\u00f6nnen:&nbsp;&nbsp; Aktuelle Alternativen zum [&hellip;]\" \/>\n<meta property=\"og:url\" content=\"https:\/\/zeit.reise\/staging\/beitraege-magazin\/just-my-2-cent\/reisen-in-10-jahren\/\" \/>\n<meta property=\"og:site_name\" content=\"ZEIT.REISE\" \/>\n<meta property=\"article:publisher\" content=\"https:\/\/www.facebook.com\/meineZEITmeineREISE\/\" \/>\n<meta property=\"article:modified_time\" content=\"2021-11-14T16:59:49+00:00\" \/>\n<meta property=\"og:image\" content=\"https:\/\/zeit.reise\/community\/wp-content\/uploads\/2021\/11\/image.jpeg\" \/>\n<meta name=\"twitter:card\" content=\"summary_large_image\" \/>\n<meta name=\"twitter:site\" content=\"@zeit_reise\" \/>\n<meta name=\"twitter:label1\" content=\"Est. reading time\" \/>\n\t<meta name=\"twitter:data1\" content=\"1 minute\" \/>\n<script type=\"application\/ld+json\" class=\"yoast-schema-graph\">{\"@context\":\"https:\/\/schema.org\",\"@graph\":[{\"@type\":\"WebPage\",\"@id\":\"https:\/\/zeit.reise\/staging\/beitraege-magazin\/just-my-2-cent\/reisen-in-10-jahren\/\",\"url\":\"https:\/\/zeit.reise\/staging\/beitraege-magazin\/just-my-2-cent\/reisen-in-10-jahren\/\",\"name\":\"Reisen in 10 Jahren - ZEIT.REISE\",\"isPartOf\":{\"@id\":\"https:\/\/zeit.reise\/staging\/#website\"},\"primaryImageOfPage\":{\"@id\":\"https:\/\/zeit.reise\/staging\/beitraege-magazin\/just-my-2-cent\/reisen-in-10-jahren\/#primaryimage\"},\"image\":{\"@id\":\"https:\/\/zeit.reise\/staging\/beitraege-magazin\/just-my-2-cent\/reisen-in-10-jahren\/#primaryimage\"},\"thumbnailUrl\":\"https:\/\/zeit.reise\/community\/wp-content\/uploads\/2021\/11\/image.jpeg\",\"datePublished\":\"2021-11-07T16:14:44+00:00\",\"dateModified\":\"2021-11-14T16:59:49+00:00\",\"breadcrumb\":{\"@id\":\"https:\/\/zeit.reise\/staging\/beitraege-magazin\/just-my-2-cent\/reisen-in-10-jahren\/#breadcrumb\"},\"inLanguage\":\"en-US\",\"potentialAction\":[{\"@type\":\"ReadAction\",\"target\":[\"https:\/\/zeit.reise\/staging\/beitraege-magazin\/just-my-2-cent\/reisen-in-10-jahren\/\"]}]},{\"@type\":\"ImageObject\",\"inLanguage\":\"en-US\",\"@id\":\"https:\/\/zeit.reise\/staging\/beitraege-magazin\/just-my-2-cent\/reisen-in-10-jahren\/#primaryimage\",\"url\":\"https:\/\/zeit.reise\/community\/wp-content\/uploads\/2021\/11\/image.jpeg\",\"contentUrl\":\"https:\/\/zeit.reise\/community\/wp-content\/uploads\/2021\/11\/image.jpeg\"},{\"@type\":\"BreadcrumbList\",\"@id\":\"https:\/\/zeit.reise\/staging\/beitraege-magazin\/just-my-2-cent\/reisen-in-10-jahren\/#breadcrumb\",\"itemListElement\":[{\"@type\":\"ListItem\",\"position\":1,\"name\":\"Home\",\"item\":\"https:\/\/zeit.reise\/staging\/\"},{\"@type\":\"ListItem\",\"position\":2,\"name\":\"Beitr\u00e4ge | Magazin\",\"item\":\"https:\/\/zeit.reise\/staging\/beitraege-magazin\/\"},{\"@type\":\"ListItem\",\"position\":3,\"name\":\"Just My 2 Cent\",\"item\":\"https:\/\/zeit.reise\/staging\/beitraege-magazin\/just-my-2-cent\/\"},{\"@type\":\"ListItem\",\"position\":4,\"name\":\"Reisen in 10 Jahren\"}]},{\"@type\":\"WebSite\",\"@id\":\"https:\/\/zeit.reise\/staging\/#website\",\"url\":\"https:\/\/zeit.reise\/staging\/\",\"name\":\"ZEIT.REISE\",\"description\":\"Exploring Planet Earth\",\"publisher\":{\"@id\":\"https:\/\/zeit.reise\/staging\/#organization\"},\"potentialAction\":[{\"@type\":\"SearchAction\",\"target\":{\"@type\":\"EntryPoint\",\"urlTemplate\":\"https:\/\/zeit.reise\/staging\/?s={search_term_string}\"},\"query-input\":{\"@type\":\"PropertyValueSpecification\",\"valueRequired\":true,\"valueName\":\"search_term_string\"}}],\"inLanguage\":\"en-US\"},{\"@type\":\"Organization\",\"@id\":\"https:\/\/zeit.reise\/staging\/#organization\",\"name\":\"ZEIT.REISE\",\"url\":\"https:\/\/zeit.reise\/staging\/\",\"logo\":{\"@type\":\"ImageObject\",\"inLanguage\":\"en-US\",\"@id\":\"https:\/\/zeit.reise\/staging\/#\/schema\/logo\/image\/\",\"url\":\"https:\/\/zeit.reise\/staging\/wp-content\/uploads\/2021\/11\/ZeitReise_Logo_RGB.png\",\"contentUrl\":\"https:\/\/zeit.reise\/staging\/wp-content\/uploads\/2021\/11\/ZeitReise_Logo_RGB.png\",\"width\":4215,\"height\":3887,\"caption\":\"ZEIT.REISE\"},\"image\":{\"@id\":\"https:\/\/zeit.reise\/staging\/#\/schema\/logo\/image\/\"},\"sameAs\":[\"https:\/\/www.facebook.com\/meineZEITmeineREISE\/\",\"https:\/\/x.com\/zeit_reise\",\"https:\/\/www.instagram.com\/zeit.reise_\/\",\"https:\/\/www.pinterest.at\/zeit_reise\/\",\"https:\/\/www.youtube.com\/channel\/UCYXUOAgpto2yntxx2TFronQ\"]}]}<\/script>\n<!-- \/ Yoast SEO plugin. -->","yoast_head_json":{"title":"Reisen in 10 Jahren - ZEIT.REISE","robots":{"index":"noindex","follow":"follow","max-snippet":"max-snippet:-1","max-image-preview":"max-image-preview:large","max-video-preview":"max-video-preview:-1"},"og_locale":"en_US","og_type":"article","og_title":"Reisen in 10 Jahren - ZEIT.REISE","og_description":"Umweltfreundlich Weniger Kilometer Virtuelles Reisen Weniger oft, aber l\u00e4nger &#8211; Reise als Lebenseinstellung, besonderer Lebensabschnitt Die zuk\u00fcnftige \u201cGR\u00dcNE ART ZU REISEN\u201d &#8211; GO GREEN&nbsp; Travel,&nbsp;but&nbsp;travel&nbsp;green&nbsp; Reise, aber GREEN&nbsp; Was bringt uns die nahe Zukunft&nbsp; 4&#215;4 (pick-ups)&nbsp; Vans&nbsp; Trucks&nbsp; Flugreisen&nbsp; M\u00fcll&nbsp;entsorgen,&nbsp;kein&nbsp;Wasser&nbsp;verschwenden,&nbsp;biologisch&nbsp;abbaubare&nbsp;Seifen,&nbsp;nachhaltige&nbsp;Produkte,&nbsp;Vermeidung&nbsp;von Plastik,&nbsp;Recyclen,&nbsp;etc&nbsp;ist&nbsp;f\u00fcr&nbsp;uns&nbsp;ohnedies&nbsp;au\u00dfer&nbsp;Frage und&nbsp;gelebte&nbsp;Normalit\u00e4t&nbsp; Was wir jedoch bereits jetzt f\u00fcr die Umwelt tun k\u00f6nnen:&nbsp;&nbsp; Aktuelle Alternativen zum [&hellip;]","og_url":"https:\/\/zeit.reise\/staging\/beitraege-magazin\/just-my-2-cent\/reisen-in-10-jahren\/","og_site_name":"ZEIT.REISE","article_publisher":"https:\/\/www.facebook.com\/meineZEITmeineREISE\/","article_modified_time":"2021-11-14T16:59:49+00:00","og_image":[{"url":"https:\/\/zeit.reise\/community\/wp-content\/uploads\/2021\/11\/image.jpeg","type":"","width":"","height":""}],"twitter_card":"summary_large_image","twitter_site":"@zeit_reise","twitter_misc":{"Est. reading time":"1 minute"},"schema":{"@context":"https:\/\/schema.org","@graph":[{"@type":"WebPage","@id":"https:\/\/zeit.reise\/staging\/beitraege-magazin\/just-my-2-cent\/reisen-in-10-jahren\/","url":"https:\/\/zeit.reise\/staging\/beitraege-magazin\/just-my-2-cent\/reisen-in-10-jahren\/","name":"Reisen in 10 Jahren - ZEIT.REISE","isPartOf":{"@id":"https:\/\/zeit.reise\/staging\/#website"},"primaryImageOfPage":{"@id":"https:\/\/zeit.reise\/staging\/beitraege-magazin\/just-my-2-cent\/reisen-in-10-jahren\/#primaryimage"},"image":{"@id":"https:\/\/zeit.reise\/staging\/beitraege-magazin\/just-my-2-cent\/reisen-in-10-jahren\/#primaryimage"},"thumbnailUrl":"https:\/\/zeit.reise\/community\/wp-content\/uploads\/2021\/11\/image.jpeg","datePublished":"2021-11-07T16:14:44+00:00","dateModified":"2021-11-14T16:59:49+00:00","breadcrumb":{"@id":"https:\/\/zeit.reise\/staging\/beitraege-magazin\/just-my-2-cent\/reisen-in-10-jahren\/#breadcrumb"},"inLanguage":"en-US","potentialAction":[{"@type":"ReadAction","target":["https:\/\/zeit.reise\/staging\/beitraege-magazin\/just-my-2-cent\/reisen-in-10-jahren\/"]}]},{"@type":"ImageObject","inLanguage":"en-US","@id":"https:\/\/zeit.reise\/staging\/beitraege-magazin\/just-my-2-cent\/reisen-in-10-jahren\/#primaryimage","url":"https:\/\/zeit.reise\/community\/wp-content\/uploads\/2021\/11\/image.jpeg","contentUrl":"https:\/\/zeit.reise\/community\/wp-content\/uploads\/2021\/11\/image.jpeg"},{"@type":"BreadcrumbList","@id":"https:\/\/zeit.reise\/staging\/beitraege-magazin\/just-my-2-cent\/reisen-in-10-jahren\/#breadcrumb","itemListElement":[{"@type":"ListItem","position":1,"name":"Home","item":"https:\/\/zeit.reise\/staging\/"},{"@type":"ListItem","position":2,"name":"Beitr\u00e4ge | Magazin","item":"https:\/\/zeit.reise\/staging\/beitraege-magazin\/"},{"@type":"ListItem","position":3,"name":"Just My 2 Cent","item":"https:\/\/zeit.reise\/staging\/beitraege-magazin\/just-my-2-cent\/"},{"@type":"ListItem","position":4,"name":"Reisen in 10 Jahren"}]},{"@type":"WebSite","@id":"https:\/\/zeit.reise\/staging\/#website","url":"https:\/\/zeit.reise\/staging\/","name":"ZEIT.REISE","description":"Exploring Planet Earth","publisher":{"@id":"https:\/\/zeit.reise\/staging\/#organization"},"potentialAction":[{"@type":"SearchAction","target":{"@type":"EntryPoint","urlTemplate":"https:\/\/zeit.reise\/staging\/?s={search_term_string}"},"query-input":{"@type":"PropertyValueSpecification","valueRequired":true,"valueName":"search_term_string"}}],"inLanguage":"en-US"},{"@type":"Organization","@id":"https:\/\/zeit.reise\/staging\/#organization","name":"ZEIT.REISE","url":"https:\/\/zeit.reise\/staging\/","logo":{"@type":"ImageObject","inLanguage":"en-US","@id":"https:\/\/zeit.reise\/staging\/#\/schema\/logo\/image\/","url":"https:\/\/zeit.reise\/staging\/wp-content\/uploads\/2021\/11\/ZeitReise_Logo_RGB.png","contentUrl":"https:\/\/zeit.reise\/staging\/wp-content\/uploads\/2021\/11\/ZeitReise_Logo_RGB.png","width":4215,"height":3887,"caption":"ZEIT.REISE"},"image":{"@id":"https:\/\/zeit.reise\/staging\/#\/schema\/logo\/image\/"},"sameAs":["https:\/\/www.facebook.com\/meineZEITmeineREISE\/","https:\/\/x.com\/zeit_reise","https:\/\/www.instagram.com\/zeit.reise_\/","https:\/\/www.pinterest.at\/zeit_reise\/","https:\/\/www.youtube.com\/channel\/UCYXUOAgpto2yntxx2TFronQ"]}]}},"_links":{"self":[{"href":"https:\/\/zeit.reise\/staging\/wp-json\/wp\/v2\/pages\/108","targetHints":{"allow":["GET"]}}],"collection":[{"href":"https:\/\/zeit.reise\/staging\/wp-json\/wp\/v2\/pages"}],"about":[{"href":"https:\/\/zeit.reise\/staging\/wp-json\/wp\/v2\/types\/page"}],"author":[{"embeddable":true,"href":"https:\/\/zeit.reise\/staging\/wp-json\/wp\/v2\/users\/1"}],"replies":[{"embeddable":true,"href":"https:\/\/zeit.reise\/staging\/wp-json\/wp\/v2\/comments?post=108"}],"version-history":[{"count":0,"href":"https:\/\/zeit.reise\/staging\/wp-json\/wp\/v2\/pages\/108\/revisions"}],"up":[{"embeddable":true,"href":"https:\/\/zeit.reise\/staging\/wp-json\/wp\/v2\/pages\/94"}],"wp:attachment":[{"href":"https:\/\/zeit.reise\/staging\/wp-json\/wp\/v2\/media?parent=108"}],"curies":[{"name":"wp","href":"https:\/\/api.w.org\/{rel}","templated":true}]}}